{"id":741917,"date":"2025-03-03T18:18:01","date_gmt":"2025-03-03T17:18:01","guid":{"rendered":"https:\/\/stoic-curie.212-227-153-4.plesk.page\/producto\/nosac-za-vanbrodski-motor-standard-max-30-kg\/"},"modified":"2026-02-25T00:00:57","modified_gmt":"2026-02-25T00:00:57","slug":"nosac-za-vanbrodski-motor-standard-max-30-kg","status":"publish","type":"product","link":"https:\/\/stoic-curie.212-227-153-4.plesk.page\/hr\/product\/nosac-za-vanbrodski-motor-standard-max-30-kg\/","title":{"rendered":"Nosa\u010d za vanbrodski motor Standard max 30 kg"},"content":{"rendered":"<p>Nosa\u010d za vanbrodski motor Standard max 30 kg &#8211; <\/p>\n<p>Podesivi nosa\u010d za vanbrodski motor od nehr\u0111aju\u0107eg \u010delika i pomorskog \u0161pera. Dimenzije 270 x 150 x H170 mm.<\/p>\n","protected":false},"excerpt":{"rendered":"<p>Nosa\u010d za vanbrodski motor Standard max 30 kg &#8211; Podesivi nosa\u010d za vanbrodski motor od nehr\u0111aju\u0107eg \u010delika i pomorskog \u0161pera.<\/p>\n","protected":false},"featured_media":5943234,"comment_status":"open","ping_status":"closed","template":"","meta":[],"product_brand":[3491],"product_cat":[1827],"product_tag":[],"class_list":{"0":"post-741917","1":"product","2":"type-product","3":"status-publish","4":"has-post-thumbnail","6":"product_brand-trem-hr","7":"product_cat-dodatna-oprema-za-vanbrodske-motore","9":"first","10":"instock","11":"shipping-taxable","12":"purchasable","13":"product-type-simple"},"_links":{"self":[{"href":"https:\/\/stoic-curie.212-227-153-4.plesk.page\/hr\/wp-json\/wp\/v2\/product\/741917","targetHints":{"allow":["GET"]}}],"collection":[{"href":"https:\/\/stoic-curie.212-227-153-4.plesk.page\/hr\/wp-json\/wp\/v2\/product"}],"about":[{"href":"https:\/\/stoic-curie.212-227-153-4.plesk.page\/hr\/wp-json\/wp\/v2\/types\/product"}],"replies":[{"embeddable":true,"href":"https:\/\/stoic-curie.212-227-153-4.plesk.page\/hr\/wp-json\/wp\/v2\/comments?post=741917"}],"version-history":[{"count":0,"href":"https:\/\/stoic-curie.212-227-153-4.plesk.page\/hr\/wp-json\/wp\/v2\/product\/741917\/revisions"}],"wp:featuredmedia":[{"embeddable":true,"href":"https:\/\/stoic-curie.212-227-153-4.plesk.page\/hr\/wp-json\/wp\/v2\/media\/5943234"}],"wp:attachment":[{"href":"https:\/\/stoic-curie.212-227-153-4.plesk.page\/hr\/wp-json\/wp\/v2\/media?parent=741917"}],"wp:term":[{"taxonomy":"product_brand","embeddable":true,"href":"https:\/\/stoic-curie.212-227-153-4.plesk.page\/hr\/wp-json\/wp\/v2\/product_brand?post=741917"},{"taxonomy":"product_cat","embeddable":true,"href":"https:\/\/stoic-curie.212-227-153-4.plesk.page\/hr\/wp-json\/wp\/v2\/product_cat?post=741917"},{"taxonomy":"product_tag","embeddable":true,"href":"https:\/\/stoic-curie.212-227-153-4.plesk.page\/hr\/wp-json\/wp\/v2\/product_tag?post=741917"}],"curies":[{"name":"wp","href":"https:\/\/api.w.org\/{rel}","templated":true}]}}