{"id":741919,"date":"2025-03-03T18:18:01","date_gmt":"2025-03-03T17:18:01","guid":{"rendered":"https:\/\/stoic-curie.212-227-153-4.plesk.page\/producto\/nosaci-sohe-za-montazu-kroz-palubu-d40-h180cm-120kg\/"},"modified":"2026-02-25T00:00:57","modified_gmt":"2026-02-25T00:00:57","slug":"nosaci-sohe-za-montazu-kroz-palubu-d40-h180cm-120kg","status":"publish","type":"product","link":"https:\/\/stoic-curie.212-227-153-4.plesk.page\/hr\/product\/nosaci-sohe-za-montazu-kroz-palubu-d40-h180cm-120kg\/","title":{"rendered":"Nosa\u010di sohe D40 H180cm 120kg"},"content":{"rendered":"<p>Nosa\u010di sohe D40 H180cm 120kg &#8211; <\/p>\n<p>Polirane nosa\u010de za brodove od nehr\u0111aju\u0107eg \u010delika, koji se montiraju kroz palubu, dostupni su za kupnju u parovima.<\/p>\n<p>Svaki par uklju\u010duje vodilice, temeljne priklju\u010dke, u\u017ead, remenice, bolarde, blokove i kuke. Odjeljak ispod palube dizajniran je du\u017ee radi lak\u0161e prilagodbe. Ovi nosa\u010di mogu se okretati u svojim nosa\u010dima i mogu se ukloniti radi lak\u0161eg premje\u0161tanja kada se ne koriste.<\/p>\n<p>Izra\u0111eni su od cijevi od nehr\u0111aju\u0107eg \u010delika s ogledalom promjera 40 mm, a vertikalne \u0161ipke dose\u017eu visinu od 1800 mm i mogu se skratiti ako je potrebno.<\/p>\n<p>Priklju\u010dne vodilice od nehr\u0111aju\u0107eg \u010delika dizajnirane su sli\u010dno onima na \u0161tapovima za vodenje, \u0161to omogu\u0107uje lako uklanjanje vertikalnog nosa\u010da kada se ne koristi.<\/p>\n<p>Sljede\u0107i dodaci uklju\u010deni su s nosa\u010dima:<\/p>\n<ul>\n<li>Remenice od nehr\u0111aju\u0107eg \u010delika<\/li>\n<li>Kuke od nehr\u0111aju\u0107eg \u010delika<\/li>\n<li>Brze kuke od nehr\u0111aju\u0107eg \u010delika<\/li>\n<li>Nylon u\u017ead<\/li>\n<li>Crni nylon cleati<\/li>\n<li>Priklju\u010dci od nehr\u0111aju\u0107eg \u010delika za bazu<\/li>\n<li>Priklju\u010dci od nehr\u0111aju\u0107eg \u010delika za palubu<\/li>\n<\/ul>\n<p>Postavljanje nosa\u010da mo\u017ee se izvr\u0161iti na va\u0161em omiljenom mjestu.<\/p>\n<p>Ovi nosa\u010di od nehr\u0111aju\u0107eg \u010delika idealni su za podizanje tendera, gumenjaka i mogu tako\u0111er funkcionirati kao podiza\u010d motora.<\/p>\n","protected":false},"excerpt":{"rendered":"<p>Nosa\u010di sohe D40 H180cm 120kg &#8211; Polirane nosa\u010de za brodove od nehr\u0111aju\u0107eg \u010delika, koji se montiraju kroz palubu, dostupni su<\/p>\n","protected":false},"featured_media":5943237,"comment_status":"open","ping_status":"closed","template":"","meta":[],"product_brand":[3121],"product_cat":[1840],"product_tag":[],"class_list":{"0":"post-741919","1":"product","2":"type-product","3":"status-publish","4":"has-post-thumbnail","6":"product_brand-marinetech-hr","7":"product_cat-sohe","9":"first","10":"instock","11":"shipping-taxable","12":"purchasable","13":"product-type-simple"},"_links":{"self":[{"href":"https:\/\/stoic-curie.212-227-153-4.plesk.page\/hr\/wp-json\/wp\/v2\/product\/741919","targetHints":{"allow":["GET"]}}],"collection":[{"href":"https:\/\/stoic-curie.212-227-153-4.plesk.page\/hr\/wp-json\/wp\/v2\/product"}],"about":[{"href":"https:\/\/stoic-curie.212-227-153-4.plesk.page\/hr\/wp-json\/wp\/v2\/types\/product"}],"replies":[{"embeddable":true,"href":"https:\/\/stoic-curie.212-227-153-4.plesk.page\/hr\/wp-json\/wp\/v2\/comments?post=741919"}],"version-history":[{"count":0,"href":"https:\/\/stoic-curie.212-227-153-4.plesk.page\/hr\/wp-json\/wp\/v2\/product\/741919\/revisions"}],"wp:featuredmedia":[{"embeddable":true,"href":"https:\/\/stoic-curie.212-227-153-4.plesk.page\/hr\/wp-json\/wp\/v2\/media\/5943237"}],"wp:attachment":[{"href":"https:\/\/stoic-curie.212-227-153-4.plesk.page\/hr\/wp-json\/wp\/v2\/media?parent=741919"}],"wp:term":[{"taxonomy":"product_brand","embeddable":true,"href":"https:\/\/stoic-curie.212-227-153-4.plesk.page\/hr\/wp-json\/wp\/v2\/product_brand?post=741919"},{"taxonomy":"product_cat","embeddable":true,"href":"https:\/\/stoic-curie.212-227-153-4.plesk.page\/hr\/wp-json\/wp\/v2\/product_cat?post=741919"},{"taxonomy":"product_tag","embeddable":true,"href":"https:\/\/stoic-curie.212-227-153-4.plesk.page\/hr\/wp-json\/wp\/v2\/product_tag?post=741919"}],"curies":[{"name":"wp","href":"https:\/\/api.w.org\/{rel}","templated":true}]}}