{"id":741920,"date":"2025-03-03T18:18:02","date_gmt":"2025-03-03T17:18:02","guid":{"rendered":"https:\/\/stoic-curie.212-227-153-4.plesk.page\/producto\/nosaci-sohe-za-montazu-kroz-palubu-d60-h180cm-170kg\/"},"modified":"2026-02-25T00:00:57","modified_gmt":"2026-02-25T00:00:57","slug":"nosaci-sohe-za-montazu-kroz-palubu-d60-h180cm-170kg","status":"publish","type":"product","link":"https:\/\/stoic-curie.212-227-153-4.plesk.page\/hr\/product\/nosaci-sohe-za-montazu-kroz-palubu-d60-h180cm-170kg\/","title":{"rendered":"Nosa\u010di sohe D60 H180cm 170kg"},"content":{"rendered":"<p>Nosa\u010di sohe D60 H180cm 170kg &#8211; <\/p>\n<p style=\"color: rgb(34, 34, 34); font-family: Arial, Helvetica, sans-serif; font-size: small;\">Polirane brodske davite od nehr\u0111aju\u0107eg \u010delika dostupne su za kupnju u parovima.<\/p>\n<p style=\"color: rgb(34, 34, 34); font-family: Arial, Helvetica, sans-serif; font-size: small;\">Svaki par dolazi s vodi\u010dima, baznim spojnicama, u\u017eadima, koloturnicima, bolardima, blokovima i u\u0161icama. Dio ispod palube namjerno je dizajniran da bude dulji, olak\u0161avaju\u0107i prilagodbu. Ove davite mogu se okretati u svojim nosa\u010dima i mogu se ukloniti, omogu\u0107uju\u0107i jednostavno premje\u0161tanje kada se ne koriste.<\/p>\n<p style=\"color: rgb(34, 34, 34); font-family: Arial, Helvetica, sans-serif; font-size: small;\">Izra\u0111ene su od cijevi od nehr\u0111aju\u0107eg \u010delika s visokom sjajnom povr\u0161inom promjera 60 mm, a vertikalni stupovi dose\u017eu impresivnu visinu od 1800 mm. Ako je potrebno, mogu se skratiti na prikladniju veli\u010dinu.<\/p>\n<p style=\"color: rgb(34, 34, 34); font-family: Arial, Helvetica, sans-serif; font-size: small;\">Spremnici od nehr\u0111aju\u0107eg \u010delika sli\u010dni su onima na vodenoskim skijama, \u0161to omogu\u0107uje jednostavno uklanjanje vertikalne davite kada nije potrebna.<\/p>\n<p style=\"color: rgb(34, 34, 34); font-family: Arial, Helvetica, sans-serif; font-size: small;\">Uklju\u010deni su sljede\u0107i dodaci:<\/p>\n<ul style=\"color: rgb(34, 34, 34); font-family: Arial, Helvetica, sans-serif; font-size: small;\">\n<li>Koloturi od nehr\u0111aju\u0107eg \u010delika<\/li>\n<li>U\u0161ice od nehr\u0111aju\u0107eg \u010delika<\/li>\n<li>Brza kuka od nehr\u0111aju\u0107eg \u010delika<\/li>\n<li>Nylon u\u017ead<\/li>\n<li>Crni nylon cleats<\/li>\n<li>Bazni spremnici od nehr\u0111aju\u0107eg \u010delika<\/li>\n<li>Palubni spremnici od nehr\u0111aju\u0107eg \u010delika<\/li>\n<\/ul>\n<p style=\"color: rgb(34, 34, 34); font-family: Arial, Helvetica, sans-serif; font-size: small;\">Jednostavno instalirajte davite na \u017eeljenoj lokaciji.<\/p>\n<p style=\"color: rgb(34, 34, 34); font-family: Arial, Helvetica, sans-serif; font-size: small;\">Ove davite od nehr\u0111aju\u0107eg \u010delika savr\u0161ene su za podizanje malih \u010damaca, gumenjaka, a mogu poslu\u017eiti i kao dizalica za motore.<\/p>\n","protected":false},"excerpt":{"rendered":"<p>Nosa\u010di sohe D60 H180cm 170kg &#8211; Polirane brodske davite od nehr\u0111aju\u0107eg \u010delika dostupne su za kupnju u parovima. Svaki par<\/p>\n","protected":false},"featured_media":5943237,"comment_status":"open","ping_status":"closed","template":"","meta":[],"product_brand":[3121],"product_cat":[1840],"product_tag":[],"class_list":{"0":"post-741920","1":"product","2":"type-product","3":"status-publish","4":"has-post-thumbnail","6":"product_brand-marinetech-hr","7":"product_cat-sohe","9":"first","10":"instock","11":"shipping-taxable","12":"purchasable","13":"product-type-simple"},"_links":{"self":[{"href":"https:\/\/stoic-curie.212-227-153-4.plesk.page\/hr\/wp-json\/wp\/v2\/product\/741920","targetHints":{"allow":["GET"]}}],"collection":[{"href":"https:\/\/stoic-curie.212-227-153-4.plesk.page\/hr\/wp-json\/wp\/v2\/product"}],"about":[{"href":"https:\/\/stoic-curie.212-227-153-4.plesk.page\/hr\/wp-json\/wp\/v2\/types\/product"}],"replies":[{"embeddable":true,"href":"https:\/\/stoic-curie.212-227-153-4.plesk.page\/hr\/wp-json\/wp\/v2\/comments?post=741920"}],"version-history":[{"count":0,"href":"https:\/\/stoic-curie.212-227-153-4.plesk.page\/hr\/wp-json\/wp\/v2\/product\/741920\/revisions"}],"wp:featuredmedia":[{"embeddable":true,"href":"https:\/\/stoic-curie.212-227-153-4.plesk.page\/hr\/wp-json\/wp\/v2\/media\/5943237"}],"wp:attachment":[{"href":"https:\/\/stoic-curie.212-227-153-4.plesk.page\/hr\/wp-json\/wp\/v2\/media?parent=741920"}],"wp:term":[{"taxonomy":"product_brand","embeddable":true,"href":"https:\/\/stoic-curie.212-227-153-4.plesk.page\/hr\/wp-json\/wp\/v2\/product_brand?post=741920"},{"taxonomy":"product_cat","embeddable":true,"href":"https:\/\/stoic-curie.212-227-153-4.plesk.page\/hr\/wp-json\/wp\/v2\/product_cat?post=741920"},{"taxonomy":"product_tag","embeddable":true,"href":"https:\/\/stoic-curie.212-227-153-4.plesk.page\/hr\/wp-json\/wp\/v2\/product_tag?post=741920"}],"curies":[{"name":"wp","href":"https:\/\/api.w.org\/{rel}","templated":true}]}}