{"id":741923,"date":"2025-03-03T18:18:02","date_gmt":"2025-03-03T17:18:02","guid":{"rendered":"https:\/\/stoic-curie.212-227-153-4.plesk.page\/producto\/mostic-aluminijski-sklopivi-230x37cm-maksimalno-opterecenje-120kg\/"},"modified":"2026-02-25T00:00:57","modified_gmt":"2026-02-25T00:00:57","slug":"mostic-aluminijski-sklopivi-230x37cm-maksimalno-opterecenje-120kg","status":"publish","type":"product","link":"https:\/\/stoic-curie.212-227-153-4.plesk.page\/hr\/product\/mostic-aluminijski-sklopivi-230x37cm-maksimalno-opterecenje-120kg\/","title":{"rendered":"Mosti\u0107 aluminijski sklopivi 230cm"},"content":{"rendered":"<p>Mosti\u0107 aluminijski sklopivi 230cm &#8211; <\/p>\n<p style=\"color: rgb(34, 34, 34); font-family: Arial, Helvetica, sans-serif; font-size: small;\">Sa zadovoljstvom vam predstavljamo na\u0161 aluminijski sklopivi gangway s anodiziranim premazom, pa\u017eljivo dizajniran s neklizaju\u0107om stazom kako bismo prioritizirali va\u0161u sigurnost. BORKUM gangway nije samo estetski privla\u010dan, ve\u0107 je i prakti\u010dan i inovativan u svojoj konstrukciji. Izra\u0111en od robusnog aluminija, posjeduje sklopivi dizajn u sredini. Sve komponente su \u010dvrsto spojene vijcima, \u0161to omogu\u0107uje jednostavnu zamjenu i popravak ako je potrebno.<\/p>\n<p style=\"color: rgb(34, 34, 34); font-family: Arial, Helvetica, sans-serif; font-size: small;\">Ovaj sklopivi aluminijski gangway savr\u0161en je za \u010damce i uklju\u010duje neklizaju\u0107i aluminijski podest za dodatnu sigurnost. Opremljen je kota\u010dima i zakretanjem na 25 mm za dodatnu prakti\u010dnost. Gangway podr\u017eava maksimalno optere\u0107enje od 130 kg i osmi\u0161ljen je kako bi pru\u017eio stabilnu, neklizaju\u0107u povr\u0161inu za va\u0161u sigurnost. Mo\u017eete ga lako priklju\u010diti na svoj \u010damac pomo\u0107u klina koji se uklapa u ponu\u0111eni ulazni rukav.<\/p>\n<p style=\"color: rgb(34, 34, 34); font-family: Arial, Helvetica, sans-serif; font-size: small;\">Dr\u017ea\u010di rukohvata ve\u0107 su unaprijed montirani na strani gangwaya, a rukohvat se mo\u017ee kupiti zasebno. Ulazni rukavi za stra\u017enje montiranje dostupni su u pozitivnim-negativnim i vertikalnim konfiguracijama.<\/p>\n<p style=\"color: rgb(34, 34, 34); font-family: Arial, Helvetica, sans-serif; font-size: small;\"><strong>Tehni\u010dke specifikacije:<\/strong><\/p>\n<ul style=\"color: rgb(34, 34, 34); font-family: Arial, Helvetica, sans-serif; font-size: small;\">\n<li>Nosivost: Maksimalno 150 kg<\/li>\n<li>Sklopivo: 2 sekcije<\/li>\n<li>Dimenzije: 230 x 37 cm<\/li>\n<li>Sklopljena du\u017eina: 115,50 cm<\/li>\n<li>Pra\u0161ak: 10 kg<\/li>\n<li>Promjer montiraju\u0107eg klina: 25 mm<\/li>\n<\/ul>\n<p style=\"color: rgb(34, 34, 34); font-family: Arial, Helvetica, sans-serif; font-size: small;\">Ovaj gangway besprijekorno spaja funkcionalnost i stil, \u010dine\u0107i ga odli\u010dnim dodatkom va\u0161im plovnim avanturama.<\/p>\n","protected":false},"excerpt":{"rendered":"<p>Mosti\u0107 aluminijski sklopivi 230cm &#8211; Sa zadovoljstvom vam predstavljamo na\u0161 aluminijski sklopivi gangway s anodiziranim premazom, pa\u017eljivo dizajniran s neklizaju\u0107om<\/p>\n","protected":false},"featured_media":5938232,"comment_status":"open","ping_status":"closed","template":"","meta":[],"product_brand":[3491],"product_cat":[1612],"product_tag":[],"class_list":{"0":"post-741923","1":"product","2":"type-product","3":"status-publish","4":"has-post-thumbnail","6":"product_brand-trem-hr","7":"product_cat-gangways-za-brodove","9":"first","10":"instock","11":"shipping-taxable","12":"purchasable","13":"product-type-simple"},"_links":{"self":[{"href":"https:\/\/stoic-curie.212-227-153-4.plesk.page\/hr\/wp-json\/wp\/v2\/product\/741923","targetHints":{"allow":["GET"]}}],"collection":[{"href":"https:\/\/stoic-curie.212-227-153-4.plesk.page\/hr\/wp-json\/wp\/v2\/product"}],"about":[{"href":"https:\/\/stoic-curie.212-227-153-4.plesk.page\/hr\/wp-json\/wp\/v2\/types\/product"}],"replies":[{"embeddable":true,"href":"https:\/\/stoic-curie.212-227-153-4.plesk.page\/hr\/wp-json\/wp\/v2\/comments?post=741923"}],"version-history":[{"count":0,"href":"https:\/\/stoic-curie.212-227-153-4.plesk.page\/hr\/wp-json\/wp\/v2\/product\/741923\/revisions"}],"wp:featuredmedia":[{"embeddable":true,"href":"https:\/\/stoic-curie.212-227-153-4.plesk.page\/hr\/wp-json\/wp\/v2\/media\/5938232"}],"wp:attachment":[{"href":"https:\/\/stoic-curie.212-227-153-4.plesk.page\/hr\/wp-json\/wp\/v2\/media?parent=741923"}],"wp:term":[{"taxonomy":"product_brand","embeddable":true,"href":"https:\/\/stoic-curie.212-227-153-4.plesk.page\/hr\/wp-json\/wp\/v2\/product_brand?post=741923"},{"taxonomy":"product_cat","embeddable":true,"href":"https:\/\/stoic-curie.212-227-153-4.plesk.page\/hr\/wp-json\/wp\/v2\/product_cat?post=741923"},{"taxonomy":"product_tag","embeddable":true,"href":"https:\/\/stoic-curie.212-227-153-4.plesk.page\/hr\/wp-json\/wp\/v2\/product_tag?post=741923"}],"curies":[{"name":"wp","href":"https:\/\/api.w.org\/{rel}","templated":true}]}}