{"id":741924,"date":"2025-03-03T18:18:03","date_gmt":"2025-03-03T17:18:03","guid":{"rendered":"https:\/\/stoic-curie.212-227-153-4.plesk.page\/producto\/mostic-aluminijski-sklopivi-260x37cm\/"},"modified":"2026-02-25T00:00:57","modified_gmt":"2026-02-25T00:00:57","slug":"mostic-aluminijski-sklopivi-260x37cm","status":"publish","type":"product","link":"https:\/\/stoic-curie.212-227-153-4.plesk.page\/hr\/product\/mostic-aluminijski-sklopivi-260x37cm\/","title":{"rendered":"Mosti\u0107 aluminijski sklopivi 260cm"},"content":{"rendered":"<p>Mosti\u0107 aluminijski sklopivi 260cm &#8211; <\/p>\n<p style=\"color: rgb(34, 34, 34); font-family: Arial, Helvetica, sans-serif; font-size: small;\">Ova gangway ima \u010dvrst aluminijski okvir i podnicu. Uklju\u010duje kota\u010de, nosa\u010de za staja\u0107e i okretni klin za jednostavno postavljanje. Anodizirani aluminijski dizajn je lagan i ima protukliznu stazu za dodatnu sigurnost.<\/p>\n<p style=\"color: rgb(34, 34, 34); font-family: Arial, Helvetica, sans-serif; font-size: small;\">Gangway dolazi s provjerom klina i kota\u010dima, \u0161to ga \u010dini jednostavnim za kori\u0161tenje. Njegova lagana konstrukcija i protuklizna aluminijska platforma osiguravaju pouzdanu izvedbu.<\/p>\n<p style=\"color: rgb(34, 34, 34); font-family: Arial, Helvetica, sans-serif; font-size: small;\">Izra\u0111ena u potpunosti od ekstrudiranog aluminija, ovaj novi Super Light hodnik nudi odli\u010dnu vrijednost na globalnom tr\u017ei\u0161tu.<\/p>\n<p style=\"color: rgb(34, 34, 34); font-family: Arial, Helvetica, sans-serif; font-size: small;\">Specifikacije:<\/p>\n<ul style=\"color: rgb(34, 34, 34); font-family: Arial, Helvetica, sans-serif; font-size: small;\">\n<li>Du\u017eina: 2,60 m<\/li>\n<li>\u0160irina: 37 cm<\/li>\n<li>Sklopne dimenzije: 135 x 50 cm<\/li>\n<li>Maksimalna nosivost: 160 kg<\/li>\n<li>Te\u017eina: 12 kg<\/li>\n<\/ul>\n","protected":false},"excerpt":{"rendered":"<p>Mosti\u0107 aluminijski sklopivi 260cm &#8211; Ova gangway ima \u010dvrst aluminijski okvir i podnicu. Uklju\u010duje kota\u010de, nosa\u010de za staja\u0107e i okretni<\/p>\n","protected":false},"featured_media":5938232,"comment_status":"open","ping_status":"closed","template":"","meta":[],"product_brand":[3491],"product_cat":[1612],"product_tag":[],"class_list":{"0":"post-741924","1":"product","2":"type-product","3":"status-publish","4":"has-post-thumbnail","6":"product_brand-trem-hr","7":"product_cat-gangways-za-brodove","9":"first","10":"instock","11":"shipping-taxable","12":"purchasable","13":"product-type-simple"},"_links":{"self":[{"href":"https:\/\/stoic-curie.212-227-153-4.plesk.page\/hr\/wp-json\/wp\/v2\/product\/741924","targetHints":{"allow":["GET"]}}],"collection":[{"href":"https:\/\/stoic-curie.212-227-153-4.plesk.page\/hr\/wp-json\/wp\/v2\/product"}],"about":[{"href":"https:\/\/stoic-curie.212-227-153-4.plesk.page\/hr\/wp-json\/wp\/v2\/types\/product"}],"replies":[{"embeddable":true,"href":"https:\/\/stoic-curie.212-227-153-4.plesk.page\/hr\/wp-json\/wp\/v2\/comments?post=741924"}],"version-history":[{"count":0,"href":"https:\/\/stoic-curie.212-227-153-4.plesk.page\/hr\/wp-json\/wp\/v2\/product\/741924\/revisions"}],"wp:featuredmedia":[{"embeddable":true,"href":"https:\/\/stoic-curie.212-227-153-4.plesk.page\/hr\/wp-json\/wp\/v2\/media\/5938232"}],"wp:attachment":[{"href":"https:\/\/stoic-curie.212-227-153-4.plesk.page\/hr\/wp-json\/wp\/v2\/media?parent=741924"}],"wp:term":[{"taxonomy":"product_brand","embeddable":true,"href":"https:\/\/stoic-curie.212-227-153-4.plesk.page\/hr\/wp-json\/wp\/v2\/product_brand?post=741924"},{"taxonomy":"product_cat","embeddable":true,"href":"https:\/\/stoic-curie.212-227-153-4.plesk.page\/hr\/wp-json\/wp\/v2\/product_cat?post=741924"},{"taxonomy":"product_tag","embeddable":true,"href":"https:\/\/stoic-curie.212-227-153-4.plesk.page\/hr\/wp-json\/wp\/v2\/product_tag?post=741924"}],"curies":[{"name":"wp","href":"https:\/\/api.w.org\/{rel}","templated":true}]}}