{"id":741925,"date":"2025-03-03T18:18:03","date_gmt":"2025-03-03T17:18:03","guid":{"rendered":"https:\/\/stoic-curie.212-227-153-4.plesk.page\/producto\/rollbar-s-dvostrukom-cijevi-standard-d30-l2050-2400-h1300mm\/"},"modified":"2026-02-25T00:00:57","modified_gmt":"2026-02-25T00:00:57","slug":"rollbar-s-dvostrukom-cijevi-standard-d30-l2050-2400-h1300mm","status":"publish","type":"product","link":"https:\/\/stoic-curie.212-227-153-4.plesk.page\/hr\/product\/rollbar-s-dvostrukom-cijevi-standard-d30-l2050-2400-h1300mm\/","title":{"rendered":"Rollbar s dvostrukom cijevi Standard D30 L2050-2400 H1300mm"},"content":{"rendered":"<p>Rollbar s dvostrukom cijevi Standard D30 L2050-2400 H1300mm &#8211; <\/p>\n<p>Dubla \u0161ipka za rolanje od nehr\u0111aju\u0107eg \u010delika s poliranim ogledalom.<\/p>\n","protected":false},"excerpt":{"rendered":"<p>Rollbar s dvostrukom cijevi Standard D30 L2050-2400 H1300mm &#8211; Dubla \u0161ipka za rolanje od nehr\u0111aju\u0107eg \u010delika s poliranim ogledalom.<\/p>\n","protected":false},"featured_media":5943240,"comment_status":"open","ping_status":"closed","template":"","meta":[],"product_brand":[3121],"product_cat":[1837],"product_tag":[],"class_list":{"0":"post-741925","1":"product","2":"type-product","3":"status-publish","4":"has-post-thumbnail","6":"product_brand-marinetech-hr","7":"product_cat-roll-bar-pomocni-camci-i-pribor","9":"first","10":"outofstock","11":"shipping-taxable","12":"purchasable","13":"product-type-simple"},"_links":{"self":[{"href":"https:\/\/stoic-curie.212-227-153-4.plesk.page\/hr\/wp-json\/wp\/v2\/product\/741925","targetHints":{"allow":["GET"]}}],"collection":[{"href":"https:\/\/stoic-curie.212-227-153-4.plesk.page\/hr\/wp-json\/wp\/v2\/product"}],"about":[{"href":"https:\/\/stoic-curie.212-227-153-4.plesk.page\/hr\/wp-json\/wp\/v2\/types\/product"}],"replies":[{"embeddable":true,"href":"https:\/\/stoic-curie.212-227-153-4.plesk.page\/hr\/wp-json\/wp\/v2\/comments?post=741925"}],"version-history":[{"count":0,"href":"https:\/\/stoic-curie.212-227-153-4.plesk.page\/hr\/wp-json\/wp\/v2\/product\/741925\/revisions"}],"wp:featuredmedia":[{"embeddable":true,"href":"https:\/\/stoic-curie.212-227-153-4.plesk.page\/hr\/wp-json\/wp\/v2\/media\/5943240"}],"wp:attachment":[{"href":"https:\/\/stoic-curie.212-227-153-4.plesk.page\/hr\/wp-json\/wp\/v2\/media?parent=741925"}],"wp:term":[{"taxonomy":"product_brand","embeddable":true,"href":"https:\/\/stoic-curie.212-227-153-4.plesk.page\/hr\/wp-json\/wp\/v2\/product_brand?post=741925"},{"taxonomy":"product_cat","embeddable":true,"href":"https:\/\/stoic-curie.212-227-153-4.plesk.page\/hr\/wp-json\/wp\/v2\/product_cat?post=741925"},{"taxonomy":"product_tag","embeddable":true,"href":"https:\/\/stoic-curie.212-227-153-4.plesk.page\/hr\/wp-json\/wp\/v2\/product_tag?post=741925"}],"curies":[{"name":"wp","href":"https:\/\/api.w.org\/{rel}","templated":true}]}}