{"id":741928,"date":"2025-03-03T18:18:04","date_gmt":"2025-03-03T17:18:04","guid":{"rendered":"https:\/\/stoic-curie.212-227-153-4.plesk.page\/producto\/drzac-stapa-za-pecanje-odkromiranog-mesinga-podesivi-sa-dvostrukim-zglobom-h400mm-d40mm\/"},"modified":"2026-02-25T00:00:57","modified_gmt":"2026-02-25T00:00:57","slug":"drzac-stapa-za-pecanje-odkromiranog-mesinga-podesivi-sa-dvostrukim-zglobom-h400mm-d40mm","status":"publish","type":"product","link":"https:\/\/stoic-curie.212-227-153-4.plesk.page\/hr\/product\/drzac-stapa-za-pecanje-odkromiranog-mesinga-podesivi-sa-dvostrukim-zglobom-h400mm-d40mm\/","title":{"rendered":"Dr\u017eac \u0161tapa za pecanje odkromiranog mesinga podesivi sa dvostrukim zglobom, H400mm D40mm"},"content":{"rendered":"<p>Dr\u017eac \u0161tapa za pecanje odkromiranog mesinga podesivi sa dvostrukim zglobom, H400mm D40mm &#8211; <\/p>\n<p>Podesivi dr\u017ea\u010d \u0161tapa od kromiranog mesinga s dvostrukom rotiraju\u0107om osnovom i gumenom dojkom za za\u0161titu \u0161tapa.<\/p>\n","protected":false},"excerpt":{"rendered":"<p>Dr\u017eac \u0161tapa za pecanje odkromiranog mesinga podesivi sa dvostrukim zglobom, H400mm D40mm &#8211; Podesivi dr\u017ea\u010d \u0161tapa od kromiranog mesinga s<\/p>\n","protected":false},"featured_media":5943290,"comment_status":"open","ping_status":"closed","template":"","meta":[],"product_brand":[2946],"product_cat":[1680,1843],"product_tag":[],"class_list":{"0":"post-741928","1":"product","2":"type-product","3":"status-publish","4":"has-post-thumbnail","6":"product_brand-foresti-suardi-hr","7":"product_cat-drzaci-stapova-za-ribolov","8":"product_cat-oprema-za-ribolov-na-brodu","10":"first","11":"instock","12":"shipping-taxable","13":"purchasable","14":"product-type-simple"},"_links":{"self":[{"href":"https:\/\/stoic-curie.212-227-153-4.plesk.page\/hr\/wp-json\/wp\/v2\/product\/741928","targetHints":{"allow":["GET"]}}],"collection":[{"href":"https:\/\/stoic-curie.212-227-153-4.plesk.page\/hr\/wp-json\/wp\/v2\/product"}],"about":[{"href":"https:\/\/stoic-curie.212-227-153-4.plesk.page\/hr\/wp-json\/wp\/v2\/types\/product"}],"replies":[{"embeddable":true,"href":"https:\/\/stoic-curie.212-227-153-4.plesk.page\/hr\/wp-json\/wp\/v2\/comments?post=741928"}],"version-history":[{"count":0,"href":"https:\/\/stoic-curie.212-227-153-4.plesk.page\/hr\/wp-json\/wp\/v2\/product\/741928\/revisions"}],"wp:featuredmedia":[{"embeddable":true,"href":"https:\/\/stoic-curie.212-227-153-4.plesk.page\/hr\/wp-json\/wp\/v2\/media\/5943290"}],"wp:attachment":[{"href":"https:\/\/stoic-curie.212-227-153-4.plesk.page\/hr\/wp-json\/wp\/v2\/media?parent=741928"}],"wp:term":[{"taxonomy":"product_brand","embeddable":true,"href":"https:\/\/stoic-curie.212-227-153-4.plesk.page\/hr\/wp-json\/wp\/v2\/product_brand?post=741928"},{"taxonomy":"product_cat","embeddable":true,"href":"https:\/\/stoic-curie.212-227-153-4.plesk.page\/hr\/wp-json\/wp\/v2\/product_cat?post=741928"},{"taxonomy":"product_tag","embeddable":true,"href":"https:\/\/stoic-curie.212-227-153-4.plesk.page\/hr\/wp-json\/wp\/v2\/product_tag?post=741928"}],"curies":[{"name":"wp","href":"https:\/\/api.w.org\/{rel}","templated":true}]}}