{"id":741944,"date":"2025-03-03T18:18:09","date_gmt":"2025-03-03T17:18:09","guid":{"rendered":"https:\/\/stoic-curie.212-227-153-4.plesk.page\/producto\/sidreni-valjak-od-nehrdajuceg-celika-klasicni-200x52-mm\/"},"modified":"2026-02-25T00:00:57","modified_gmt":"2026-02-25T00:00:57","slug":"sidreni-valjak-od-nehrdajuceg-celika-klasicni-200x52-mm","status":"publish","type":"product","link":"https:\/\/stoic-curie.212-227-153-4.plesk.page\/hr\/product\/sidreni-valjak-od-nehrdajuceg-celika-klasicni-200x52-mm\/","title":{"rendered":"Sidreni valjak od nehr\u0111aju\u0107eg \u010delika, klasi\u010dni 200&#215;52 mm"},"content":{"rendered":"<p>Sidreni valjak od nehr\u0111aju\u0107eg \u010delika, klasi\u010dni 200&#215;52 mm &#8211; <\/p>\n<p>Fiksni valjak za pramac od nehr\u0111aju\u0107eg \u010delika. Zaklju\u010davanje sidra (opcionalno). D= Duljina \u0160= \u0160irina<\/p>\n","protected":false},"excerpt":{"rendered":"<p>Sidreni valjak od nehr\u0111aju\u0107eg \u010delika, klasi\u010dni 200&#215;52 mm &#8211; Fiksni valjak za pramac od nehr\u0111aju\u0107eg \u010delika. Zaklju\u010davanje sidra (opcionalno). D=<\/p>\n","protected":false},"featured_media":5938427,"comment_status":"open","ping_status":"closed","template":"","meta":[],"product_brand":[3121,2172],"product_cat":[1709],"product_tag":[],"class_list":{"0":"post-741944","1":"product","2":"type-product","3":"status-publish","4":"has-post-thumbnail","6":"product_brand-marinetech-hr","7":"product_brand-nova-argonautica","8":"product_cat-pramcane-koloture","10":"first","11":"instock","12":"shipping-taxable","13":"purchasable","14":"product-type-simple"},"_links":{"self":[{"href":"https:\/\/stoic-curie.212-227-153-4.plesk.page\/hr\/wp-json\/wp\/v2\/product\/741944","targetHints":{"allow":["GET"]}}],"collection":[{"href":"https:\/\/stoic-curie.212-227-153-4.plesk.page\/hr\/wp-json\/wp\/v2\/product"}],"about":[{"href":"https:\/\/stoic-curie.212-227-153-4.plesk.page\/hr\/wp-json\/wp\/v2\/types\/product"}],"replies":[{"embeddable":true,"href":"https:\/\/stoic-curie.212-227-153-4.plesk.page\/hr\/wp-json\/wp\/v2\/comments?post=741944"}],"version-history":[{"count":0,"href":"https:\/\/stoic-curie.212-227-153-4.plesk.page\/hr\/wp-json\/wp\/v2\/product\/741944\/revisions"}],"wp:featuredmedia":[{"embeddable":true,"href":"https:\/\/stoic-curie.212-227-153-4.plesk.page\/hr\/wp-json\/wp\/v2\/media\/5938427"}],"wp:attachment":[{"href":"https:\/\/stoic-curie.212-227-153-4.plesk.page\/hr\/wp-json\/wp\/v2\/media?parent=741944"}],"wp:term":[{"taxonomy":"product_brand","embeddable":true,"href":"https:\/\/stoic-curie.212-227-153-4.plesk.page\/hr\/wp-json\/wp\/v2\/product_brand?post=741944"},{"taxonomy":"product_cat","embeddable":true,"href":"https:\/\/stoic-curie.212-227-153-4.plesk.page\/hr\/wp-json\/wp\/v2\/product_cat?post=741944"},{"taxonomy":"product_tag","embeddable":true,"href":"https:\/\/stoic-curie.212-227-153-4.plesk.page\/hr\/wp-json\/wp\/v2\/product_tag?post=741944"}],"curies":[{"name":"wp","href":"https:\/\/api.w.org\/{rel}","templated":true}]}}