{"id":741946,"date":"2025-03-03T18:18:09","date_gmt":"2025-03-03T17:18:09","guid":{"rendered":"https:\/\/stoic-curie.212-227-153-4.plesk.page\/producto\/sidreno-vitlo-quick-rider-1000w-d-12v-s-ubnjem-8mm-lanac\/"},"modified":"2026-02-25T00:00:57","modified_gmt":"2026-02-25T00:00:57","slug":"sidreno-vitlo-quick-rider-1000w-d-12v-s-ubnjem-8mm-lanac","status":"publish","type":"product","link":"https:\/\/stoic-curie.212-227-153-4.plesk.page\/hr\/product\/sidreno-vitlo-quick-rider-1000w-d-12v-s-ubnjem-8mm-lanac\/","title":{"rendered":"Sidreno vitlo Quick Rider 1000W-D 12v &#8211; s ubnjem- 8mm Lanac"},"content":{"rendered":"<p>Sidreno vitlo Quick Rider 1000W-D 12v &#8211; s ubnjem- 8mm Lanac &#8211; <\/p>\n<p style=\"color: rgb(34, 34, 34); font-family: Arial, Helvetica, sans-serif; font-size: small;\">Quick Rider R3 1012D sidri\u0161ni vitlo integrira bron\u010dane i nehr\u0111aju\u0107e \u010deli\u010dne vu\u010dne elemente, osiguravaju\u0107i izvanrednu izdr\u017eljivost i pouzdanost. Opremljen je senzorom brojila lanca i ru\u010dnim mehanizmom slobodnog pada, \u0161to zna\u010dajno pobolj\u0161ava njegovu ukupnu izvedbu.<\/p>\n<p style=\"color: rgb(34, 34, 34); font-family: Arial, Helvetica, sans-serif; font-size: small;\">Klju\u010dne specifikacije uklju\u010duju:<\/p>\n<ul style=\"color: rgb(34, 34, 34); font-family: Arial, Helvetica, sans-serif; font-size: small;\">\n<li>Anodizirana aluminijska okrugla podloga koja pru\u017ea laganu, ali \u010dvrstu snagu.<\/li>\n<li>Tromel od nehr\u0111aju\u0107eg \u010delika (AISI 316), koji pru\u017ea izvrsnu otpornost na koroziju.<\/li>\n<li>Ugra\u0111ena gipsy za u\u017ead\/lance (kompatibilna s 700 W i vi\u0161e) s senzorom brojila lanca.<\/li>\n<li>Dolazi s relej kutijom i gipsy, dostupno s ili bez tromela.<\/li>\n<li>Motori s IP67 ocjenom otpornosti na vodu, \u0161tite\u0107i od prodiranja vode.<\/li>\n<\/ul>\n<p style=\"color: rgb(34, 34, 34); font-family: Arial, Helvetica, sans-serif; font-size: small;\">Rider R3 1012D pa\u017eljivo je izra\u0111en za plovila du\u017eine od 10 m do 13 m (33-43 ft).<\/p>\n<p style=\"color: rgb(34, 34, 34); font-family: Arial, Helvetica, sans-serif; font-size: small;\">Specifikacije uklju\u010duju:<\/p>\n<ul style=\"color: rgb(34, 34, 34); font-family: Arial, Helvetica, sans-serif; font-size: small;\">\n<li>Tromel: Da<\/li>\n<li>Snaga motora: 1000 W<\/li>\n<li>Napon ulaza: 12 V<\/li>\n<li>Maksimalna vu\u010da: 1000 kg<\/li>\n<li>Maksimalna radna optere\u0107enja: 370 kg<\/li>\n<li>Radno optere\u0107enje: 120 kg<\/li>\n<li>Brzina lanca pri radnom optere\u0107enju: 20,4 m\/min<\/li>\n<li>Strujna potro\u0161nja pri radnom optere\u0107enju: 140 A<\/li>\n<li>Debljina palube: 25-50 mm<\/li>\n<li>Te\u017eina: 19,1 kg<\/li>\n<li>Veli\u010dina gipsy: 8 mm<\/li>\n<\/ul>\n<p style=\"color: rgb(34, 34, 34); font-family: Arial, Helvetica, sans-serif; font-size: small;\">Ova vitlo je izvanredna opcija za vlasnike brodova koji tra\u017ee pouzdano i u\u010dinkovito rje\u0161enje za sidrenje.<\/p>\n","protected":false},"excerpt":{"rendered":"<p>Sidreno vitlo Quick Rider 1000W-D 12v &#8211; s ubnjem- 8mm Lanac &#8211; Quick Rider R3 1012D sidri\u0161ni vitlo integrira bron\u010dane<\/p>\n","protected":false},"featured_media":5943311,"comment_status":"open","ping_status":"closed","template":"","meta":[],"product_brand":[3281],"product_cat":[1611],"product_tag":[],"class_list":{"0":"post-741946","1":"product","2":"type-product","3":"status-publish","4":"has-post-thumbnail","6":"product_brand-quick-hr","7":"product_cat-vitla-quick","9":"first","10":"instock","11":"shipping-taxable","12":"purchasable","13":"product-type-simple"},"_links":{"self":[{"href":"https:\/\/stoic-curie.212-227-153-4.plesk.page\/hr\/wp-json\/wp\/v2\/product\/741946","targetHints":{"allow":["GET"]}}],"collection":[{"href":"https:\/\/stoic-curie.212-227-153-4.plesk.page\/hr\/wp-json\/wp\/v2\/product"}],"about":[{"href":"https:\/\/stoic-curie.212-227-153-4.plesk.page\/hr\/wp-json\/wp\/v2\/types\/product"}],"replies":[{"embeddable":true,"href":"https:\/\/stoic-curie.212-227-153-4.plesk.page\/hr\/wp-json\/wp\/v2\/comments?post=741946"}],"version-history":[{"count":0,"href":"https:\/\/stoic-curie.212-227-153-4.plesk.page\/hr\/wp-json\/wp\/v2\/product\/741946\/revisions"}],"wp:featuredmedia":[{"embeddable":true,"href":"https:\/\/stoic-curie.212-227-153-4.plesk.page\/hr\/wp-json\/wp\/v2\/media\/5943311"}],"wp:attachment":[{"href":"https:\/\/stoic-curie.212-227-153-4.plesk.page\/hr\/wp-json\/wp\/v2\/media?parent=741946"}],"wp:term":[{"taxonomy":"product_brand","embeddable":true,"href":"https:\/\/stoic-curie.212-227-153-4.plesk.page\/hr\/wp-json\/wp\/v2\/product_brand?post=741946"},{"taxonomy":"product_cat","embeddable":true,"href":"https:\/\/stoic-curie.212-227-153-4.plesk.page\/hr\/wp-json\/wp\/v2\/product_cat?post=741946"},{"taxonomy":"product_tag","embeddable":true,"href":"https:\/\/stoic-curie.212-227-153-4.plesk.page\/hr\/wp-json\/wp\/v2\/product_tag?post=741946"}],"curies":[{"name":"wp","href":"https:\/\/api.w.org\/{rel}","templated":true}]}}