{"id":741947,"date":"2025-03-03T18:18:10","date_gmt":"2025-03-03T17:18:10","guid":{"rendered":"https:\/\/stoic-curie.212-227-153-4.plesk.page\/producto\/sidreno-vitlo-quick-dylan-1500w-bez-bubnja-12v-1500wt-lanac-od-10mm\/"},"modified":"2026-02-25T00:00:57","modified_gmt":"2026-02-25T00:00:57","slug":"sidreno-vitlo-quick-dylan-1500w-bez-bubnja-12v-1500wt-lanac-od-10mm","status":"publish","type":"product","link":"https:\/\/stoic-curie.212-227-153-4.plesk.page\/hr\/product\/sidreno-vitlo-quick-dylan-1500w-bez-bubnja-12v-1500wt-lanac-od-10mm\/","title":{"rendered":"Sidreno vitlo Quick Dylan 1500W &#8211; bez bubnja &#8211; 12v 1500wt &#8211; lanac od 10mm"},"content":{"rendered":"<p>Sidreno vitlo Quick Dylan 1500W &#8211; bez bubnja &#8211; 12v 1500wt &#8211; lanac od 10mm &#8211; <\/p>\n<p style=\"color: rgb(34, 34, 34); font-family: Arial, Helvetica, sans-serif; font-size: small;\"><strong>Dylan DR4 Vertikalna Ankerna Vinca Niska Profila<\/strong><\/p>\n<p style=\"color: rgb(34, 34, 34); font-family: Arial, Helvetica, sans-serif; font-size: small;\">Dylan DR4 vertikalna ankerna vjernica je robusna ankerna vjernica dizajnirana s kombinacijom bron\u010danih i nehr\u0111aju\u0107ih \u010deli\u010dnih vu\u010dnih komponenti. Sadr\u017ei integrirani senzor brojila lanaca i ru\u010dni sustav slobodnog pada lanaca, osiguravaju\u0107i u\u010dinkovito djelovanje. Osim toga, uklju\u010duje hitni ru\u010dni sustav podizanja i polugu pritiska radi dodatne sigurnosti. Jedinica dolazi potpuno s kontrolnom kutijom i ru\u010dkom, a njegova baza i ku\u0107i\u0161te izra\u0111eni su od nehr\u0111aju\u0107eg \u010delika i tvrdog anodiziranog aluminija, \u010dime se osigurava trajnost i otpornost na koroziju. Motor je ocijenjen IP67 za vodonepropusnu za\u0161titu.<\/p>\n<p style=\"color: rgb(34, 34, 34); font-family: Arial, Helvetica, sans-serif; font-size: small;\"><strong>Klju\u010dne Zna\u010dajke:<\/strong><\/p>\n<ul style=\"color: rgb(34, 34, 34); font-family: Arial, Helvetica, sans-serif; font-size: small;\">\n<li>Anodizirana aluminijska i nehr\u0111aju\u0107a \u010deli\u010dna osnova s integriranim cijevi<\/li>\n<li>Nehr\u0111aju\u0107i \u010deli\u010dni bubanj (AISI 316) za poja\u010danu \u010dvrsto\u0107u.<\/li>\n<li>U\u017ee\/lantni gypsy opremljen senzorom broja\u010da lanca za precizno pra\u0107enje.<\/li>\n<li>Poluga za pritisak i inspekcijski poklopac za lak pristup i odr\u017eavanje.<\/li>\n<li>Ru\u010dno slobodni pad sustav za brzo postavljanje sidra.<\/li>\n<li>Hitni sustav podizanja ru\u010dno za pouzdanu rad u kriti\u010dnim situacijama.<\/li>\n<li>Opskrbljuje se s relej kutijom i gypsy, dostupnim s bubnjem ili bez.<\/li>\n<li>IP67 ocijenjen vodonepropusni motor za za\u0161titu od ulaska vode.<\/li>\n<\/ul>\n<p style=\"color: rgb(34, 34, 34); font-family: Arial, Helvetica, sans-serif; font-size: small;\"><strong>Specifikacije za Dylan DR4 1512 &#8211; Samo Gypsy:<\/strong><\/p>\n<ul style=\"color: rgb(34, 34, 34); font-family: Arial, Helvetica, sans-serif; font-size: small;\">\n<li>Prikladan za brodove duljine od 10 m do 16 m (33-53 ft).<\/li>\n<li>Bubanj: Nije uklju\u010den.<\/li>\n<li>Snaga motora: 1500 W.<\/li>\n<li>Napon: 12 V.<\/li>\n<li>Maksimalna vuca: 1100 kg.<\/li>\n<li>Maksimalno radno optere\u0107enje: 400 kg.<\/li>\n<li>Radno optere\u0107enje: 135 kg.<\/li>\n<li>Brzina lanca pri radnom optere\u0107enju: 19 m\/min.<\/li>\n<li>Struja pri radnom optere\u0107enju: 150 A.<\/li>\n<li>Debljina palube: 25-50 mm.<\/li>\n<li>Te\u017eina: 23,7 kg.<\/li>\n<li>Gypsy veli\u010dina: 10 mm.<\/li>\n<\/ul>\n<p style=\"color: rgb(34, 34, 34); font-family: Arial, Helvetica, sans-serif; font-size: small;\">Ova ankerna vjernica je izvrstan izbor za vlasnike brodova koji tra\u017ee pouzdano i visoko kvalitetno sidri\u0161no rje\u0161enje. S mnogim zna\u010dajkama i robusnom konstrukcijom osigurava Dylan DR4 vertikalna ankerna vjernica kako performanse i sigurnost na vodi.<\/p>\n","protected":false},"excerpt":{"rendered":"<p>Sidreno vitlo Quick Dylan 1500W &#8211; bez bubnja &#8211; 12v 1500wt &#8211; lanac od 10mm &#8211; Dylan DR4 Vertikalna Ankerna<\/p>\n","protected":false},"featured_media":5943312,"comment_status":"open","ping_status":"closed","template":"","meta":[],"product_brand":[3281],"product_cat":[1611],"product_tag":[],"class_list":{"0":"post-741947","1":"product","2":"type-product","3":"status-publish","4":"has-post-thumbnail","6":"product_brand-quick-hr","7":"product_cat-vitla-quick","9":"first","10":"instock","11":"shipping-taxable","12":"purchasable","13":"product-type-simple"},"_links":{"self":[{"href":"https:\/\/stoic-curie.212-227-153-4.plesk.page\/hr\/wp-json\/wp\/v2\/product\/741947","targetHints":{"allow":["GET"]}}],"collection":[{"href":"https:\/\/stoic-curie.212-227-153-4.plesk.page\/hr\/wp-json\/wp\/v2\/product"}],"about":[{"href":"https:\/\/stoic-curie.212-227-153-4.plesk.page\/hr\/wp-json\/wp\/v2\/types\/product"}],"replies":[{"embeddable":true,"href":"https:\/\/stoic-curie.212-227-153-4.plesk.page\/hr\/wp-json\/wp\/v2\/comments?post=741947"}],"version-history":[{"count":0,"href":"https:\/\/stoic-curie.212-227-153-4.plesk.page\/hr\/wp-json\/wp\/v2\/product\/741947\/revisions"}],"wp:featuredmedia":[{"embeddable":true,"href":"https:\/\/stoic-curie.212-227-153-4.plesk.page\/hr\/wp-json\/wp\/v2\/media\/5943312"}],"wp:attachment":[{"href":"https:\/\/stoic-curie.212-227-153-4.plesk.page\/hr\/wp-json\/wp\/v2\/media?parent=741947"}],"wp:term":[{"taxonomy":"product_brand","embeddable":true,"href":"https:\/\/stoic-curie.212-227-153-4.plesk.page\/hr\/wp-json\/wp\/v2\/product_brand?post=741947"},{"taxonomy":"product_cat","embeddable":true,"href":"https:\/\/stoic-curie.212-227-153-4.plesk.page\/hr\/wp-json\/wp\/v2\/product_cat?post=741947"},{"taxonomy":"product_tag","embeddable":true,"href":"https:\/\/stoic-curie.212-227-153-4.plesk.page\/hr\/wp-json\/wp\/v2\/product_tag?post=741947"}],"curies":[{"name":"wp","href":"https:\/\/api.w.org\/{rel}","templated":true}]}}