{"id":741963,"date":"2025-03-03T18:18:13","date_gmt":"2025-03-03T17:18:13","guid":{"rendered":"https:\/\/stoic-curie.212-227-153-4.plesk.page\/producto\/elektromotor-24v-2000w-modeli-rider-regal\/"},"modified":"2026-02-25T00:00:57","modified_gmt":"2026-02-25T00:00:57","slug":"elektromotor-24v-2000w-modeli-rider-regal","status":"publish","type":"product","link":"https:\/\/stoic-curie.212-227-153-4.plesk.page\/hr\/product\/elektromotor-24v-2000w-modeli-rider-regal\/","title":{"rendered":"Elektri\u010dni motor 24V 2000W za Quick Rider-Regal-Dylan"},"content":{"rendered":"<p>Elektri\u010dni motor 24V 2000W za Quick Rider-Regal-Dylan &#8211; <\/p>\n<p>Nudimo visokokvalitetne zamjenske elektri\u010dne motore posebno dizajnirane za Quick vitla. Na\u0161i 24V 2000W motori potpuno su kompatibilni s popularnim modelima poput Quick Rider, Regal i Dylan, osiguravaju\u0107i besprijekornu integraciju i pouzdanu izvedbu za va\u0161e potrebe na vodi.<\/p>\n","protected":false},"excerpt":{"rendered":"<p>Elektri\u010dni motor 24V 2000W za Quick Rider-Regal-Dylan &#8211; Nudimo visokokvalitetne zamjenske elektri\u010dne motore posebno dizajnirane za Quick vitla. Na\u0161i 24V<\/p>\n","protected":false},"featured_media":5938501,"comment_status":"open","ping_status":"closed","template":"","meta":[],"product_brand":[3281],"product_cat":[1611],"product_tag":[],"class_list":{"0":"post-741963","1":"product","2":"type-product","3":"status-publish","4":"has-post-thumbnail","6":"product_brand-quick-hr","7":"product_cat-vitla-quick","9":"first","10":"outofstock","11":"shipping-taxable","12":"purchasable","13":"product-type-simple"},"_links":{"self":[{"href":"https:\/\/stoic-curie.212-227-153-4.plesk.page\/hr\/wp-json\/wp\/v2\/product\/741963","targetHints":{"allow":["GET"]}}],"collection":[{"href":"https:\/\/stoic-curie.212-227-153-4.plesk.page\/hr\/wp-json\/wp\/v2\/product"}],"about":[{"href":"https:\/\/stoic-curie.212-227-153-4.plesk.page\/hr\/wp-json\/wp\/v2\/types\/product"}],"replies":[{"embeddable":true,"href":"https:\/\/stoic-curie.212-227-153-4.plesk.page\/hr\/wp-json\/wp\/v2\/comments?post=741963"}],"version-history":[{"count":0,"href":"https:\/\/stoic-curie.212-227-153-4.plesk.page\/hr\/wp-json\/wp\/v2\/product\/741963\/revisions"}],"wp:featuredmedia":[{"embeddable":true,"href":"https:\/\/stoic-curie.212-227-153-4.plesk.page\/hr\/wp-json\/wp\/v2\/media\/5938501"}],"wp:attachment":[{"href":"https:\/\/stoic-curie.212-227-153-4.plesk.page\/hr\/wp-json\/wp\/v2\/media?parent=741963"}],"wp:term":[{"taxonomy":"product_brand","embeddable":true,"href":"https:\/\/stoic-curie.212-227-153-4.plesk.page\/hr\/wp-json\/wp\/v2\/product_brand?post=741963"},{"taxonomy":"product_cat","embeddable":true,"href":"https:\/\/stoic-curie.212-227-153-4.plesk.page\/hr\/wp-json\/wp\/v2\/product_cat?post=741963"},{"taxonomy":"product_tag","embeddable":true,"href":"https:\/\/stoic-curie.212-227-153-4.plesk.page\/hr\/wp-json\/wp\/v2\/product_tag?post=741963"}],"curies":[{"name":"wp","href":"https:\/\/api.w.org\/{rel}","templated":true}]}}