{"id":741967,"date":"2025-03-03T18:18:14","date_gmt":"2025-03-03T17:18:14","guid":{"rendered":"https:\/\/stoic-curie.212-227-153-4.plesk.page\/producto\/macerator-pumpa-ocean-12-u-47-litara-u-minuti\/"},"modified":"2026-02-25T00:00:57","modified_gmt":"2026-02-25T00:00:57","slug":"macerator-pumpa-ocean-12-u-47-litara-u-minuti","status":"publish","type":"product","link":"https:\/\/stoic-curie.212-227-153-4.plesk.page\/hr\/product\/macerator-pumpa-ocean-12-u-47-litara-u-minuti\/","title":{"rendered":"Macerator pumpa Ocean 12 u 47 litara u minuti"},"content":{"rendered":"<p>Macerator pumpa Ocean 12 u 47 litara u minuti &#8211; <\/p>\n<p>Bron\u010dana Ocean maceracijska pumpa za ispiranje WC \u0161koljke. Samo primanje do 2 m, vertikalna podizanja do 5 m. Rotacijski reza\u010d drobi otpad prije nego \u0161to se ispumpa iz ili u spremnik. Napomena: Pumpa se treba spojiti \u0161to je bli\u017ee mogu\u0107e izlazu spremnika. Ulaz \u00d8 38 mm \/ izlaz \u00d8 25 mm.<\/p>\n","protected":false},"excerpt":{"rendered":"<p>Macerator pumpa Ocean 12 u 47 litara u minuti &#8211; Bron\u010dana Ocean maceracijska pumpa za ispiranje WC \u0161koljke. Samo primanje<\/p>\n","protected":false},"featured_media":5938522,"comment_status":"open","ping_status":"closed","template":"","meta":[],"product_brand":[3141],"product_cat":[1672,1675,1649],"product_tag":[],"class_list":{"0":"post-741967","1":"product","2":"type-product","3":"status-publish","4":"has-post-thumbnail","6":"product_brand-matromarine-hr","7":"product_cat-brodske-pumpe-za-otpadne-vode","8":"product_cat-brodski-wc","9":"product_cat-spremnici-za-otpadne-vode","11":"first","12":"instock","13":"shipping-taxable","14":"purchasable","15":"product-type-simple"},"_links":{"self":[{"href":"https:\/\/stoic-curie.212-227-153-4.plesk.page\/hr\/wp-json\/wp\/v2\/product\/741967","targetHints":{"allow":["GET"]}}],"collection":[{"href":"https:\/\/stoic-curie.212-227-153-4.plesk.page\/hr\/wp-json\/wp\/v2\/product"}],"about":[{"href":"https:\/\/stoic-curie.212-227-153-4.plesk.page\/hr\/wp-json\/wp\/v2\/types\/product"}],"replies":[{"embeddable":true,"href":"https:\/\/stoic-curie.212-227-153-4.plesk.page\/hr\/wp-json\/wp\/v2\/comments?post=741967"}],"version-history":[{"count":0,"href":"https:\/\/stoic-curie.212-227-153-4.plesk.page\/hr\/wp-json\/wp\/v2\/product\/741967\/revisions"}],"wp:featuredmedia":[{"embeddable":true,"href":"https:\/\/stoic-curie.212-227-153-4.plesk.page\/hr\/wp-json\/wp\/v2\/media\/5938522"}],"wp:attachment":[{"href":"https:\/\/stoic-curie.212-227-153-4.plesk.page\/hr\/wp-json\/wp\/v2\/media?parent=741967"}],"wp:term":[{"taxonomy":"product_brand","embeddable":true,"href":"https:\/\/stoic-curie.212-227-153-4.plesk.page\/hr\/wp-json\/wp\/v2\/product_brand?post=741967"},{"taxonomy":"product_cat","embeddable":true,"href":"https:\/\/stoic-curie.212-227-153-4.plesk.page\/hr\/wp-json\/wp\/v2\/product_cat?post=741967"},{"taxonomy":"product_tag","embeddable":true,"href":"https:\/\/stoic-curie.212-227-153-4.plesk.page\/hr\/wp-json\/wp\/v2\/product_tag?post=741967"}],"curies":[{"name":"wp","href":"https:\/\/api.w.org\/{rel}","templated":true}]}}