{"id":741968,"date":"2025-03-03T18:18:15","date_gmt":"2025-03-03T17:18:15","guid":{"rendered":"https:\/\/stoic-curie.212-227-153-4.plesk.page\/producto\/popravak-za-jabsco-twist-lock-rucni-wc\/"},"modified":"2026-02-25T00:00:57","modified_gmt":"2026-02-25T00:00:57","slug":"popravak-za-jabsco-twist-lock-rucni-wc","status":"publish","type":"product","link":"https:\/\/stoic-curie.212-227-153-4.plesk.page\/hr\/product\/popravak-za-jabsco-twist-lock-rucni-wc\/","title":{"rendered":"Popravak za Jabsco Twist &#038; Lock ru\u010dni WC"},"content":{"rendered":"<p>Popravak za Jabsco Twist &#038; Lock ru\u010dni WC &#8211; <\/p>\n<p>Jabsco kompaktna ru\u010dna pumpa za WC s Twist &#038; Lock sustavom koji spre\u010dava povratak otpadnih voda za vi\u0161u sigurnost i udobnost na brodu.<br \/>Prihvat \u00d8 20 mm (3\/4 in\u010da) izlaz \u00d8 38 mm (1 in\u010d 1\/2).<\/p>\n","protected":false},"excerpt":{"rendered":"<p>Popravak za Jabsco Twist &#038; Lock ru\u010dni WC &#8211; Jabsco kompaktna ru\u010dna pumpa za WC s Twist &#038; Lock sustavom<\/p>\n","protected":false},"featured_media":5943328,"comment_status":"open","ping_status":"closed","template":"","meta":[],"product_brand":[3031],"product_cat":[1675],"product_tag":[],"class_list":{"0":"post-741968","1":"product","2":"type-product","3":"status-publish","4":"has-post-thumbnail","6":"product_brand-jabsco-marine-hr","7":"product_cat-brodski-wc","9":"first","10":"instock","11":"shipping-taxable","12":"purchasable","13":"product-type-simple"},"_links":{"self":[{"href":"https:\/\/stoic-curie.212-227-153-4.plesk.page\/hr\/wp-json\/wp\/v2\/product\/741968","targetHints":{"allow":["GET"]}}],"collection":[{"href":"https:\/\/stoic-curie.212-227-153-4.plesk.page\/hr\/wp-json\/wp\/v2\/product"}],"about":[{"href":"https:\/\/stoic-curie.212-227-153-4.plesk.page\/hr\/wp-json\/wp\/v2\/types\/product"}],"replies":[{"embeddable":true,"href":"https:\/\/stoic-curie.212-227-153-4.plesk.page\/hr\/wp-json\/wp\/v2\/comments?post=741968"}],"version-history":[{"count":0,"href":"https:\/\/stoic-curie.212-227-153-4.plesk.page\/hr\/wp-json\/wp\/v2\/product\/741968\/revisions"}],"wp:featuredmedia":[{"embeddable":true,"href":"https:\/\/stoic-curie.212-227-153-4.plesk.page\/hr\/wp-json\/wp\/v2\/media\/5943328"}],"wp:attachment":[{"href":"https:\/\/stoic-curie.212-227-153-4.plesk.page\/hr\/wp-json\/wp\/v2\/media?parent=741968"}],"wp:term":[{"taxonomy":"product_brand","embeddable":true,"href":"https:\/\/stoic-curie.212-227-153-4.plesk.page\/hr\/wp-json\/wp\/v2\/product_brand?post=741968"},{"taxonomy":"product_cat","embeddable":true,"href":"https:\/\/stoic-curie.212-227-153-4.plesk.page\/hr\/wp-json\/wp\/v2\/product_cat?post=741968"},{"taxonomy":"product_tag","embeddable":true,"href":"https:\/\/stoic-curie.212-227-153-4.plesk.page\/hr\/wp-json\/wp\/v2\/product_tag?post=741968"}],"curies":[{"name":"wp","href":"https:\/\/api.w.org\/{rel}","templated":true}]}}