{"id":741970,"date":"2025-03-03T18:18:15","date_gmt":"2025-03-03T17:18:15","guid":{"rendered":"https:\/\/stoic-curie.212-227-153-4.plesk.page\/producto\/ocean-luksuzni-standardni-elektricni-wc-24v-ravno\/"},"modified":"2026-02-25T00:00:57","modified_gmt":"2026-02-25T00:00:57","slug":"ocean-luksuzni-standardni-elektricni-wc-24v-ravno","status":"publish","type":"product","link":"https:\/\/stoic-curie.212-227-153-4.plesk.page\/hr\/product\/ocean-luksuzni-standardni-elektricni-wc-24v-ravno\/","title":{"rendered":"WC Ocean Luxury Standard 24v H385mm"},"content":{"rendered":"<p>WC Ocean Luxury Standard 24v H385mm &#8211; <\/p>\n<p style=\"color: rgb(34, 34, 34); font-family: Arial, Helvetica, sans-serif; font-size: small;\">Elektro WC Ocean Luxury Standard 24v H385mm. Sa zadovoljstvom predstavljamo WC \u0161koljku Ocean Luxury Standard. Ova \u0161koljka kombinira eleganciju i funkcionalnost za va\u0161 dom. Ima mnoge sjajne karakteristike:<\/p>\n<ul style=\"color: rgb(34, 34, 34); font-family: Arial, Helvetica, sans-serif; font-size: small;\">\n<li>Nepodudaran komfort koji pru\u017ea osje\u0107aj doma<\/li>\n<li>Niska potro\u0161nja vode<\/li>\n<li>Automatska kontrola ulaza i izlaza vode<\/li>\n<li>Ugra\u0111eni pumpa za jednostavno uklanjanje otpada<\/li>\n<li>Pojednostavljeni digitalni kontrolni panel<\/li>\n<li>\u010cvrsto sjedalo od Duroplasta s mekim zatvaranjem<\/li>\n<li>Materijali otporni na udarce i hr\u0111u<\/li>\n<li>Ventil s nepovratnom funkcijom za ve\u0107u u\u010dinkovitost<\/li>\n<li>Samoprimanje do 1,5 metara<\/li>\n<li>Fleksibilne mogu\u0107nosti instalacije iznad ili ispod razine vode<\/li>\n<\/ul>\n<p style=\"color: rgb(34, 34, 34); font-family: Arial, Helvetica, sans-serif; font-size: small;\">Ova \u0161koljka radi sa automatskim sustavom za vodu ili pumpom za odvod za unos vode. Ima elektroni\u010dki prekida\u010d koji kontrolira protok vode u dva stupnja. Prvo, puni zdjelu \u010distom vodom. Zatim, u\u010dinkovito uklanja otpad, ostavljaju\u0107i zdjelu \u010distu i praznu.<\/p>\n<p style=\"color: rgb(34, 34, 34); font-family: Arial, Helvetica, sans-serif; font-size: small;\">Za postavke s vi\u0161e WC \u0161koljki, jedna vodna pumpa mo\u017ee slu\u017eiti svim jedinicama. Svaka \u0161koljka imat \u0107e vlastitu elektroventil.<\/p>\n<p style=\"color: rgb(34, 34, 34); font-family: Arial, Helvetica, sans-serif; font-size: small;\">Tehni\u010dke specifikacije:<\/p>\n<ul style=\"color: rgb(34, 34, 34); font-family: Arial, Helvetica, sans-serif; font-size: small;\">\n<li>Ulaz: 19 mm (3\/4&#8243;)<\/li>\n<li>Izlaz: 25\/38 mm (1&#8243;-1 1\/2&#8243;)<\/li>\n<li>Potro\u0161nja energije: 30A na 12V<\/li>\n<\/ul>\n<p style=\"color: rgb(34, 34, 34); font-family: Arial, Helvetica, sans-serif; font-size: small;\">Klju\u010dne zna\u010dajke:<\/p>\n<ul style=\"color: rgb(34, 34, 34); font-family: Arial, Helvetica, sans-serif; font-size: small;\">\n<li>Jednostavna instalacija<\/li>\n<li>Poklopac koji se polako zatvara za dodatnu udobnost<\/li>\n<li>Potpuno zatvoren dizajn za bolju higijenu<\/li>\n<\/ul>\n<p style=\"color: rgb(34, 34, 34); font-family: Arial, Helvetica, sans-serif; font-size: small;\">Dodatne specifikacije:<\/p>\n<ul style=\"color: rgb(34, 34, 34); font-family: Arial, Helvetica, sans-serif; font-size: small;\">\n<li>Potro\u0161nja vode: 1,5 \u2013 5 litara<\/li>\n<li>Napon: 12\/24V<\/li>\n<li>Struja: 18A \u2013 10A<\/li>\n<li>Izlazna veza: 38mm (1 1\/2&#8243;) i 25mm (1&#8243;)<\/li>\n<li>Ulazna veza: 19mm (3\/4&#8243;)<\/li>\n<\/ul>\n","protected":false},"excerpt":{"rendered":"<p>WC Ocean Luxury Standard 24v H385mm &#8211; Elektro WC Ocean Luxury Standard 24v H385mm. Sa zadovoljstvom predstavljamo WC \u0161koljku Ocean<\/p>\n","protected":false},"featured_media":5935992,"comment_status":"open","ping_status":"closed","template":"","meta":[],"product_brand":[3141],"product_cat":[1675],"product_tag":[],"class_list":{"0":"post-741970","1":"product","2":"type-product","3":"status-publish","4":"has-post-thumbnail","6":"product_brand-matromarine-hr","7":"product_cat-brodski-wc","9":"first","10":"instock","11":"shipping-taxable","12":"purchasable","13":"product-type-simple"},"_links":{"self":[{"href":"https:\/\/stoic-curie.212-227-153-4.plesk.page\/hr\/wp-json\/wp\/v2\/product\/741970","targetHints":{"allow":["GET"]}}],"collection":[{"href":"https:\/\/stoic-curie.212-227-153-4.plesk.page\/hr\/wp-json\/wp\/v2\/product"}],"about":[{"href":"https:\/\/stoic-curie.212-227-153-4.plesk.page\/hr\/wp-json\/wp\/v2\/types\/product"}],"replies":[{"embeddable":true,"href":"https:\/\/stoic-curie.212-227-153-4.plesk.page\/hr\/wp-json\/wp\/v2\/comments?post=741970"}],"version-history":[{"count":0,"href":"https:\/\/stoic-curie.212-227-153-4.plesk.page\/hr\/wp-json\/wp\/v2\/product\/741970\/revisions"}],"wp:featuredmedia":[{"embeddable":true,"href":"https:\/\/stoic-curie.212-227-153-4.plesk.page\/hr\/wp-json\/wp\/v2\/media\/5935992"}],"wp:attachment":[{"href":"https:\/\/stoic-curie.212-227-153-4.plesk.page\/hr\/wp-json\/wp\/v2\/media?parent=741970"}],"wp:term":[{"taxonomy":"product_brand","embeddable":true,"href":"https:\/\/stoic-curie.212-227-153-4.plesk.page\/hr\/wp-json\/wp\/v2\/product_brand?post=741970"},{"taxonomy":"product_cat","embeddable":true,"href":"https:\/\/stoic-curie.212-227-153-4.plesk.page\/hr\/wp-json\/wp\/v2\/product_cat?post=741970"},{"taxonomy":"product_tag","embeddable":true,"href":"https:\/\/stoic-curie.212-227-153-4.plesk.page\/hr\/wp-json\/wp\/v2\/product_tag?post=741970"}],"curies":[{"name":"wp","href":"https:\/\/api.w.org\/{rel}","templated":true}]}}