{"id":741971,"date":"2025-03-03T18:18:15","date_gmt":"2025-03-03T17:18:15","guid":{"rendered":"https:\/\/stoic-curie.212-227-153-4.plesk.page\/producto\/ocean-marine-kit-za-konverziju-u-elektricni-wc-12v\/"},"modified":"2026-02-25T00:00:57","modified_gmt":"2026-02-25T00:00:57","slug":"ocean-marine-kit-za-konverziju-u-elektricni-wc-12v","status":"publish","type":"product","link":"https:\/\/stoic-curie.212-227-153-4.plesk.page\/hr\/product\/ocean-marine-kit-za-konverziju-u-elektricni-wc-12v\/","title":{"rendered":"Ocean Marine kit za konverziju u elektricni WC 12V"},"content":{"rendered":"<p>Ocean Marine kit za konverziju u elektricni WC 12V &#8211; <\/p>\n<p>Elektri\u010dni komplet koji se koristi za pretvaranje ru\u010dnog WC-a u elektri\u010dni WC. Jednostavna instalacija, zamjenjuje ru\u010dnu pumpu. Prilago\u0111ava se bilo kojem WC-u s 4 steznika i me\u0111uosovinskim razmakom od 95 mm, kao \u0161to su Ocean\/TMC\/Jabsco\/Raritan\/RM69\/Johnson\/Thetford\/Lalizas. Ukupna du\u017eina: 360 mm.<\/p>\n","protected":false},"excerpt":{"rendered":"<p>Ocean Marine kit za konverziju u elektricni WC 12V &#8211; Elektri\u010dni komplet koji se koristi za pretvaranje ru\u010dnog WC-a u<\/p>\n","protected":false},"featured_media":5943331,"comment_status":"open","ping_status":"closed","template":"","meta":[],"product_brand":[3141],"product_cat":[1675],"product_tag":[],"class_list":{"0":"post-741971","1":"product","2":"type-product","3":"status-publish","4":"has-post-thumbnail","6":"product_brand-matromarine-hr","7":"product_cat-brodski-wc","9":"first","10":"instock","11":"shipping-taxable","12":"purchasable","13":"product-type-simple"},"_links":{"self":[{"href":"https:\/\/stoic-curie.212-227-153-4.plesk.page\/hr\/wp-json\/wp\/v2\/product\/741971","targetHints":{"allow":["GET"]}}],"collection":[{"href":"https:\/\/stoic-curie.212-227-153-4.plesk.page\/hr\/wp-json\/wp\/v2\/product"}],"about":[{"href":"https:\/\/stoic-curie.212-227-153-4.plesk.page\/hr\/wp-json\/wp\/v2\/types\/product"}],"replies":[{"embeddable":true,"href":"https:\/\/stoic-curie.212-227-153-4.plesk.page\/hr\/wp-json\/wp\/v2\/comments?post=741971"}],"version-history":[{"count":0,"href":"https:\/\/stoic-curie.212-227-153-4.plesk.page\/hr\/wp-json\/wp\/v2\/product\/741971\/revisions"}],"wp:featuredmedia":[{"embeddable":true,"href":"https:\/\/stoic-curie.212-227-153-4.plesk.page\/hr\/wp-json\/wp\/v2\/media\/5943331"}],"wp:attachment":[{"href":"https:\/\/stoic-curie.212-227-153-4.plesk.page\/hr\/wp-json\/wp\/v2\/media?parent=741971"}],"wp:term":[{"taxonomy":"product_brand","embeddable":true,"href":"https:\/\/stoic-curie.212-227-153-4.plesk.page\/hr\/wp-json\/wp\/v2\/product_brand?post=741971"},{"taxonomy":"product_cat","embeddable":true,"href":"https:\/\/stoic-curie.212-227-153-4.plesk.page\/hr\/wp-json\/wp\/v2\/product_cat?post=741971"},{"taxonomy":"product_tag","embeddable":true,"href":"https:\/\/stoic-curie.212-227-153-4.plesk.page\/hr\/wp-json\/wp\/v2\/product_tag?post=741971"}],"curies":[{"name":"wp","href":"https:\/\/api.w.org\/{rel}","templated":true}]}}