{"id":741973,"date":"2025-03-03T18:18:16","date_gmt":"2025-03-03T17:18:16","guid":{"rendered":"https:\/\/stoic-curie.212-227-153-4.plesk.page\/producto\/kompaktni-elektricni-kit-za-pretvaranje-rucnog-wc-a-u-elektricni-wc-24v\/"},"modified":"2026-02-25T00:00:57","modified_gmt":"2026-02-25T00:00:57","slug":"kompaktni-elektricni-kit-za-pretvaranje-rucnog-wc-a-u-elektricni-wc-24v","status":"publish","type":"product","link":"https:\/\/stoic-curie.212-227-153-4.plesk.page\/hr\/product\/kompaktni-elektricni-kit-za-pretvaranje-rucnog-wc-a-u-elektricni-wc-24v\/","title":{"rendered":"Kompaktni elektricni kit za pretvaranje rucnog WC-a u elektricni wc 24V"},"content":{"rendered":"<p>Kompaktni elektricni kit za pretvaranje rucnog WC-a u elektricni wc 24V &#8211; <\/p>\n<p>Elektri\u010dna oprema koja se koristi za pretvaranje ru\u010dnog WC-a u elektri\u010dni vakuumski WC. Lako se instalira, zamjenjuje ru\u010dnu pumpu i opremljena je elektroni\u010dkom kontrolom ulaza\/izlaza vode s vrlo niskom potro\u0161njom vode od 1-2,5 litara.<\/p>\n","protected":false},"excerpt":{"rendered":"<p>Kompaktni elektricni kit za pretvaranje rucnog WC-a u elektricni wc 24V &#8211; Elektri\u010dna oprema koja se koristi za pretvaranje ru\u010dnog<\/p>\n","protected":false},"featured_media":5938548,"comment_status":"open","ping_status":"closed","template":"","meta":[],"product_brand":[3141],"product_cat":[1675],"product_tag":[],"class_list":{"0":"post-741973","1":"product","2":"type-product","3":"status-publish","4":"has-post-thumbnail","6":"product_brand-matromarine-hr","7":"product_cat-brodski-wc","9":"first","10":"instock","11":"shipping-taxable","12":"purchasable","13":"product-type-simple"},"_links":{"self":[{"href":"https:\/\/stoic-curie.212-227-153-4.plesk.page\/hr\/wp-json\/wp\/v2\/product\/741973","targetHints":{"allow":["GET"]}}],"collection":[{"href":"https:\/\/stoic-curie.212-227-153-4.plesk.page\/hr\/wp-json\/wp\/v2\/product"}],"about":[{"href":"https:\/\/stoic-curie.212-227-153-4.plesk.page\/hr\/wp-json\/wp\/v2\/types\/product"}],"replies":[{"embeddable":true,"href":"https:\/\/stoic-curie.212-227-153-4.plesk.page\/hr\/wp-json\/wp\/v2\/comments?post=741973"}],"version-history":[{"count":0,"href":"https:\/\/stoic-curie.212-227-153-4.plesk.page\/hr\/wp-json\/wp\/v2\/product\/741973\/revisions"}],"wp:featuredmedia":[{"embeddable":true,"href":"https:\/\/stoic-curie.212-227-153-4.plesk.page\/hr\/wp-json\/wp\/v2\/media\/5938548"}],"wp:attachment":[{"href":"https:\/\/stoic-curie.212-227-153-4.plesk.page\/hr\/wp-json\/wp\/v2\/media?parent=741973"}],"wp:term":[{"taxonomy":"product_brand","embeddable":true,"href":"https:\/\/stoic-curie.212-227-153-4.plesk.page\/hr\/wp-json\/wp\/v2\/product_brand?post=741973"},{"taxonomy":"product_cat","embeddable":true,"href":"https:\/\/stoic-curie.212-227-153-4.plesk.page\/hr\/wp-json\/wp\/v2\/product_cat?post=741973"},{"taxonomy":"product_tag","embeddable":true,"href":"https:\/\/stoic-curie.212-227-153-4.plesk.page\/hr\/wp-json\/wp\/v2\/product_tag?post=741973"}],"curies":[{"name":"wp","href":"https:\/\/api.w.org\/{rel}","templated":true}]}}