{"id":741975,"date":"2025-03-03T18:18:16","date_gmt":"2025-03-03T17:18:16","guid":{"rendered":"https:\/\/stoic-curie.212-227-153-4.plesk.page\/producto\/brodski-wc-ocean-laguna-silent-12v\/"},"modified":"2026-02-25T00:00:57","modified_gmt":"2026-02-25T00:00:57","slug":"brodski-wc-ocean-laguna-silent-12v","status":"publish","type":"product","link":"https:\/\/stoic-curie.212-227-153-4.plesk.page\/hr\/product\/brodski-wc-ocean-laguna-silent-12v\/","title":{"rendered":"Brodski WC Ocean Laguna Silent 12V"},"content":{"rendered":"<p>Brodski WC Ocean Laguna Silent 12V &#8211; <\/p>\n<p>Elektri\u010dni WC Ocean Laguna Silent Hydrovacuum:<br \/>\u2022 Velika udobnost i vrlo tiho<br \/>\u2022 Minimalna potro\u0161nja vode<br \/>\u2022 Automatska kontrola ulaza\/izlaza vode<br \/>\u2022 Kombinirani pumpski ure\u0111aj za odvodnju otpada<br \/>\u2022 Kontrolna plo\u010da<br \/>\u2022 Lakirani drveni toaletni sjedalo s mekim zatvaranjem<br \/>\u2022 Materijali otporni na udarce i koroziju<br \/>\u2022 Ventil protiv povratnog toka<br \/>\u2022 Samousisiva do visine od 1,5 metara<br \/>\u2022 Mo\u017ee se montirati iznad ili ispod razine vode<br \/>Visoko u\u010dinkovita pumpa koja omogu\u0107ava odvod otpada do 7 metara visine i na udaljenosti od 70 metara.<br \/>Mo\u017ee koristiti automatski sustav vode ili pumpu za odvodnju montiranu na brodu za ulaz vode.<br \/>Opremljen je elektroni\u010dkim prekida\u010dem za automatsko upravljanje ulazom i izlazom vode u 2 razli\u010dite faze: prvo se zdjelica puni \u010distom vodom, zatim se otpad ispu\u0161ta ostavljaju\u0107i zdjelu praznom i \u010distom.<br \/>Za dovr\u0161avanje potrebno je dodati vodenu pumpu za ispiranje.<br \/>Ulaz \u00d8 19 mm (3\/4&#8243;), izlaz \u00d8 38 mm (1&#8243;1\/2).<\/p>\n","protected":false},"excerpt":{"rendered":"<p>Brodski WC Ocean Laguna Silent 12V &#8211; Elektri\u010dni WC Ocean Laguna Silent Hydrovacuum:\u2022 Velika udobnost i vrlo tiho\u2022 Minimalna potro\u0161nja<\/p>\n","protected":false},"featured_media":5938559,"comment_status":"open","ping_status":"closed","template":"","meta":[],"product_brand":[3141],"product_cat":[1675],"product_tag":[],"class_list":{"0":"post-741975","1":"product","2":"type-product","3":"status-publish","4":"has-post-thumbnail","6":"product_brand-matromarine-hr","7":"product_cat-brodski-wc","9":"first","10":"instock","11":"shipping-taxable","12":"purchasable","13":"product-type-simple"},"_links":{"self":[{"href":"https:\/\/stoic-curie.212-227-153-4.plesk.page\/hr\/wp-json\/wp\/v2\/product\/741975","targetHints":{"allow":["GET"]}}],"collection":[{"href":"https:\/\/stoic-curie.212-227-153-4.plesk.page\/hr\/wp-json\/wp\/v2\/product"}],"about":[{"href":"https:\/\/stoic-curie.212-227-153-4.plesk.page\/hr\/wp-json\/wp\/v2\/types\/product"}],"replies":[{"embeddable":true,"href":"https:\/\/stoic-curie.212-227-153-4.plesk.page\/hr\/wp-json\/wp\/v2\/comments?post=741975"}],"version-history":[{"count":0,"href":"https:\/\/stoic-curie.212-227-153-4.plesk.page\/hr\/wp-json\/wp\/v2\/product\/741975\/revisions"}],"wp:featuredmedia":[{"embeddable":true,"href":"https:\/\/stoic-curie.212-227-153-4.plesk.page\/hr\/wp-json\/wp\/v2\/media\/5938559"}],"wp:attachment":[{"href":"https:\/\/stoic-curie.212-227-153-4.plesk.page\/hr\/wp-json\/wp\/v2\/media?parent=741975"}],"wp:term":[{"taxonomy":"product_brand","embeddable":true,"href":"https:\/\/stoic-curie.212-227-153-4.plesk.page\/hr\/wp-json\/wp\/v2\/product_brand?post=741975"},{"taxonomy":"product_cat","embeddable":true,"href":"https:\/\/stoic-curie.212-227-153-4.plesk.page\/hr\/wp-json\/wp\/v2\/product_cat?post=741975"},{"taxonomy":"product_tag","embeddable":true,"href":"https:\/\/stoic-curie.212-227-153-4.plesk.page\/hr\/wp-json\/wp\/v2\/product_tag?post=741975"}],"curies":[{"name":"wp","href":"https:\/\/api.w.org\/{rel}","templated":true}]}}