{"id":741979,"date":"2025-03-03T18:18:17","date_gmt":"2025-03-03T17:18:17","guid":{"rendered":"https:\/\/stoic-curie.212-227-153-4.plesk.page\/producto\/grijac-vode-quick-bx16-16lt\/"},"modified":"2026-02-25T00:00:57","modified_gmt":"2026-02-25T00:00:57","slug":"grijac-vode-quick-bx16-16lt","status":"publish","type":"product","link":"https:\/\/stoic-curie.212-227-153-4.plesk.page\/hr\/product\/grijac-vode-quick-bx16-16lt\/","title":{"rendered":"Grija\u010d vodeQuick BX 16"},"content":{"rendered":"<p>Grija\u010d vodeQuick BX 16 &#8211; <\/p>\n<p style=\"color: rgb(34, 34, 34); font-family: Arial, Helvetica, sans-serif; font-size: small;\">Sa zadovoljstvom predstavljamo BX16 pravokutni bojler, specijalizirani Thin Nautic bojler dizajniran posebno za kori\u0161tenje u morskim okru\u017eenjima.<\/p>\n<p style=\"color: rgb(34, 34, 34); font-family: Arial, Helvetica, sans-serif; font-size: small;\">Ova prilagodljiva jedinica mo\u017ee raditi na obalnoj elektri\u010dnoj energiji ili s generatorom, koriste\u0107i elektri\u010dni otpor od 1200W, 220V. Tako\u0111er uklju\u010duje jedinstveni izmjenjiva\u010d topline koji joj omogu\u0107ava kori\u0161tenje sustava hla\u0111enja motora za grijanje, osiguravaju\u0107i da voda ostane sigurna za konzumaciju. Anoda se pru\u017ea kako bi se za\u0161titila od u\u010dinaka elektrolize.<\/p>\n<p style=\"color: rgb(34, 34, 34); font-family: Arial, Helvetica, sans-serif; font-size: small;\">Spremnik je izra\u0111en od 316 nehr\u0111aju\u0107eg \u010delika i izoliran je za maksimalnu u\u010dinkovitost. Pru\u017eamo trogodi\u0161nju garanciju za va\u0161e uvjerenje. Molimo imajte na umu da je potrebna mije\u0161alica za kompletnu instalaciju.<\/p>\n<p style=\"color: rgb(34, 34, 34); font-family: Arial, Helvetica, sans-serif; font-size: small;\">Vanji cilindar je napravljen od termoformirane plastike, dok su vodeni spremnik i grija\u0107i element izra\u0111eni od AISI 316L nehr\u0111aju\u0107eg \u010delika. Jedinica dolazi s nosa\u010dem za monta\u017eu i mo\u017ee se instalirati vertikalno ili horizontalno.<\/p>\n<p style=\"color: rgb(34, 34, 34); font-family: Arial, Helvetica, sans-serif; font-size: small;\">Klju\u010dne specifikacije Quick Nautic bojlera BX16 su sljede\u0107e:<\/p>\n<ul style=\"color: rgb(34, 34, 34); font-family: Arial, Helvetica, sans-serif; font-size: small;\">\n<li>Kapacitet: 16 litara<\/li>\n<li>Grija\u0107i element: 1200W, 220V<\/li>\n<li>Dimenzije (D x \u0160 x V): 520 x 180 x 350 mm<\/li>\n<li>Te\u017eina: 10,5 kg<\/li>\n<\/ul>\n<p style=\"color: rgb(34, 34, 34); font-family: Arial, Helvetica, sans-serif; font-size: small;\">Ovaj bojler za vodu izvrstan je izbor za ljubitelje plovidbe koji cijene pouzdanost i u\u010dinkovitost.<\/p>\n","protected":false},"excerpt":{"rendered":"<p>Grija\u010d vodeQuick BX 16 &#8211; Sa zadovoljstvom predstavljamo BX16 pravokutni bojler, specijalizirani Thin Nautic bojler dizajniran posebno za kori\u0161tenje u<\/p>\n","protected":false},"featured_media":5943341,"comment_status":"open","ping_status":"closed","template":"","meta":[],"product_brand":[3281],"product_cat":[1651],"product_tag":[],"class_list":{"0":"post-741979","1":"product","2":"type-product","3":"status-publish","4":"has-post-thumbnail","6":"product_brand-quick-hr","7":"product_cat-grijaci-vode","9":"first","10":"instock","11":"shipping-taxable","12":"purchasable","13":"product-type-simple"},"_links":{"self":[{"href":"https:\/\/stoic-curie.212-227-153-4.plesk.page\/hr\/wp-json\/wp\/v2\/product\/741979","targetHints":{"allow":["GET"]}}],"collection":[{"href":"https:\/\/stoic-curie.212-227-153-4.plesk.page\/hr\/wp-json\/wp\/v2\/product"}],"about":[{"href":"https:\/\/stoic-curie.212-227-153-4.plesk.page\/hr\/wp-json\/wp\/v2\/types\/product"}],"replies":[{"embeddable":true,"href":"https:\/\/stoic-curie.212-227-153-4.plesk.page\/hr\/wp-json\/wp\/v2\/comments?post=741979"}],"version-history":[{"count":0,"href":"https:\/\/stoic-curie.212-227-153-4.plesk.page\/hr\/wp-json\/wp\/v2\/product\/741979\/revisions"}],"wp:featuredmedia":[{"embeddable":true,"href":"https:\/\/stoic-curie.212-227-153-4.plesk.page\/hr\/wp-json\/wp\/v2\/media\/5943341"}],"wp:attachment":[{"href":"https:\/\/stoic-curie.212-227-153-4.plesk.page\/hr\/wp-json\/wp\/v2\/media?parent=741979"}],"wp:term":[{"taxonomy":"product_brand","embeddable":true,"href":"https:\/\/stoic-curie.212-227-153-4.plesk.page\/hr\/wp-json\/wp\/v2\/product_brand?post=741979"},{"taxonomy":"product_cat","embeddable":true,"href":"https:\/\/stoic-curie.212-227-153-4.plesk.page\/hr\/wp-json\/wp\/v2\/product_cat?post=741979"},{"taxonomy":"product_tag","embeddable":true,"href":"https:\/\/stoic-curie.212-227-153-4.plesk.page\/hr\/wp-json\/wp\/v2\/product_tag?post=741979"}],"curies":[{"name":"wp","href":"https:\/\/api.w.org\/{rel}","templated":true}]}}