{"id":741981,"date":"2025-03-03T18:18:18","date_gmt":"2025-03-03T17:18:18","guid":{"rendered":"https:\/\/stoic-curie.212-227-153-4.plesk.page\/producto\/grijac-vode-quick-b330-30lt\/"},"modified":"2026-02-25T00:00:57","modified_gmt":"2026-02-25T00:00:57","slug":"grijac-vode-quick-b330-30lt","status":"publish","type":"product","link":"https:\/\/stoic-curie.212-227-153-4.plesk.page\/hr\/product\/grijac-vode-quick-b330-30lt\/","title":{"rendered":"Grija\u010d vode Quick B3 30lt"},"content":{"rendered":"<p>Grija\u010d vode Quick B3 30lt &#8211; <\/p>\n<p style=\"color: rgb(34, 34, 34); font-family: Arial, Helvetica, sans-serif; font-size: small;\">Ovi Nautic Boiler vodeni bojleri Quick Model B3 pa\u017eljivo su dizajnirani za marinirane uvjete. Sadr\u017ee elektri\u010dni grija\u010d snage 1200W-220V, \u0161to ih \u010dini savr\u0161enima za kori\u0161tenje na pristani\u0161tu ili uz generator. Osim toga, ovi grija\u010di opremljeni su jedinstvenim izmjenjiva\u010dem topline koji u\u010dinkovito hvata toplinu iz sustava hla\u0111enja motora.<\/p>\n<p style=\"color: rgb(34, 34, 34); font-family: Arial, Helvetica, sans-serif; font-size: small;\">Ovi bojleri su konstruirani prema standardima kvalitete pitke vode i uklju\u010duju anodnu \u0161ipku za za\u0161titu od elektrolice. Vanjska ovojnica je izolirana i napravljena od specijaliziranog kompozitnog materijala, dok je rezervoar izra\u0111en od visokokvalitetnog nehr\u0111aju\u0107eg \u010delika AISI 316. Svaka jedinica dolazi s trogodi\u0161njim jamstvom i preporu\u010duje se koristiti u kombinaciji s kitom za premiksanje vode.<\/p>\n<p style=\"color: rgb(34, 34, 34); font-family: Arial, Helvetica, sans-serif; font-size: small;\">Bojleri Quick B3 dostupni su u raznim veli\u010dinama i imaju rezervoar izra\u0111en od vrhunskog nehr\u0111aju\u0107eg \u010delika s debljinom zida od 1.5 mm. Dizajnirani su s jakom pjenastom izolacijom i izdr\u017eljivom plasti\u010dnom ovojnicom. Svaki bojler opremljen je sigurnosnim\/nehvatnim ventilom i elektri\u010dnim grija\u010dem koji mo\u017ee biti 500 vata ili 1200 vata.<\/p>\n<p style=\"color: rgb(34, 34, 34); font-family: Arial, Helvetica, sans-serif; font-size: small;\">Model Quick B3 je cilindri\u010dni vodeni grija\u010d koji koristi incoloy elektri\u010dni grija\u010d, dopunjen podesivim sigurnosnim bi-termostatom. Ovaj model ima izmjenjiva\u010d topline izra\u0111en od nehr\u0111aju\u0107eg \u010delika AISI 316L, s kapacitetom koji nadma\u0161uje mnoge konkurente. Unutra\u0161nji rezervoar izra\u0111en je od nehr\u0111aju\u0107eg \u010delika AISI 316 debljine 1.5 mm, zavareni Argonom za pobolj\u0161anje otpornosti na koroziju. Vanj\u0161tina je izra\u0111ena od vrlo izdr\u017eljivog kompozitnog plasti\u010dnog materijala.<\/p>\n<p style=\"color: rgb(34, 34, 34); font-family: Arial, Helvetica, sans-serif; font-size: small;\">Jedinica je izolirana visokoprobnim poliuretanskim pjenom, koja je ubrizgana izme\u0111u poklopca i rezervoara kako bi se osigurala izvrsna zadr\u017eavanje topline. B3 model tako\u0111er uklju\u010duje podesive metalne konzole za fleksibilnu ugradnju u uskim prostorima. Svaka jedinica dolazi s vodenim grija\u010dem, konzolama za monta\u017eu i \u010detiri mjedenih spojki.<\/p>\n<p style=\"color: rgb(34, 34, 34); font-family: Arial, Helvetica, sans-serif; font-size: small;\">Klju\u010dne zna\u010dajke:<\/p>\n<ul style=\"color: rgb(34, 34, 34); font-family: Arial, Helvetica, sans-serif; font-size: small;\">\n<li>Proizvodi toplu vodu pomo\u0107u elektri\u010dnog elementa, koji uklju\u010duje podesivi sigurnosni bi-termostat.<\/li>\n<li>Izmjenjiva\u010d topline s velikom povr\u0161inom za u\u010dinkovitu prijenos topline.<\/li>\n<li>Izgra\u0111eno od visokokvalitetnih materijala.<\/li>\n<li>Ventil za odvod\/nehvat za sigurno ispu\u0161tanje vode kada se ne koristi.<\/li>\n<\/ul>\n<p style=\"color: rgb(34, 34, 34); font-family: Arial, Helvetica, sans-serif; font-size: small;\">Vodeni grija\u010d: Tip B3<\/p>\n<ul style=\"color: rgb(34, 34, 34); font-family: Arial, Helvetica, sans-serif; font-size: small;\">\n<li>Generira toplu vodu iz elektri\u010dnog elementa, opremljenog podesivim sigurnosnim bi-termostatom.<\/li>\n<li>Izmjenjiva\u010d topline s \u0161irokom povr\u0161inom izmjene.<\/li>\n<li>Napravljeno od premium materijala.<\/li>\n<li>Ventil za odvod\/nehvat koji olak\u0161ava ispu\u0161tanje vodenog grija\u010da kada se ne koristi.<\/li>\n<\/ul>\n<p style=\"color: rgb(34, 34, 34); font-family: Arial, Helvetica, sans-serif; font-size: small;\">Vodeni grija\u010d Quick B3 30lt:<\/p>\n<ul style=\"color: rgb(34, 34, 34); font-family: Arial, Helvetica, sans-serif; font-size: small;\">\n<li>Proizvodi toplu vodu iz elektri\u010dnog elementa, koji je opremljen podesivim sigurnosnim bi-termostatom.<\/li>\n<li>Izmjenjiva\u010d topline s \u0161irokom povr\u0161inom izmjene.<\/li>\n<li>Visokokvalitetni materijali.<\/li>\n<li>Ventil za odvod\/nehvat koji omogu\u0107uje ispu\u0161tanje vodenog grija\u010da u slu\u010daju neupotrebe.<\/li>\n<\/ul>\n<p style=\"color: rgb(34, 34, 34); font-family: Arial, Helvetica, sans-serif; font-size: small;\">Karakteristike proizvoda:<\/p>\n<ul style=\"color: rgb(34, 34, 34); font-family: Arial, Helvetica, sans-serif; font-size: small;\">\n<li>Promjer: 360 MM<\/li>\n<li>230 Volt snaga elektri\u010dnog elementa: 1200W<\/li>\n<li>Du\u017eina: 495 MM<\/li>\n<li>Oblik: Okrugli<\/li>\n<li>Kapacitet rezervoara: 30 L<\/li>\n<li>Te\u017eina: 10.5 KG<\/li>\n<\/ul>\n<p style=\"color: rgb(34, 34, 34); font-family: Arial, Helvetica, sans-serif; font-size: small;\">Specifikacije:<\/p>\n<ul style=\"color: rgb(34, 34, 34); font-family: Arial, Helvetica, sans-serif; font-size: small;\">\n<li>Materijal rezervoara: Nehr\u0111aju\u0107i \u010delik<\/li>\n<li>Termalna izolacija: Poliuretanska pjena<\/li>\n<li>Materijal vanjske obloge: Kompozit<\/li>\n<li>Pritisak rezervoara (test rada): 800 kPa<\/li>\n<li>Maksimalni radni tlak: 600 kPa<\/li>\n<li>Ocjena napona elektri\u010dnog elementa: 220 Vac \u00b1 10%<\/li>\n<li>Snaga elektri\u010dnog elementa: 1200 W (Model 12)<\/li>\n<li>Izlazni promjer: 1\/2&#8243;<\/li>\n<\/ul>\n<p style=\"color: rgb(34, 34, 34); font-family: Arial, Helvetica, sans-serif; font-size: small;\">Ovaj sveobuhvatan pregled isti\u010de kvalitetu i zna\u010dajke na\u0161ih Nautic Boiler vodnih grija\u010da, osiguravaju\u0107i da imate sve bitne informacije potrebne za dono\u0161enje informirane odluke.<\/p>\n","protected":false},"excerpt":{"rendered":"<p>Grija\u010d vode Quick B3 30lt &#8211; Ovi Nautic Boiler vodeni bojleri Quick Model B3 pa\u017eljivo su dizajnirani za marinirane uvjete.<\/p>\n","protected":false},"featured_media":5938709,"comment_status":"open","ping_status":"closed","template":"","meta":[],"product_brand":[3281],"product_cat":[1651],"product_tag":[],"class_list":{"0":"post-741981","1":"product","2":"type-product","3":"status-publish","4":"has-post-thumbnail","6":"product_brand-quick-hr","7":"product_cat-grijaci-vode","9":"first","10":"instock","11":"shipping-taxable","12":"purchasable","13":"product-type-simple"},"_links":{"self":[{"href":"https:\/\/stoic-curie.212-227-153-4.plesk.page\/hr\/wp-json\/wp\/v2\/product\/741981","targetHints":{"allow":["GET"]}}],"collection":[{"href":"https:\/\/stoic-curie.212-227-153-4.plesk.page\/hr\/wp-json\/wp\/v2\/product"}],"about":[{"href":"https:\/\/stoic-curie.212-227-153-4.plesk.page\/hr\/wp-json\/wp\/v2\/types\/product"}],"replies":[{"embeddable":true,"href":"https:\/\/stoic-curie.212-227-153-4.plesk.page\/hr\/wp-json\/wp\/v2\/comments?post=741981"}],"version-history":[{"count":0,"href":"https:\/\/stoic-curie.212-227-153-4.plesk.page\/hr\/wp-json\/wp\/v2\/product\/741981\/revisions"}],"wp:featuredmedia":[{"embeddable":true,"href":"https:\/\/stoic-curie.212-227-153-4.plesk.page\/hr\/wp-json\/wp\/v2\/media\/5938709"}],"wp:attachment":[{"href":"https:\/\/stoic-curie.212-227-153-4.plesk.page\/hr\/wp-json\/wp\/v2\/media?parent=741981"}],"wp:term":[{"taxonomy":"product_brand","embeddable":true,"href":"https:\/\/stoic-curie.212-227-153-4.plesk.page\/hr\/wp-json\/wp\/v2\/product_brand?post=741981"},{"taxonomy":"product_cat","embeddable":true,"href":"https:\/\/stoic-curie.212-227-153-4.plesk.page\/hr\/wp-json\/wp\/v2\/product_cat?post=741981"},{"taxonomy":"product_tag","embeddable":true,"href":"https:\/\/stoic-curie.212-227-153-4.plesk.page\/hr\/wp-json\/wp\/v2\/product_tag?post=741981"}],"curies":[{"name":"wp","href":"https:\/\/api.w.org\/{rel}","templated":true}]}}