{"id":741982,"date":"2025-03-03T18:18:18","date_gmt":"2025-03-03T17:18:18","guid":{"rendered":"https:\/\/stoic-curie.212-227-153-4.plesk.page\/producto\/grijac-vode-quick-b340-40lt\/"},"modified":"2026-02-25T00:00:57","modified_gmt":"2026-02-25T00:00:57","slug":"grijac-vode-quick-b340-40lt","status":"publish","type":"product","link":"https:\/\/stoic-curie.212-227-153-4.plesk.page\/hr\/product\/grijac-vode-quick-b340-40lt\/","title":{"rendered":"Grija\u010d vode Quick B3 40lt"},"content":{"rendered":"<p>Grija\u010d vode Quick B3 40lt &#8211; <\/p>\n<p style=\"color: rgb(34, 34, 34); font-family: Arial, Helvetica, sans-serif; font-size: small;\">Nautic Boiler grija\u010di vode su stru\u010dno izra\u0111eni za marine. Opremljeni su elektri\u010dnim grija\u010dem od 1200W-220V, \u0161to ih \u010dini idealnim za kori\u0161tenje na dokovima ili uz generator. Osim toga, ovi grija\u010di dolaze s jedinstvenim omota\u010dem prijenosnika topline koji u\u010dinkovito prikuplja toplinu iz sustava hla\u0111enja motora.<\/p>\n<p style=\"color: rgb(34, 34, 34); font-family: Arial, Helvetica, sans-serif; font-size: small;\">Ovi bojleri su dizajnirani kako bi zadovoljili standarde za pitku vodu i uklju\u010duju anod za za\u0161titu od elektrolize. Izolirano vanjsko ku\u0107i\u0161te izra\u0111eno je od specijalnog kompozitnog materijala, dok je spremnik izra\u0111en od prvoklasnog nehr\u0111aju\u0107eg \u010delika AISI 316. Svaka jedinica pokriva trogodi\u0161nje jamstvo i preporu\u010duje se kori\u0161tenje s kitom za premiksanje vode.<\/p>\n<p style=\"color: rgb(34, 34, 34); font-family: Arial, Helvetica, sans-serif; font-size: small;\">Quick B3 serija bojlera dostupna je u raznim veli\u010dinama i sadr\u017ei spremnik izra\u0111en od visokokvalitetnog nehr\u0111aju\u0107eg \u010delika s debljinom zida od 1,5 mm. Opremljeni su \u010dvrstom pjenastom izolacijom i otpornim plasti\u010dnim ku\u0107i\u0161tem. Svaki bojler sadr\u017ei sigurnosni\/nehvalni ventil i elektri\u010dni grija\u010d dostupne snage od 500 ili 1200 vata.<\/p>\n<p style=\"color: rgb(34, 34, 34); font-family: Arial, Helvetica, sans-serif; font-size: small;\">Model Quick B3 je cilindri\u010dni grija\u010d vode koji koristi incoloy elektri\u010dni grija\u010d, koji se kombinira s prilagodljivim sigurnosnim bi-termometrom. Ovaj model se mo\u017ee pohvaliti prenosnikom topline izra\u0111enim od AISI 316L nehr\u0111aju\u0107eg \u010delika, pru\u017eaju\u0107i kapacitet koji prema\u0161uje mnoge svoje konkurente. Unutarnji spremnik izra\u0111en je od nehr\u0111aju\u0107eg \u010delika AISI 316 debljine 1,5 mm, zavarivan koriste\u0107i Argon za\u0161titni plin za pove\u0107anje otpornosti na koroziju. Vanjsko ku\u0107i\u0161te je izra\u0111eno od vrlo izdr\u017eljive plasti\u010dne kompozitne tvari.<\/p>\n<p style=\"color: rgb(34, 34, 34); font-family: Arial, Helvetica, sans-serif; font-size: small;\">Jednostavno je izolirano s pjenom od poliuretana visoke gusto\u0107e, koja se injektira izme\u0111u poklopca i spremnika kako bi se osigurala superiorna zadr\u017eavanje topline. B3 model tako\u0111er sadr\u017ei prilagodljive metalne okvire za svestrano montiranje u sku\u010denim prostorima. Svaka jedinica dolazi s grija\u010dem vode, monta\u017enim okovima i \u010detiri mesinga.<\/p>\n<p style=\"color: rgb(34, 34, 34); font-family: Arial, Helvetica, sans-serif; font-size: small;\"><strong>Klju\u010dne Zna\u010dajke:<\/strong><\/p>\n<ul style=\"color: rgb(34, 34, 34); font-family: Arial, Helvetica, sans-serif; font-size: small;\">\n<li>Proizvodi toplu vodu koriste\u0107i elektri\u010dni element, koji uklju\u010duje prilagodljivi sigurnosni bi-termometar<\/li>\n<li>Prijenosnik topline s velikom povr\u0161inom za u\u010dinkovitu razmjenu topline<\/li>\n<li>Izra\u0111eno od visokokvalitetnih materijala<\/li>\n<li>Ventil za povrat\/\u010di\u0161\u0107enje za sigurno ispu\u0161tanje vode kada nije u radu<\/li>\n<\/ul>\n<p style=\"color: rgb(34, 34, 34); font-family: Arial, Helvetica, sans-serif; font-size: small;\"><strong>Grija\u010d vode: Tip B3<\/strong><\/p>\n<ul style=\"color: rgb(34, 34, 34); font-family: Arial, Helvetica, sans-serif; font-size: small;\">\n<li>Proizvodi toplu vodu iz elektri\u010dnog elementa, opremljenog prilagodljivim sigurnosnim bi-termometrom<\/li>\n<li>Prijenosnik topline sa \u0161irokom povr\u0161inom za razmjenu topline<\/li>\n<li>Izra\u0111eno od vrhunskih materijala<\/li>\n<li>Ventil za povrat\/\u010di\u0161\u0107enje koji olak\u0161ava ispu\u0161tanje grija\u010da kada nije u upotrebi<\/li>\n<\/ul>\n<p style=\"color: rgb(34, 34, 34); font-family: Arial, Helvetica, sans-serif; font-size: small;\"><strong>Grija\u010d vode Quick B3 40lt:<\/strong><\/p>\n<ul style=\"color: rgb(34, 34, 34); font-family: Arial, Helvetica, sans-serif; font-size: small;\">\n<li>Promjer: 360 MM<\/li>\n<li>Snaga elektri\u010dnog elementa: 1200W<\/li>\n<li>Duljina: 620 MM<\/li>\n<li>Oblik: Okrugli<\/li>\n<li>Kapacitet spremnika: 40 L<\/li>\n<li>Peso: 11,7 KG<\/li>\n<\/ul>\n<p style=\"color: rgb(34, 34, 34); font-family: Arial, Helvetica, sans-serif; font-size: small;\"><strong>Specifikacije:<\/strong><\/p>\n<ul style=\"color: rgb(34, 34, 34); font-family: Arial, Helvetica, sans-serif; font-size: small;\">\n<li>Materijal spremnika: Nehr\u0111aju\u0107i \u010delik<\/li>\n<li>Termalna izolacija: Pjena od poliuretana<\/li>\n<li>Vanjski materijal obloge: Kompozit<\/li>\n<li>Pritisak spremnika (Test rada): 800 kPa<\/li>\n<li>Maksimalni radni pritisak: 600 kPa<\/li>\n<li>Naponski rejting elektri\u010dnog elementa: 220 Vac \u00b1 10%<\/li>\n<li>Snaga elektri\u010dnog elementa: 1200 W (Model 12)<\/li>\n<li>Promjer ispuha: 1\/2&#8243;<\/li>\n<\/ul>\n<p style=\"color: rgb(34, 34, 34); font-family: Arial, Helvetica, sans-serif; font-size: small;\">Ova detaljna pregled nagla\u0161ava kvalitetu i zna\u010dajke na\u0161ih Nautic Boiler grija\u010da vode, osiguravaju\u0107i vam sve potrebne informacije za dono\u0161enje dobro informirane odluke.<\/p>\n","protected":false},"excerpt":{"rendered":"<p>Grija\u010d vode Quick B3 40lt &#8211; Nautic Boiler grija\u010di vode su stru\u010dno izra\u0111eni za marine. Opremljeni su elektri\u010dnim grija\u010dem od<\/p>\n","protected":false},"featured_media":5938709,"comment_status":"open","ping_status":"closed","template":"","meta":[],"product_brand":[3281],"product_cat":[1651],"product_tag":[],"class_list":{"0":"post-741982","1":"product","2":"type-product","3":"status-publish","4":"has-post-thumbnail","6":"product_brand-quick-hr","7":"product_cat-grijaci-vode","9":"first","10":"outofstock","11":"shipping-taxable","12":"purchasable","13":"product-type-simple"},"_links":{"self":[{"href":"https:\/\/stoic-curie.212-227-153-4.plesk.page\/hr\/wp-json\/wp\/v2\/product\/741982","targetHints":{"allow":["GET"]}}],"collection":[{"href":"https:\/\/stoic-curie.212-227-153-4.plesk.page\/hr\/wp-json\/wp\/v2\/product"}],"about":[{"href":"https:\/\/stoic-curie.212-227-153-4.plesk.page\/hr\/wp-json\/wp\/v2\/types\/product"}],"replies":[{"embeddable":true,"href":"https:\/\/stoic-curie.212-227-153-4.plesk.page\/hr\/wp-json\/wp\/v2\/comments?post=741982"}],"version-history":[{"count":0,"href":"https:\/\/stoic-curie.212-227-153-4.plesk.page\/hr\/wp-json\/wp\/v2\/product\/741982\/revisions"}],"wp:featuredmedia":[{"embeddable":true,"href":"https:\/\/stoic-curie.212-227-153-4.plesk.page\/hr\/wp-json\/wp\/v2\/media\/5938709"}],"wp:attachment":[{"href":"https:\/\/stoic-curie.212-227-153-4.plesk.page\/hr\/wp-json\/wp\/v2\/media?parent=741982"}],"wp:term":[{"taxonomy":"product_brand","embeddable":true,"href":"https:\/\/stoic-curie.212-227-153-4.plesk.page\/hr\/wp-json\/wp\/v2\/product_brand?post=741982"},{"taxonomy":"product_cat","embeddable":true,"href":"https:\/\/stoic-curie.212-227-153-4.plesk.page\/hr\/wp-json\/wp\/v2\/product_cat?post=741982"},{"taxonomy":"product_tag","embeddable":true,"href":"https:\/\/stoic-curie.212-227-153-4.plesk.page\/hr\/wp-json\/wp\/v2\/product_tag?post=741982"}],"curies":[{"name":"wp","href":"https:\/\/api.w.org\/{rel}","templated":true}]}}