{"id":741983,"date":"2025-03-03T18:18:18","date_gmt":"2025-03-03T17:18:18","guid":{"rendered":"https:\/\/stoic-curie.212-227-153-4.plesk.page\/producto\/grijac-vode-quick-bxr20-20lt\/"},"modified":"2026-02-25T00:00:57","modified_gmt":"2026-02-25T00:00:57","slug":"grijac-vode-quick-bxr20-20lt","status":"publish","type":"product","link":"https:\/\/stoic-curie.212-227-153-4.plesk.page\/hr\/product\/grijac-vode-quick-bxr20-20lt\/","title":{"rendered":"Grija\u010d vode Quick BX 20"},"content":{"rendered":"<p>Grija\u010d vode Quick BX 20 &#8211; <\/p>\n<p>Nautic Boiler grija\u010d vode posebno je projektiran za marinske primjene. Mo\u017ee raditi na kopnu ili s generatorom, koriste\u0107i elektri\u010dni otpor od 1200W-220V, ili mo\u017ee iskoristiti toplinu iz rashladnog sustava motora putem jedinstvenog omotnog izmjenjiva\u010da topline. Ova jedinica osigurava da voda ostane pitka i uklju\u010duje anodnu \u0161ipku za borbu protiv u\u010dinaka elektrolize. Izra\u0111ena je od cijevi od nehr\u0111aju\u0107eg \u010delika 316 i ima izoliranu ku\u0107i\u0161te, dolazi s trogodi\u0161njim jamstvom i zahtijeva komplet ventila za mije\u0161anje za zavr\u0161etak. <\/p>\n<p>BX serija<\/p>\n<p>Cilindri\u010dni grija\u010d vode sadr\u017ei:<\/p>\n<ul>\n<li>Vanjski cilindar od AISI 304 nehr\u0111aju\u0107eg \u010delika.<\/li>\n<li>Spremnik za vodu i grija\u010d izra\u0111eni su od AISI 316L nehr\u0111aju\u0107eg \u010delika.<\/li>\n<li>Dolazi s nosa\u010dem za monta\u017eu.<\/li>\n<li>Mo\u017ee se montirati vertikalno ili horizontalno.<\/li>\n<\/ul>\n<p>Brzi Nautic Boiler BX 20<br \/>Kapacitet: 20 litara<br \/>Grija\u010d: 1200 W &#8211; 220 V<br \/>Dimenzije (promjer x du\u017eina): 300 x 500 mm<br \/>Te\u017eina: 10,9 kg<\/p>\n","protected":false},"excerpt":{"rendered":"<p>Grija\u010d vode Quick BX 20 &#8211; Nautic Boiler grija\u010d vode posebno je projektiran za marinske primjene. Mo\u017ee raditi na kopnu<\/p>\n","protected":false},"featured_media":5938710,"comment_status":"open","ping_status":"closed","template":"","meta":[],"product_brand":[3281],"product_cat":[1651],"product_tag":[],"class_list":{"0":"post-741983","1":"product","2":"type-product","3":"status-publish","4":"has-post-thumbnail","6":"product_brand-quick-hr","7":"product_cat-grijaci-vode","9":"first","10":"instock","11":"shipping-taxable","12":"purchasable","13":"product-type-simple"},"_links":{"self":[{"href":"https:\/\/stoic-curie.212-227-153-4.plesk.page\/hr\/wp-json\/wp\/v2\/product\/741983","targetHints":{"allow":["GET"]}}],"collection":[{"href":"https:\/\/stoic-curie.212-227-153-4.plesk.page\/hr\/wp-json\/wp\/v2\/product"}],"about":[{"href":"https:\/\/stoic-curie.212-227-153-4.plesk.page\/hr\/wp-json\/wp\/v2\/types\/product"}],"replies":[{"embeddable":true,"href":"https:\/\/stoic-curie.212-227-153-4.plesk.page\/hr\/wp-json\/wp\/v2\/comments?post=741983"}],"version-history":[{"count":0,"href":"https:\/\/stoic-curie.212-227-153-4.plesk.page\/hr\/wp-json\/wp\/v2\/product\/741983\/revisions"}],"wp:featuredmedia":[{"embeddable":true,"href":"https:\/\/stoic-curie.212-227-153-4.plesk.page\/hr\/wp-json\/wp\/v2\/media\/5938710"}],"wp:attachment":[{"href":"https:\/\/stoic-curie.212-227-153-4.plesk.page\/hr\/wp-json\/wp\/v2\/media?parent=741983"}],"wp:term":[{"taxonomy":"product_brand","embeddable":true,"href":"https:\/\/stoic-curie.212-227-153-4.plesk.page\/hr\/wp-json\/wp\/v2\/product_brand?post=741983"},{"taxonomy":"product_cat","embeddable":true,"href":"https:\/\/stoic-curie.212-227-153-4.plesk.page\/hr\/wp-json\/wp\/v2\/product_cat?post=741983"},{"taxonomy":"product_tag","embeddable":true,"href":"https:\/\/stoic-curie.212-227-153-4.plesk.page\/hr\/wp-json\/wp\/v2\/product_tag?post=741983"}],"curies":[{"name":"wp","href":"https:\/\/api.w.org\/{rel}","templated":true}]}}