{"id":741984,"date":"2025-03-03T18:18:19","date_gmt":"2025-03-03T17:18:19","guid":{"rendered":"https:\/\/stoic-curie.212-227-153-4.plesk.page\/producto\/grijac-vode-quick-bxr30-30lt\/"},"modified":"2026-02-25T00:00:57","modified_gmt":"2026-02-25T00:00:57","slug":"grijac-vode-quick-bxr30-30lt","status":"publish","type":"product","link":"https:\/\/stoic-curie.212-227-153-4.plesk.page\/hr\/product\/grijac-vode-quick-bxr30-30lt\/","title":{"rendered":"Grija\u010d vode Quick BX 30"},"content":{"rendered":"<p>Grija\u010d vode Quick BX 30 &#8211; <\/p>\n<p>Predstavljamo Nautic Boiler, specijalizirani grija\u010d vode prilago\u0111en pomorskim okru\u017eenjima. Mo\u017ee raditi na kopnu ili s generatorom, koriste\u0107i elektri\u010dni otpornik od 1200W-220V. Pored toga, uklju\u010duje jedinstveni izmjenjiva\u010d topline koji preuzima toplinu iz sustava hla\u0111enja motora, osiguravaju\u0107i da va\u0161a voda ostane sigurna za pitku. Ure\u0111aj je opremljen anodnim \u0161titnikom za za\u0161titu od elektrolize i izgra\u0111en je od 316 nehr\u0111aju\u0107eg \u010delika s izolacijskom oblogom. U\u017eivajte u sigurnosti trogodi\u0161nje garancije. Molimo imajte na umu da je kit za mje\u0161anje ventila neophodan za potpunu instalaciju.<\/p>\n<p><strong>Zna\u010dajke BX serije cilindri\u010dnog grija\u010da vode:<\/strong><\/p>\n<ul>\n<li><strong>Vanjski cilindar:<\/strong> Izra\u0111en od AISI 304 nehr\u0111aju\u0107eg \u010delika.<\/li>\n<li><strong>Spremnik za vodu i grija\u0107i element:<\/strong> Izra\u0111eni od AISI 316L nehr\u0111aju\u0107eg \u010delika.<\/li>\n<li><strong>Konstrukcijski nosa\u010d:<\/strong> Pru\u017ea se za jednostavnu instalaciju.<\/li>\n<li><strong>Opcije monta\u017ee:<\/strong> Mo\u017ee se postaviti vertikalno ili horizontalno.<\/li>\n<\/ul>\n<p><strong>Brze specifikacije Nautic Boiler BX 30:<\/strong><\/p>\n<ul>\n<li><strong>Kapacitet:<\/strong> 30 litara<\/li>\n<li><strong>Grija\u0107i element:<\/strong> 1200W &#8211; 220V<\/li>\n<li><strong>Dimenzije (Promjer x Duljina):<\/strong> 360 x 495 mm<\/li>\n<li><strong>Te\u017eina:<\/strong> 12,6 kg<\/li>\n<\/ul>\n","protected":false},"excerpt":{"rendered":"<p>Grija\u010d vode Quick BX 30 &#8211; Predstavljamo Nautic Boiler, specijalizirani grija\u010d vode prilago\u0111en pomorskim okru\u017eenjima. Mo\u017ee raditi na kopnu ili<\/p>\n","protected":false},"featured_media":5938710,"comment_status":"open","ping_status":"closed","template":"","meta":[],"product_brand":[3281],"product_cat":[1651],"product_tag":[],"class_list":{"0":"post-741984","1":"product","2":"type-product","3":"status-publish","4":"has-post-thumbnail","6":"product_brand-quick-hr","7":"product_cat-grijaci-vode","9":"first","10":"outofstock","11":"shipping-taxable","12":"purchasable","13":"product-type-simple"},"_links":{"self":[{"href":"https:\/\/stoic-curie.212-227-153-4.plesk.page\/hr\/wp-json\/wp\/v2\/product\/741984","targetHints":{"allow":["GET"]}}],"collection":[{"href":"https:\/\/stoic-curie.212-227-153-4.plesk.page\/hr\/wp-json\/wp\/v2\/product"}],"about":[{"href":"https:\/\/stoic-curie.212-227-153-4.plesk.page\/hr\/wp-json\/wp\/v2\/types\/product"}],"replies":[{"embeddable":true,"href":"https:\/\/stoic-curie.212-227-153-4.plesk.page\/hr\/wp-json\/wp\/v2\/comments?post=741984"}],"version-history":[{"count":0,"href":"https:\/\/stoic-curie.212-227-153-4.plesk.page\/hr\/wp-json\/wp\/v2\/product\/741984\/revisions"}],"wp:featuredmedia":[{"embeddable":true,"href":"https:\/\/stoic-curie.212-227-153-4.plesk.page\/hr\/wp-json\/wp\/v2\/media\/5938710"}],"wp:attachment":[{"href":"https:\/\/stoic-curie.212-227-153-4.plesk.page\/hr\/wp-json\/wp\/v2\/media?parent=741984"}],"wp:term":[{"taxonomy":"product_brand","embeddable":true,"href":"https:\/\/stoic-curie.212-227-153-4.plesk.page\/hr\/wp-json\/wp\/v2\/product_brand?post=741984"},{"taxonomy":"product_cat","embeddable":true,"href":"https:\/\/stoic-curie.212-227-153-4.plesk.page\/hr\/wp-json\/wp\/v2\/product_cat?post=741984"},{"taxonomy":"product_tag","embeddable":true,"href":"https:\/\/stoic-curie.212-227-153-4.plesk.page\/hr\/wp-json\/wp\/v2\/product_tag?post=741984"}],"curies":[{"name":"wp","href":"https:\/\/api.w.org\/{rel}","templated":true}]}}