{"id":741985,"date":"2025-03-03T18:18:19","date_gmt":"2025-03-03T17:18:19","guid":{"rendered":"https:\/\/stoic-curie.212-227-153-4.plesk.page\/producto\/grijac-vode-quick-bxr50-50lt\/"},"modified":"2026-02-25T00:00:57","modified_gmt":"2026-02-25T00:00:57","slug":"grijac-vode-quick-bxr50-50lt","status":"publish","type":"product","link":"https:\/\/stoic-curie.212-227-153-4.plesk.page\/hr\/product\/grijac-vode-quick-bxr50-50lt\/","title":{"rendered":"Grija\u010d vode Quick BX 50"},"content":{"rendered":"<p>Grija\u010d vode Quick BX 50 &#8211; <\/p>\n<p style=\"color: rgb(34, 34, 34); font-family: Arial, Helvetica, sans-serif; font-size: small;\">Predstavljamo BX seriju cilindri\u010dnih bojlera za vodu, nauti\u010dki bojler posebno dizajniran za morsku upotrebu.<\/p>\n<p style=\"color: rgb(34, 34, 34); font-family: Arial, Helvetica, sans-serif; font-size: small;\">Ovaj svestrani bojler mo\u017ee raditi na obalskoj energiji ili se mo\u017ee koristiti s generatorom, sa elektri\u010dnom otpornom snagom od 1200W-220V. Tako\u0111er koristi jedinstveni izmjenjiva\u010d topline koji se povezuje na rashladni krug motora, osiguravaju\u0107i da voda ostane sigurna za pi\u0107e. Uklju\u010dena je anoda koja \u0161titi od u\u010dinaka elektrolize.<\/p>\n<p style=\"color: rgb(34, 34, 34); font-family: Arial, Helvetica, sans-serif; font-size: small;\">Spremnik je napravljen od izdr\u017eljive 316 nehr\u0111aju\u0107e \u010delika i je izoliran radi u\u010dinkovitosti. Nudimo trogodi\u0161nje jamstvo za va\u0161u sigurnost. Imajte na umu da se ovaj ure\u0111aj treba povezati s kitom za mije\u0161anje ventila za optimalne performanse.<\/p>\n<p style=\"color: rgb(34, 34, 34); font-family: Arial, Helvetica, sans-serif; font-size: small;\">Klju\u010dne specifikacije uklju\u010duju:<\/p>\n<ul style=\"color: rgb(34, 34, 34); font-family: Arial, Helvetica, sans-serif; font-size: small;\">\n<li>Vanjski cilindar: AISI 304 nehr\u0111aju\u0107i \u010delik<\/li>\n<li>Rezervoar za vodu i grija\u0107i element: AISI 316L nehr\u0111aju\u0107i \u010delik<\/li>\n<li>Dolazi s montirnom potporom i termostatskim mije\u0161nim ventilom<\/li>\n<li>Mogu\u0107e je montirati okomito ili vodoravno<\/li>\n<\/ul>\n<p style=\"color: rgb(34, 34, 34); font-family: Arial, Helvetica, sans-serif; font-size: small;\">Za Quick Nautic Boiler BX 50:<\/p>\n<ul style=\"color: rgb(34, 34, 34); font-family: Arial, Helvetica, sans-serif; font-size: small;\">\n<li>Kapacitet: 50 litara<\/li>\n<li>Grijni element: 1200W &#8211; 220V<\/li>\n<li>Dimenzije (Promjer x Du\u017eina): 400 x 610 mm<\/li>\n<li>Te\u017eina: 17,0 kg<\/li>\n<\/ul>\n<p style=\"color: rgb(34, 34, 34); font-family: Arial, Helvetica, sans-serif; font-size: small;\">Ovaj bojler za vodu izvanredan je izbor za entuzijaste brodova koji tra\u017ee pouzdanost i kvalitetu.<\/p>\n","protected":false},"excerpt":{"rendered":"<p>Grija\u010d vode Quick BX 50 &#8211; Predstavljamo BX seriju cilindri\u010dnih bojlera za vodu, nauti\u010dki bojler posebno dizajniran za morsku upotrebu.<\/p>\n","protected":false},"featured_media":5938710,"comment_status":"open","ping_status":"closed","template":"","meta":[],"product_brand":[3281],"product_cat":[1651],"product_tag":[],"class_list":{"0":"post-741985","1":"product","2":"type-product","3":"status-publish","4":"has-post-thumbnail","6":"product_brand-quick-hr","7":"product_cat-grijaci-vode","9":"first","10":"instock","11":"shipping-taxable","12":"purchasable","13":"product-type-simple"},"_links":{"self":[{"href":"https:\/\/stoic-curie.212-227-153-4.plesk.page\/hr\/wp-json\/wp\/v2\/product\/741985","targetHints":{"allow":["GET"]}}],"collection":[{"href":"https:\/\/stoic-curie.212-227-153-4.plesk.page\/hr\/wp-json\/wp\/v2\/product"}],"about":[{"href":"https:\/\/stoic-curie.212-227-153-4.plesk.page\/hr\/wp-json\/wp\/v2\/types\/product"}],"replies":[{"embeddable":true,"href":"https:\/\/stoic-curie.212-227-153-4.plesk.page\/hr\/wp-json\/wp\/v2\/comments?post=741985"}],"version-history":[{"count":0,"href":"https:\/\/stoic-curie.212-227-153-4.plesk.page\/hr\/wp-json\/wp\/v2\/product\/741985\/revisions"}],"wp:featuredmedia":[{"embeddable":true,"href":"https:\/\/stoic-curie.212-227-153-4.plesk.page\/hr\/wp-json\/wp\/v2\/media\/5938710"}],"wp:attachment":[{"href":"https:\/\/stoic-curie.212-227-153-4.plesk.page\/hr\/wp-json\/wp\/v2\/media?parent=741985"}],"wp:term":[{"taxonomy":"product_brand","embeddable":true,"href":"https:\/\/stoic-curie.212-227-153-4.plesk.page\/hr\/wp-json\/wp\/v2\/product_brand?post=741985"},{"taxonomy":"product_cat","embeddable":true,"href":"https:\/\/stoic-curie.212-227-153-4.plesk.page\/hr\/wp-json\/wp\/v2\/product_cat?post=741985"},{"taxonomy":"product_tag","embeddable":true,"href":"https:\/\/stoic-curie.212-227-153-4.plesk.page\/hr\/wp-json\/wp\/v2\/product_tag?post=741985"}],"curies":[{"name":"wp","href":"https:\/\/api.w.org\/{rel}","templated":true}]}}