{"id":741986,"date":"2025-03-03T18:18:19","date_gmt":"2025-03-03T17:18:19","guid":{"rendered":"https:\/\/stoic-curie.212-227-153-4.plesk.page\/producto\/ventil-za-mijesanje-za-grijace-vode-johnson\/"},"modified":"2026-02-25T00:00:57","modified_gmt":"2026-02-25T00:00:57","slug":"ventil-za-mijesanje-za-grijace-vode-johnson","status":"publish","type":"product","link":"https:\/\/stoic-curie.212-227-153-4.plesk.page\/hr\/product\/ventil-za-mijesanje-za-grijace-vode-johnson\/","title":{"rendered":"Ventil za mije\u0161anje za grija\u010de vode Johnson"},"content":{"rendered":"<p>Ventil za mije\u0161anje za grija\u010de vode Johnson &#8211; <\/p>\n<p>Johnson Marine Boiler grijala vode od 316 nehr\u0111aju\u0107eg \u010delika dizajnirano je za pomorsku upotrebu. Radi na obali ili koriste\u0107i generator na 500 W-220 V elektri\u010dne otpornosti ili, zahvaljuju\u0107i posebnom sustavu, s toplinom iz rashladnog kruga motora. 360\u00b0 podesive noge za monta\u017eu olak\u0161avaju instalaciju.<\/p>\n","protected":false},"excerpt":{"rendered":"<p>Ventil za mije\u0161anje za grija\u010de vode Johnson &#8211; Johnson Marine Boiler grijala vode od 316 nehr\u0111aju\u0107eg \u010delika dizajnirano je za<\/p>\n","protected":false},"featured_media":5943342,"comment_status":"open","ping_status":"closed","template":"","meta":[],"product_brand":[3046],"product_cat":[1651],"product_tag":[],"class_list":{"0":"post-741986","1":"product","2":"type-product","3":"status-publish","4":"has-post-thumbnail","6":"product_brand-johnson-marine-hr","7":"product_cat-grijaci-vode","9":"first","10":"instock","11":"shipping-taxable","12":"purchasable","13":"product-type-simple"},"_links":{"self":[{"href":"https:\/\/stoic-curie.212-227-153-4.plesk.page\/hr\/wp-json\/wp\/v2\/product\/741986","targetHints":{"allow":["GET"]}}],"collection":[{"href":"https:\/\/stoic-curie.212-227-153-4.plesk.page\/hr\/wp-json\/wp\/v2\/product"}],"about":[{"href":"https:\/\/stoic-curie.212-227-153-4.plesk.page\/hr\/wp-json\/wp\/v2\/types\/product"}],"replies":[{"embeddable":true,"href":"https:\/\/stoic-curie.212-227-153-4.plesk.page\/hr\/wp-json\/wp\/v2\/comments?post=741986"}],"version-history":[{"count":0,"href":"https:\/\/stoic-curie.212-227-153-4.plesk.page\/hr\/wp-json\/wp\/v2\/product\/741986\/revisions"}],"wp:featuredmedia":[{"embeddable":true,"href":"https:\/\/stoic-curie.212-227-153-4.plesk.page\/hr\/wp-json\/wp\/v2\/media\/5943342"}],"wp:attachment":[{"href":"https:\/\/stoic-curie.212-227-153-4.plesk.page\/hr\/wp-json\/wp\/v2\/media?parent=741986"}],"wp:term":[{"taxonomy":"product_brand","embeddable":true,"href":"https:\/\/stoic-curie.212-227-153-4.plesk.page\/hr\/wp-json\/wp\/v2\/product_brand?post=741986"},{"taxonomy":"product_cat","embeddable":true,"href":"https:\/\/stoic-curie.212-227-153-4.plesk.page\/hr\/wp-json\/wp\/v2\/product_cat?post=741986"},{"taxonomy":"product_tag","embeddable":true,"href":"https:\/\/stoic-curie.212-227-153-4.plesk.page\/hr\/wp-json\/wp\/v2\/product_tag?post=741986"}],"curies":[{"name":"wp","href":"https:\/\/api.w.org\/{rel}","templated":true}]}}