{"id":741989,"date":"2025-03-03T18:18:20","date_gmt":"2025-03-03T17:18:20","guid":{"rendered":"https:\/\/stoic-curie.212-227-153-4.plesk.page\/producto\/okruglo-kuhalo-upusteno-od-nehrdajuceg-celika-340-mm-1-plamenik\/"},"modified":"2026-02-25T00:00:57","modified_gmt":"2026-02-25T00:00:57","slug":"okruglo-kuhalo-upusteno-od-nehrdajuceg-celika-340-mm-1-plamenik","status":"publish","type":"product","link":"https:\/\/stoic-curie.212-227-153-4.plesk.page\/hr\/product\/okruglo-kuhalo-upusteno-od-nehrdajuceg-celika-340-mm-1-plamenik\/","title":{"rendered":"Okruglo kuhalo upu\u0161teno od nehr\u0111aju\u0107eg \u010delika 340 mm (1 plamenik)"},"content":{"rendered":"<p>Okruglo kuhalo upu\u0161teno od nehr\u0111aju\u0107eg \u010delika 340 mm (1 plamenik) &#8211; <\/p>\n<p>Ugradni plinski kuhali od nehr\u0111aju\u0107eg \u010delika s sigurnosnim termoelementima i poklopcem od kaljenog stakla.<\/p>\n","protected":false},"excerpt":{"rendered":"<p>Okruglo kuhalo upu\u0161teno od nehr\u0111aju\u0107eg \u010delika 340 mm (1 plamenik) &#8211; Ugradni plinski kuhali od nehr\u0111aju\u0107eg \u010delika s sigurnosnim termoelementima<\/p>\n","protected":false},"featured_media":5943347,"comment_status":"open","ping_status":"closed","template":"","meta":[],"product_brand":[2856],"product_cat":[1641],"product_tag":[],"class_list":{"0":"post-741989","1":"product","2":"type-product","3":"status-publish","4":"has-post-thumbnail","6":"product_brand-can-marine-hr","7":"product_cat-brodski-stednjaci","9":"first","10":"instock","11":"shipping-taxable","12":"purchasable","13":"product-type-simple"},"_links":{"self":[{"href":"https:\/\/stoic-curie.212-227-153-4.plesk.page\/hr\/wp-json\/wp\/v2\/product\/741989","targetHints":{"allow":["GET"]}}],"collection":[{"href":"https:\/\/stoic-curie.212-227-153-4.plesk.page\/hr\/wp-json\/wp\/v2\/product"}],"about":[{"href":"https:\/\/stoic-curie.212-227-153-4.plesk.page\/hr\/wp-json\/wp\/v2\/types\/product"}],"replies":[{"embeddable":true,"href":"https:\/\/stoic-curie.212-227-153-4.plesk.page\/hr\/wp-json\/wp\/v2\/comments?post=741989"}],"version-history":[{"count":0,"href":"https:\/\/stoic-curie.212-227-153-4.plesk.page\/hr\/wp-json\/wp\/v2\/product\/741989\/revisions"}],"wp:featuredmedia":[{"embeddable":true,"href":"https:\/\/stoic-curie.212-227-153-4.plesk.page\/hr\/wp-json\/wp\/v2\/media\/5943347"}],"wp:attachment":[{"href":"https:\/\/stoic-curie.212-227-153-4.plesk.page\/hr\/wp-json\/wp\/v2\/media?parent=741989"}],"wp:term":[{"taxonomy":"product_brand","embeddable":true,"href":"https:\/\/stoic-curie.212-227-153-4.plesk.page\/hr\/wp-json\/wp\/v2\/product_brand?post=741989"},{"taxonomy":"product_cat","embeddable":true,"href":"https:\/\/stoic-curie.212-227-153-4.plesk.page\/hr\/wp-json\/wp\/v2\/product_cat?post=741989"},{"taxonomy":"product_tag","embeddable":true,"href":"https:\/\/stoic-curie.212-227-153-4.plesk.page\/hr\/wp-json\/wp\/v2\/product_tag?post=741989"}],"curies":[{"name":"wp","href":"https:\/\/api.w.org\/{rel}","templated":true}]}}