{"id":742015,"date":"2025-03-03T18:18:26","date_gmt":"2025-03-03T17:18:26","guid":{"rendered":"https:\/\/stoic-curie.212-227-153-4.plesk.page\/producto\/sustav-tlaka-vode-cem-centrifugalna-pumpa-35lt-minuta-12v\/"},"modified":"2026-02-25T00:00:57","modified_gmt":"2026-02-25T00:00:57","slug":"sustav-tlaka-vode-cem-centrifugalna-pumpa-35lt-minuta-12v","status":"publish","type":"product","link":"https:\/\/stoic-curie.212-227-153-4.plesk.page\/hr\/product\/sustav-tlaka-vode-cem-centrifugalna-pumpa-35lt-minuta-12v\/","title":{"rendered":"Centrifugalna Pumpa CEM CMG PB 35 12V"},"content":{"rendered":"<p>Centrifugalna Pumpa CEM CMG PB 35 12V &#8211; <\/p>\n<p>Centrifugalna pumpa CEM CMG PB 35 12V opremljena je robusnim bron\u010danim impelerom, pa\u017eljivo dizajniranim za generiranje visokog tlaka u \u0161irokom spektru aplikacija. Ova svestrana pumpa posebno je pogodna za zadatke \u010di\u0161\u0107enja, \u0161to je \u010dini odli\u010dnim izborom za odr\u017eavanje paluba, lanaca i trupa. Bez obzira na to koristi li se u slatkoj ili slanoj vodi, ova pumpa radi u\u010dinkovito, osiguravaju\u0107i pouzdanu izvedbu u razli\u010ditim okru\u017eenjima. Va\u017eno je napomenuti da je potrebna povratna ventila kako bi se osigurala optimalna izvedba i sigurnost tijekom rada ove pumpe.<\/p>\n","protected":false},"excerpt":{"rendered":"<p>Centrifugalna Pumpa CEM CMG PB 35 12V &#8211; Centrifugalna pumpa CEM CMG PB 35 12V opremljena je robusnim bron\u010danim impelerom,<\/p>\n","protected":false},"featured_media":5939036,"comment_status":"open","ping_status":"closed","template":"","meta":[],"product_brand":[2976],"product_cat":[1660],"product_tag":[],"class_list":{"0":"post-742015","1":"product","2":"type-product","3":"status-publish","4":"has-post-thumbnail","6":"product_brand-gianneschi-hr","7":"product_cat-pumpe-za-tlak-vode","9":"first","10":"instock","11":"shipping-taxable","12":"purchasable","13":"product-type-simple"},"_links":{"self":[{"href":"https:\/\/stoic-curie.212-227-153-4.plesk.page\/hr\/wp-json\/wp\/v2\/product\/742015","targetHints":{"allow":["GET"]}}],"collection":[{"href":"https:\/\/stoic-curie.212-227-153-4.plesk.page\/hr\/wp-json\/wp\/v2\/product"}],"about":[{"href":"https:\/\/stoic-curie.212-227-153-4.plesk.page\/hr\/wp-json\/wp\/v2\/types\/product"}],"replies":[{"embeddable":true,"href":"https:\/\/stoic-curie.212-227-153-4.plesk.page\/hr\/wp-json\/wp\/v2\/comments?post=742015"}],"version-history":[{"count":0,"href":"https:\/\/stoic-curie.212-227-153-4.plesk.page\/hr\/wp-json\/wp\/v2\/product\/742015\/revisions"}],"wp:featuredmedia":[{"embeddable":true,"href":"https:\/\/stoic-curie.212-227-153-4.plesk.page\/hr\/wp-json\/wp\/v2\/media\/5939036"}],"wp:attachment":[{"href":"https:\/\/stoic-curie.212-227-153-4.plesk.page\/hr\/wp-json\/wp\/v2\/media?parent=742015"}],"wp:term":[{"taxonomy":"product_brand","embeddable":true,"href":"https:\/\/stoic-curie.212-227-153-4.plesk.page\/hr\/wp-json\/wp\/v2\/product_brand?post=742015"},{"taxonomy":"product_cat","embeddable":true,"href":"https:\/\/stoic-curie.212-227-153-4.plesk.page\/hr\/wp-json\/wp\/v2\/product_cat?post=742015"},{"taxonomy":"product_tag","embeddable":true,"href":"https:\/\/stoic-curie.212-227-153-4.plesk.page\/hr\/wp-json\/wp\/v2\/product_tag?post=742015"}],"curies":[{"name":"wp","href":"https:\/\/api.w.org\/{rel}","templated":true}]}}