{"id":742017,"date":"2025-03-03T18:18:27","date_gmt":"2025-03-03T17:18:27","guid":{"rendered":"https:\/\/stoic-curie.212-227-153-4.plesk.page\/producto\/tlacni-sustav-pitke-vode-cem-24v-35lt-m-s-epc-om\/"},"modified":"2026-02-25T00:00:57","modified_gmt":"2026-02-25T00:00:57","slug":"tlacni-sustav-pitke-vode-cem-24v-35lt-m-s-epc-om","status":"publish","type":"product","link":"https:\/\/stoic-curie.212-227-153-4.plesk.page\/hr\/product\/tlacni-sustav-pitke-vode-cem-24v-35lt-m-s-epc-om\/","title":{"rendered":"Sustav pritiska slatkovodnog CEM PB 24v &#8211; 35lt\/m s EPC"},"content":{"rendered":"<p>Sustav pritiska slatkovodnog CEM PB 24v &#8211; 35lt\/m s EPC &#8211; <\/p>\n<p style=\"color: rgb(34, 34, 34); font-family: Arial, Helvetica, sans-serif; font-size: small;\"><strong>Pregled EPC sustava pritiska vode<\/strong><\/p>\n<p style=\"color: rgb(34, 34, 34); font-family: Arial, Helvetica, sans-serif; font-size: small;\">EPC (Elektroni\u010dka kontrola pritiska) sustav svje\u017ee vode ima automatske kontrole za uklju\u010divanje i isklju\u010divanje. Pumpa prestaje s radom kada nema vode i ponovo se pokre\u0107e kada se voda ponovno otkrije. Ovaj sustav je prikladan za \u010damce od 13 do 25 metara i uklju\u010duje bron\u010danu pumpu i impeler.<\/p>\n<p style=\"color: rgb(34, 34, 34); font-family: Arial, Helvetica, sans-serif; font-size: small;\">Dizajnirani za kori\u0161tenje u slatkoj i slanoj vodi, EPC sustavi pritiska vode \u0161iroko se koriste u pomorskoj industriji. Oni osiguravaju dosljedan pritisak vode za razne ure\u0111aje na brodu, uklju\u010duju\u0107i tu\u0161eve, umivaonike i WC-e.<\/p>\n<p style=\"color: rgb(34, 34, 34); font-family: Arial, Helvetica, sans-serif; font-size: small;\"><strong>Uvod u EPC sustave pritiska vode<\/strong><\/p>\n<p style=\"color: rgb(34, 34, 34); font-family: Arial, Helvetica, sans-serif; font-size: small;\">EPC jedinica radi ti\u0161e od tradicionalnih mehani\u010dkih prekida\u010da jer uklju\u010duje plovnu mehaniku koja apsorbira udarce impelera. Podesivi pritisci za uklju\u010divanje i isklju\u010divanje pumpe su unaprijed postavljeni u tvornici, \u0161to zna\u010di da se ne mo\u017ee izvr\u0161iti nikakva prilagodba nakon instalacije. Me\u0111utim, nudi za\u0161titu od suhog rada.<\/p>\n<p style=\"color: rgb(34, 34, 34); font-family: Arial, Helvetica, sans-serif; font-size: small;\">Ovaj dizajn omogu\u0107uje manji akumulator, \u0161to ga \u010dini odli\u010dnim izborom za plovila s ograni\u010denim prostorom. Napominjemo da EPC sustav nije kompatibilan s trofaznim motorima, \u0161to mo\u017ee biti ograni\u010denje za neke \u010damce. Tako\u0111er se preporu\u010duje akumulator, jer mo\u017ee pohraniti pritisak u sustavu i sprije\u010diti \u010desto uklju\u010divanje motora.<\/p>\n<p style=\"color: rgb(34, 34, 34); font-family: Arial, Helvetica, sans-serif; font-size: small;\"><strong>Detalji o radu EPC sustava pritiska vode<\/strong><\/p>\n<p style=\"color: rgb(34, 34, 34); font-family: Arial, Helvetica, sans-serif; font-size: small;\">C.E.M. proizvodi sustave pritiska vode koji sadr\u017ee EPC elektroni\u010dki kontrolni sustav, dizajniran za automatsko upravljanje pumpom. EPC automatski upravlja funkcijama uklju\u010divanja i isklju\u010divanja pumpe kada pritisak padne ili kada je opskrba vodom prekinuta. Ovaj sustav nudi nekoliko prednosti:<\/p>\n<ul style=\"color: rgb(34, 34, 34); font-family: Arial, Helvetica, sans-serif; font-size: small;\">\n<li>Pumpa se automatski zaustavlja kada opskrba vodom nestane, spre\u010davaju\u0107i \u0161tetno suho rad.<\/li>\n<li>Kontinuirano pra\u0107enje rada putem indikatorskih lampica:\n<ul>\n<li>Zelena lampica &#8220;Linija&#8221; ozna\u010dava da je pumpa uklju\u010dena.<\/li>\n<li>Crvena lampica &#8220;Kvar&#8221; signalizira da je pumpa isklju\u010dena zbog problema (npr. nestanak vode).<\/li>\n<\/ul>\n<\/li>\n<li>Odr\u017eava konstantan pritisak tijekom distribucije vode.<\/li>\n<li>Manje ukupne dimenzije u usporedbi s tradicionalnim sustavima pritiska vode s rezervoarima.<\/li>\n<\/ul>\n<p style=\"color: rgb(34, 34, 34); font-family: Arial, Helvetica, sans-serif; font-size: small;\">Ako pumpa stane zbog nedostatka vode, EPC ure\u0111aj \u0107e poku\u0161ati kratka pokretanja u redovitim intervalima kako bi provjerio dostupnost vode. Ako pumpa mo\u017ee povu\u0107i vodu tijekom jednog od tih poku\u0161aja (do \u010detiri), nastavit \u0107e s normalnim radom. Nakon \u010detiri neuspje\u0161na poku\u0161aja, EPC \u0107e potpuno zaustaviti pumpu, koja se mo\u017ee ponovo aktivirati samo pritiskom na tipku &#8220;reset&#8221;.<\/p>\n<p style=\"color: rgb(34, 34, 34); font-family: Arial, Helvetica, sans-serif; font-size: small;\"><strong>O C.E.M. pumpama i puhalima<\/strong><\/p>\n<p style=\"color: rgb(34, 34, 34); font-family: Arial, Helvetica, sans-serif; font-size: small;\">Osnovan 1970. godine, C.E.M. Elettromeccanica S.r.l. etablirao se kao vode\u0107i proizvo\u0111a\u010d elektri\u010dnih pumpi i DC motora, prvenstveno za pomorski sektor. Tijekom proteklih 48 godina, na\u0161a posve\u0107enost kvaliteti i inovacijama dovela je do zna\u010dajnog rasta na doma\u0107im i me\u0111unarodnim tr\u017ei\u0161tima, pro\u0161iruju\u0107i na\u0161u opse\u017enu liniju proizvoda.<\/p>\n","protected":false},"excerpt":{"rendered":"<p>Sustav pritiska slatkovodnog CEM PB 24v &#8211; 35lt\/m s EPC &#8211; Pregled EPC sustava pritiska vode EPC (Elektroni\u010dka kontrola pritiska)<\/p>\n","protected":false},"featured_media":5939074,"comment_status":"open","ping_status":"closed","template":"","meta":[],"product_brand":[2976],"product_cat":[1660],"product_tag":[],"class_list":{"0":"post-742017","1":"product","2":"type-product","3":"status-publish","4":"has-post-thumbnail","6":"product_brand-gianneschi-hr","7":"product_cat-pumpe-za-tlak-vode","9":"first","10":"instock","11":"shipping-taxable","12":"purchasable","13":"product-type-simple"},"_links":{"self":[{"href":"https:\/\/stoic-curie.212-227-153-4.plesk.page\/hr\/wp-json\/wp\/v2\/product\/742017","targetHints":{"allow":["GET"]}}],"collection":[{"href":"https:\/\/stoic-curie.212-227-153-4.plesk.page\/hr\/wp-json\/wp\/v2\/product"}],"about":[{"href":"https:\/\/stoic-curie.212-227-153-4.plesk.page\/hr\/wp-json\/wp\/v2\/types\/product"}],"replies":[{"embeddable":true,"href":"https:\/\/stoic-curie.212-227-153-4.plesk.page\/hr\/wp-json\/wp\/v2\/comments?post=742017"}],"version-history":[{"count":0,"href":"https:\/\/stoic-curie.212-227-153-4.plesk.page\/hr\/wp-json\/wp\/v2\/product\/742017\/revisions"}],"wp:featuredmedia":[{"embeddable":true,"href":"https:\/\/stoic-curie.212-227-153-4.plesk.page\/hr\/wp-json\/wp\/v2\/media\/5939074"}],"wp:attachment":[{"href":"https:\/\/stoic-curie.212-227-153-4.plesk.page\/hr\/wp-json\/wp\/v2\/media?parent=742017"}],"wp:term":[{"taxonomy":"product_brand","embeddable":true,"href":"https:\/\/stoic-curie.212-227-153-4.plesk.page\/hr\/wp-json\/wp\/v2\/product_brand?post=742017"},{"taxonomy":"product_cat","embeddable":true,"href":"https:\/\/stoic-curie.212-227-153-4.plesk.page\/hr\/wp-json\/wp\/v2\/product_cat?post=742017"},{"taxonomy":"product_tag","embeddable":true,"href":"https:\/\/stoic-curie.212-227-153-4.plesk.page\/hr\/wp-json\/wp\/v2\/product_tag?post=742017"}],"curies":[{"name":"wp","href":"https:\/\/api.w.org\/{rel}","templated":true}]}}