{"id":742018,"date":"2025-03-03T18:18:27","date_gmt":"2025-03-03T17:18:27","guid":{"rendered":"https:\/\/stoic-curie.212-227-153-4.plesk.page\/producto\/tlacni-sustav-pitke-vode-jbr-epc-24v-55lt-min\/"},"modified":"2026-02-25T00:00:57","modified_gmt":"2026-02-25T00:00:57","slug":"tlacni-sustav-pitke-vode-jbr-epc-24v-55lt-min","status":"publish","type":"product","link":"https:\/\/stoic-curie.212-227-153-4.plesk.page\/hr\/product\/tlacni-sustav-pitke-vode-jbr-epc-24v-55lt-min\/","title":{"rendered":"Tlacni sustav pitke vode JBR\/EPC 24v 55lt\/min"},"content":{"rendered":"<p>Tlacni sustav pitke vode JBR\/EPC 24v 55lt\/min &#8211; <\/p>\n<p style=\"color: rgb(34, 34, 34); font-family: Arial, Helvetica, sans-serif; font-size: small;\"><strong>Sustav Pritiska Slatke Vode: EMC JBR\/EPC 24V 55L\/min<\/strong><\/p>\n<p style=\"color: rgb(34, 34, 34); font-family: Arial, Helvetica, sans-serif; font-size: small;\">EMC JBR\/EPC je sustav pritiska slatke vode od 24V koji nudi Elektroni\u010dku Kontrolu Pritiska (EPC) za automatsku funkcionalnost pokretanja i zaustavljanja. Ova inovativna pumpa prestaje s radom kada nema dostupne vode, a ponovno se pokre\u0107e kada se voda otkrije. Izra\u0111ena je od bron\u010dane pumpe i impelera, prikladna je za kori\u0161tenje u slatkoj i slanoj vodi.<\/p>\n<p style=\"color: rgb(34, 34, 34); font-family: Arial, Helvetica, sans-serif; font-size: small;\">Sustavi pritiska vode opremljeni EPC-om \u0161iroko se koriste u pomorskoj industriji za odr\u017eavanje konstantnog i prikladnog pritiska vode za razli\u010dite ure\u0111aje na brodu, uklju\u010duju\u0107i tu\u0161eve, umivaonike i WC-e.<\/p>\n<p style=\"color: rgb(34, 34, 34); font-family: Arial, Helvetica, sans-serif; font-size: small;\">C.E.M. proizvodi te sustave pritiska vode integriraju\u0107i EPC kako bi omogu\u0107io automatsku kontrolu pumpe. EPC regulira rad pumpe na temelju promjena pritiska ili prekida u opskrbi vodom, pru\u017eaju\u0107i nekoliko zna\u010dajnih prednosti:<\/p>\n<ul style=\"color: rgb(34, 34, 34); font-family: Arial, Helvetica, sans-serif; font-size: small;\">\n<li>Automatsko isklju\u010divanje pumpe kada je opskrba vodom iscrpljena, sprje\u010davaju\u0107i o\u0161te\u0107enje uslijed suhog rada.<\/li>\n<li>Neprekidno pra\u0107enje rada putem indikacijskih lampica: zeleni indikator ozna\u010dava da pumpa radi, dok crveni indikator ukazuje na kvar, poput nedostatka vode.<\/li>\n<li>Odr\u017eavanje stabilnog pritiska tijekom distribucije vode.<\/li>\n<li>Kompaktni dizajn u usporedbi s tradicionalnim sustavima pritiska vode s rezervoarima.<\/li>\n<\/ul>\n<p style=\"color: rgb(34, 34, 34); font-family: Arial, Helvetica, sans-serif; font-size: small;\">U slu\u010daju prekida u opskrbi vodom, EPC ure\u0111aj omogu\u0107ava pumpi da poku\u0161a kratke ponovne startove u redovitim intervalima kako bi provjerila dostupnost vode. Ako pumpa uspije crpiti vodu tijekom jednog od tih poku\u0161aja (do najvi\u0161e \u010detiri), sustav poja\u010diva\u010da pritiska \u0107e se vratiti u normalan rad. Nakon \u010detiri neuspje\u0161na poku\u0161aja, EPC \u0107e potpuno zaustaviti pumpu, koja se mo\u017ee ponovno pokrenuti samo pritiskanjem gumba za &#8220;resetiranje&#8221;.<\/p>\n<p style=\"color: rgb(34, 34, 34); font-family: Arial, Helvetica, sans-serif; font-size: small;\"><strong>Sustav pritiska vode uklju\u010duje:<\/strong><\/p>\n<ul style=\"color: rgb(34, 34, 34); font-family: Arial, Helvetica, sans-serif; font-size: small;\">\n<li>Vrste elektri\u010dnih pumpi: J-mini, J-INOX, MG-INOX, JBR ili PB (s naponskim i performansnim specifikacijama detaljno navedenim u prilo\u017eenoj tablici).<\/li>\n<li>Elektroni\u010dka kontrola pritiska EPC.<\/li>\n<li>Protivpovratni ventil na ulazu.<\/li>\n<\/ul>\n<p style=\"color: rgb(34, 34, 34); font-family: Arial, Helvetica, sans-serif; font-size: small;\"><strong>Specifikacije:<\/strong><\/p>\n<ul style=\"color: rgb(34, 34, 34); font-family: Arial, Helvetica, sans-serif; font-size: small;\">\n<li>Prikladno za teku\u0107ine slobodne od \u010dvrstih ne\u010disto\u0107a.<\/li>\n<li>Raspon temperature teku\u0107ine: +0 do +50 \u00b0C (do +70 \u00b0C za serije PB i JBR).<\/li>\n<li>Maksimalni stati\u010dki pritisak unutar ku\u0107i\u0161ta pumpe: 6 bar.<\/li>\n<\/ul>\n<p style=\"color: rgb(34, 34, 34); font-family: Arial, Helvetica, sans-serif; font-size: small;\"><strong>Opcijska Oprema:<\/strong><\/p>\n<ul style=\"color: rgb(34, 34, 34); font-family: Arial, Helvetica, sans-serif; font-size: small;\">\n<li>Omega osnova od nehr\u0111aju\u0107eg \u010delika s nosa\u010dima za suzbijanje vibracija.<\/li>\n<\/ul>\n<p style=\"color: rgb(34, 34, 34); font-family: Arial, Helvetica, sans-serif; font-size: small;\"><strong>Performanse:<\/strong><\/p>\n<ul style=\"color: rgb(34, 34, 34); font-family: Arial, Helvetica, sans-serif; font-size: small;\">\n<li>24V: Jednosmjerna struja<\/li>\n<li>230V, 50Hz: Jednofazna izmjeni\u010dna struja<\/li>\n<\/ul>\n<p style=\"color: rgb(34, 34, 34); font-family: Arial, Helvetica, sans-serif; font-size: small;\">Ovaj sustav pritiska slatke vode dizajniran je kako bi zadovoljio potrebe vlasnika \u010damaca koji tra\u017ee pouzdana i u\u010dinkovita rje\u0161enja za upravljanje vodom na brodu.<\/p>\n","protected":false},"excerpt":{"rendered":"<p>Tlacni sustav pitke vode JBR\/EPC 24v 55lt\/min &#8211; Sustav Pritiska Slatke Vode: EMC JBR\/EPC 24V 55L\/min EMC JBR\/EPC je sustav<\/p>\n","protected":false},"featured_media":5943374,"comment_status":"open","ping_status":"closed","template":"","meta":[],"product_brand":[2976],"product_cat":[1660],"product_tag":[],"class_list":{"0":"post-742018","1":"product","2":"type-product","3":"status-publish","4":"has-post-thumbnail","6":"product_brand-gianneschi-hr","7":"product_cat-pumpe-za-tlak-vode","9":"first","10":"instock","11":"shipping-taxable","12":"purchasable","13":"product-type-simple"},"_links":{"self":[{"href":"https:\/\/stoic-curie.212-227-153-4.plesk.page\/hr\/wp-json\/wp\/v2\/product\/742018","targetHints":{"allow":["GET"]}}],"collection":[{"href":"https:\/\/stoic-curie.212-227-153-4.plesk.page\/hr\/wp-json\/wp\/v2\/product"}],"about":[{"href":"https:\/\/stoic-curie.212-227-153-4.plesk.page\/hr\/wp-json\/wp\/v2\/types\/product"}],"replies":[{"embeddable":true,"href":"https:\/\/stoic-curie.212-227-153-4.plesk.page\/hr\/wp-json\/wp\/v2\/comments?post=742018"}],"version-history":[{"count":0,"href":"https:\/\/stoic-curie.212-227-153-4.plesk.page\/hr\/wp-json\/wp\/v2\/product\/742018\/revisions"}],"wp:featuredmedia":[{"embeddable":true,"href":"https:\/\/stoic-curie.212-227-153-4.plesk.page\/hr\/wp-json\/wp\/v2\/media\/5943374"}],"wp:attachment":[{"href":"https:\/\/stoic-curie.212-227-153-4.plesk.page\/hr\/wp-json\/wp\/v2\/media?parent=742018"}],"wp:term":[{"taxonomy":"product_brand","embeddable":true,"href":"https:\/\/stoic-curie.212-227-153-4.plesk.page\/hr\/wp-json\/wp\/v2\/product_brand?post=742018"},{"taxonomy":"product_cat","embeddable":true,"href":"https:\/\/stoic-curie.212-227-153-4.plesk.page\/hr\/wp-json\/wp\/v2\/product_cat?post=742018"},{"taxonomy":"product_tag","embeddable":true,"href":"https:\/\/stoic-curie.212-227-153-4.plesk.page\/hr\/wp-json\/wp\/v2\/product_tag?post=742018"}],"curies":[{"name":"wp","href":"https:\/\/api.w.org\/{rel}","templated":true}]}}