{"id":742019,"date":"2025-03-03T18:18:28","date_gmt":"2025-03-03T17:18:28","guid":{"rendered":"https:\/\/stoic-curie.212-227-153-4.plesk.page\/producto\/tlacni-sustav-pitke-vode-epc-24v-90lt-minutu\/"},"modified":"2026-02-25T00:00:57","modified_gmt":"2026-02-25T00:00:57","slug":"tlacni-sustav-pitke-vode-epc-24v-90lt-minutu","status":"publish","type":"product","link":"https:\/\/stoic-curie.212-227-153-4.plesk.page\/hr\/product\/tlacni-sustav-pitke-vode-epc-24v-90lt-minutu\/","title":{"rendered":"Tlacni sustav pitke vode EPC 24V 90lt\/minutu"},"content":{"rendered":"<p>Tlacni sustav pitke vode EPC 24V 90lt\/minutu &#8211; <\/p>\n<p style=\"color: rgb(34, 34, 34); font-family: Arial, Helvetica, sans-serif; font-size: small;\"><strong>Sustav tlaka slatke vode CEM EPC 24V 90 L\/min (J iNOX EPC)<\/strong><\/p>\n<p style=\"color: rgb(34, 34, 34); font-family: Arial, Helvetica, sans-serif; font-size: small;\">EPC (Elektroni\u010dka Kontrola Tlaka) sustav tlaka slatke vode nudi automatsko uklju\u010divanje i isklju\u010divanje, osiguravaju\u0107i u\u010dinkovito djelovanje. Pumpa prestaje raditi kad voda nije dostupna i ponovno se pokre\u0107e kada ponovno detektira vodu. Ovaj sustav ima pumpu i impeler od nehr\u0111aju\u0107eg \u010delika, \u0161to osigurava dugotrajnost i pouzdanost. To je pumpa koja se sama napaja, dizajnirana za jednostavno kori\u0161tenje.<\/p>\n<p style=\"color: rgb(34, 34, 34); font-family: Arial, Helvetica, sans-serif; font-size: small;\"><strong>Zna\u010dajke EPC sustava:<\/strong><\/p>\n<ul style=\"color: rgb(34, 34, 34); font-family: Arial, Helvetica, sans-serif; font-size: small;\">\n<li><strong>Automatsko isklju\u010divanje:<\/strong>\u00a0Pumpa se automatski zaustavlja kada se opskrba vodom iscrpi, \u0161tite\u0107i je od o\u0161te\u0107enja uzrokovanih suhim radom.<\/li>\n<li><strong>Pra\u0107enje rada:<\/strong>\u00a0Sustav uklju\u010duje indikatorska svjetla za stalno pra\u0107enje. Zelena lampica ozna\u010dava da je pumpa u funkciji, dok crvena lampica signalizira kvar, \u0161to ukazuje da pumpa ne radi zbog problema poput nedostatka vode.<\/li>\n<li><strong>Konzistentni tlak vode:<\/strong>\u00a0Sustav odr\u017eava stabilan tlak vode tijekom isporuke, s manje dimenzijama u usporedbi s tradicionalnim tlakovima.<\/li>\n<\/ul>\n<p style=\"color: rgb(34, 34, 34); font-family: Arial, Helvetica, sans-serif; font-size: small;\">Sustavi tlakova vode koji su opremljeni EPC elektroni\u010dkim kontrolnim sustavom \u0161iroko se koriste u pomorskom sektoru, pru\u017eaju\u0107i odgovaraju\u0107i i dosljedan tlak vode za razne ure\u0111aje na brodu, uklju\u010duju\u0107i tu\u0161eve, umivaonike i WC-e.<\/p>\n<p style=\"color: rgb(34, 34, 34); font-family: Arial, Helvetica, sans-serif; font-size: small;\">C.E.M. sustavi pritiska vode, opremljeni EPC elektroni\u010dkim kontrolnim sustavom, dizajnirani su za automatsko upravljanje pumpama. EPC sustav upravlja funkcijama uklju\u010divanja i isklju\u010divanja pumpe kada tlak padne ili kada se opskrba vodom prekine, nude\u0107i brojne prednosti:<\/p>\n<ul style=\"color: rgb(34, 34, 34); font-family: Arial, Helvetica, sans-serif; font-size: small;\">\n<li><strong>Automatsko isklju\u010divanje pumpe:<\/strong>\u00a0Pumpa se automatski zaustavlja kada se pristup vodi iscrpi, \u010dime se sprje\u010dava \u0161tetno suho djelovanje.<\/li>\n<li><strong>Pra\u0107enje rada:<\/strong>\u00a0Upozoravaju\u0107a svjetla daju stalne povratne informacije o statusu sustava: zeleno svjetlo ukazuje da je pumpa uklju\u010dena, dok crveno svjetlo ukazuje na kvar zbog anomalije, kao \u0161to je nedostatak vode.<\/li>\n<li><strong>Konzistentan Tlak:<\/strong>\u00a0Sustav osigurava postojan tlak tijekom distribucije vode.<\/li>\n<li><strong>Kompaktna konstrukcija:<\/strong>\u00a0Ukupne dimenzije su manje u usporedbi s tradicionalnim sustavima tlaka s rezervoarima.<\/li>\n<\/ul>\n<p style=\"color: rgb(34, 34, 34); font-family: Arial, Helvetica, sans-serif; font-size: small;\">U slu\u010daju nesta\u0161ice vode, EPC ure\u0111aj omogu\u0107ava pumpi da poku\u0161ava kratke ponovno pokretanje u redovnim intervalima kako bi neovisno provjerila dostupnost vode. Ako pumpa uspije crpiti vodu tijekom jednog od ovih poku\u0161aja (do najvi\u0161e \u010detiri), poja\u010dava\u010d tlaka nastavlja s normalnom radom. Nakon \u010detiri neuspje\u0161na poku\u0161aja, EPC ure\u0111aj potpuno \u0107e zaustaviti pumpu, koja se mo\u017ee ponovno pokrenuti samo pritiskom na gumb &#8220;reset&#8221;.<\/p>\n<p style=\"color: rgb(34, 34, 34); font-family: Arial, Helvetica, sans-serif; font-size: small;\"><strong>Sustav tlaka vode uklju\u010duje:<\/strong><\/p>\n<ul style=\"color: rgb(34, 34, 34); font-family: Arial, Helvetica, sans-serif; font-size: small;\">\n<li>Vrste elektri\u010dnih pumpi: J-mini, J-INOX, MG-INOX, JBR ili PB (s naponskim i performansnim specifikacijama kao \u0161to je navedeno u prilo\u017eenoj tablici).<\/li>\n<li>Elektroni\u010dka kontrola tlaka EPC.<\/li>\n<li>Povratna ventila na ulazu.<\/li>\n<\/ul>\n<p style=\"color: rgb(34, 34, 34); font-family: Arial, Helvetica, sans-serif; font-size: small;\"><strong>Specifikacije:<\/strong><\/p>\n<ul style=\"color: rgb(34, 34, 34); font-family: Arial, Helvetica, sans-serif; font-size: small;\">\n<li>Pogodno za teku\u0107ine koje su bez \u010dvrstih ne\u010disto\u0107a.<\/li>\n<li>Raspon temperature teku\u0107ine: +0 do +50 \u00b0C (do +70 \u00b0C za serije PB i JBR).<\/li>\n<li>Maksimalni stati\u010dki tlak unutar ku\u0107i\u0161ta pumpe: 6 bara.<\/li>\n<\/ul>\n","protected":false},"excerpt":{"rendered":"<p>Tlacni sustav pitke vode EPC 24V 90lt\/minutu &#8211; Sustav tlaka slatke vode CEM EPC 24V 90 L\/min (J iNOX EPC)<\/p>\n","protected":false},"featured_media":5939078,"comment_status":"open","ping_status":"closed","template":"","meta":[],"product_brand":[2976],"product_cat":[1660],"product_tag":[],"class_list":{"0":"post-742019","1":"product","2":"type-product","3":"status-publish","4":"has-post-thumbnail","6":"product_brand-gianneschi-hr","7":"product_cat-pumpe-za-tlak-vode","9":"first","10":"instock","11":"shipping-taxable","12":"purchasable","13":"product-type-simple"},"_links":{"self":[{"href":"https:\/\/stoic-curie.212-227-153-4.plesk.page\/hr\/wp-json\/wp\/v2\/product\/742019","targetHints":{"allow":["GET"]}}],"collection":[{"href":"https:\/\/stoic-curie.212-227-153-4.plesk.page\/hr\/wp-json\/wp\/v2\/product"}],"about":[{"href":"https:\/\/stoic-curie.212-227-153-4.plesk.page\/hr\/wp-json\/wp\/v2\/types\/product"}],"replies":[{"embeddable":true,"href":"https:\/\/stoic-curie.212-227-153-4.plesk.page\/hr\/wp-json\/wp\/v2\/comments?post=742019"}],"version-history":[{"count":0,"href":"https:\/\/stoic-curie.212-227-153-4.plesk.page\/hr\/wp-json\/wp\/v2\/product\/742019\/revisions"}],"wp:featuredmedia":[{"embeddable":true,"href":"https:\/\/stoic-curie.212-227-153-4.plesk.page\/hr\/wp-json\/wp\/v2\/media\/5939078"}],"wp:attachment":[{"href":"https:\/\/stoic-curie.212-227-153-4.plesk.page\/hr\/wp-json\/wp\/v2\/media?parent=742019"}],"wp:term":[{"taxonomy":"product_brand","embeddable":true,"href":"https:\/\/stoic-curie.212-227-153-4.plesk.page\/hr\/wp-json\/wp\/v2\/product_brand?post=742019"},{"taxonomy":"product_cat","embeddable":true,"href":"https:\/\/stoic-curie.212-227-153-4.plesk.page\/hr\/wp-json\/wp\/v2\/product_cat?post=742019"},{"taxonomy":"product_tag","embeddable":true,"href":"https:\/\/stoic-curie.212-227-153-4.plesk.page\/hr\/wp-json\/wp\/v2\/product_tag?post=742019"}],"curies":[{"name":"wp","href":"https:\/\/api.w.org\/{rel}","templated":true}]}}