{"id":742020,"date":"2025-03-03T18:18:28","date_gmt":"2025-03-03T17:18:28","guid":{"rendered":"https:\/\/stoic-curie.212-227-153-4.plesk.page\/producto\/rucna-pumpa-sa-spojkom-ancor-100lt-minuta\/"},"modified":"2026-02-25T00:00:57","modified_gmt":"2026-02-25T00:00:57","slug":"rucna-pumpa-sa-spojkom-ancor-100lt-minuta","status":"publish","type":"product","link":"https:\/\/stoic-curie.212-227-153-4.plesk.page\/hr\/product\/rucna-pumpa-sa-spojkom-ancor-100lt-minuta\/","title":{"rendered":"Ru\u010dna pumpa sa spojkom Ancor 100lt \/ minuta"},"content":{"rendered":"<p>Ru\u010dna pumpa sa spojkom Ancor 100lt \/ minuta &#8211; <\/p>\n<p>Ancor ru\u010dna spojka pumpa je stru\u010dnjak dizajnirana da pru\u017ei impresivnu kapacitet od 100 litara u minuti, \u0161to je \u010dini odli\u010dnim izborom za razne brodske aplikacije. Povoljna je za kori\u0161tenje u slatkoj i slanoj vodi, osiguravaju\u0107i svestranost za sve va\u0161e morski potrebe. Ova visokokvalitetna pumpa sadr\u017ei izdr\u017eljivu nitrilnu impeler, robusnu bron\u010danu ku\u0107i\u0161te i pouzdanu osovinu od nehr\u0111aju\u0107eg \u010delika, \u0161to sve doprinosi njenom dugotrajnom radu i performansama. Rad na maksimalnoj brzini od 2000 okretaja u minuti, ova pumpa je osmi\u0161ljena za u\u010dinkovito i efektivno djelovanje tijekom va\u0161ih brodskih avantura.<\/p>\n","protected":false},"excerpt":{"rendered":"<p>Ru\u010dna pumpa sa spojkom Ancor 100lt \/ minuta &#8211; Ancor ru\u010dna spojka pumpa je stru\u010dnjak dizajnirana da pru\u017ei impresivnu kapacitet<\/p>\n","protected":false},"featured_media":5939079,"comment_status":"open","ping_status":"closed","template":"","meta":[],"product_brand":[2781],"product_cat":[1809],"product_tag":[],"class_list":{"0":"post-742020","1":"product","2":"type-product","3":"status-publish","4":"has-post-thumbnail","6":"product_brand-ancor-marine-hr","7":"product_cat-pumpe-za-hladenje-motora","9":"first","10":"instock","11":"shipping-taxable","12":"purchasable","13":"product-type-simple"},"_links":{"self":[{"href":"https:\/\/stoic-curie.212-227-153-4.plesk.page\/hr\/wp-json\/wp\/v2\/product\/742020","targetHints":{"allow":["GET"]}}],"collection":[{"href":"https:\/\/stoic-curie.212-227-153-4.plesk.page\/hr\/wp-json\/wp\/v2\/product"}],"about":[{"href":"https:\/\/stoic-curie.212-227-153-4.plesk.page\/hr\/wp-json\/wp\/v2\/types\/product"}],"replies":[{"embeddable":true,"href":"https:\/\/stoic-curie.212-227-153-4.plesk.page\/hr\/wp-json\/wp\/v2\/comments?post=742020"}],"version-history":[{"count":0,"href":"https:\/\/stoic-curie.212-227-153-4.plesk.page\/hr\/wp-json\/wp\/v2\/product\/742020\/revisions"}],"wp:featuredmedia":[{"embeddable":true,"href":"https:\/\/stoic-curie.212-227-153-4.plesk.page\/hr\/wp-json\/wp\/v2\/media\/5939079"}],"wp:attachment":[{"href":"https:\/\/stoic-curie.212-227-153-4.plesk.page\/hr\/wp-json\/wp\/v2\/media?parent=742020"}],"wp:term":[{"taxonomy":"product_brand","embeddable":true,"href":"https:\/\/stoic-curie.212-227-153-4.plesk.page\/hr\/wp-json\/wp\/v2\/product_brand?post=742020"},{"taxonomy":"product_cat","embeddable":true,"href":"https:\/\/stoic-curie.212-227-153-4.plesk.page\/hr\/wp-json\/wp\/v2\/product_cat?post=742020"},{"taxonomy":"product_tag","embeddable":true,"href":"https:\/\/stoic-curie.212-227-153-4.plesk.page\/hr\/wp-json\/wp\/v2\/product_tag?post=742020"}],"curies":[{"name":"wp","href":"https:\/\/api.w.org\/{rel}","templated":true}]}}