{"id":742024,"date":"2025-03-03T18:18:29","date_gmt":"2025-03-03T17:18:29","guid":{"rendered":"https:\/\/stoic-curie.212-227-153-4.plesk.page\/producto\/pumpa-ancor-mff-57-za-volvo-tmd-motore\/"},"modified":"2026-02-25T00:00:57","modified_gmt":"2026-02-25T00:00:57","slug":"pumpa-ancor-mff-57-za-volvo-tmd-motore","status":"publish","type":"product","link":"https:\/\/stoic-curie.212-227-153-4.plesk.page\/hr\/product\/pumpa-ancor-mff-57-za-volvo-tmd-motore\/","title":{"rendered":"Vodni Pumpar Ancor MFF 57"},"content":{"rendered":"<p>Vodni Pumpar Ancor MFF 57 &#8211; <\/p>\n<p style=\"color: rgb(34, 34, 34); font-family: Arial, Helvetica, sans-serif; font-size: small;\">Ova visokokvalitetna bron\u010dana pumpa za hla\u0111enje ima izdr\u017eljivi Neopren impeler, \u0161to osigurava pouzdan rad i dugotrajnost. Dizajnirana je za kompatibilnost s nekoliko modela, posebno Johnson F9B-9 10-24090-1 i Jabsco 10590-004. Ova pumpa je odli\u010dan izbor za razne motore, uklju\u010duju\u0107i Volvo D12, kao i Volvo TAMD seriju (modeli 120, 121 i 122). Osim toga, pogodna je za Volvo TMD seriju (modeli 121 i 122), uz VM 1310 i 1312 motore. Tako\u0111er se mo\u017ee koristiti s motorima Isotta Fraschini, Deutz, Crm i Seatek, \u0161to je \u010dini svestranom opcijom za va\u0161e potrebe na vodi.<\/p>\n","protected":false},"excerpt":{"rendered":"<p>Vodni Pumpar Ancor MFF 57 &#8211; Ova visokokvalitetna bron\u010dana pumpa za hla\u0111enje ima izdr\u017eljivi Neopren impeler, \u0161to osigurava pouzdan rad<\/p>\n","protected":false},"featured_media":5943375,"comment_status":"open","ping_status":"closed","template":"","meta":[],"product_brand":[2781],"product_cat":[1809,1829],"product_tag":[],"class_list":{"0":"post-742024","1":"product","2":"type-product","3":"status-publish","4":"has-post-thumbnail","6":"product_brand-ancor-marine-hr","7":"product_cat-pumpe-za-hladenje-motora","8":"product_cat-rezervni-dijelovi-za-motore-volvo-penta","10":"first","11":"instock","12":"shipping-taxable","13":"purchasable","14":"product-type-simple"},"_links":{"self":[{"href":"https:\/\/stoic-curie.212-227-153-4.plesk.page\/hr\/wp-json\/wp\/v2\/product\/742024","targetHints":{"allow":["GET"]}}],"collection":[{"href":"https:\/\/stoic-curie.212-227-153-4.plesk.page\/hr\/wp-json\/wp\/v2\/product"}],"about":[{"href":"https:\/\/stoic-curie.212-227-153-4.plesk.page\/hr\/wp-json\/wp\/v2\/types\/product"}],"replies":[{"embeddable":true,"href":"https:\/\/stoic-curie.212-227-153-4.plesk.page\/hr\/wp-json\/wp\/v2\/comments?post=742024"}],"version-history":[{"count":0,"href":"https:\/\/stoic-curie.212-227-153-4.plesk.page\/hr\/wp-json\/wp\/v2\/product\/742024\/revisions"}],"wp:featuredmedia":[{"embeddable":true,"href":"https:\/\/stoic-curie.212-227-153-4.plesk.page\/hr\/wp-json\/wp\/v2\/media\/5943375"}],"wp:attachment":[{"href":"https:\/\/stoic-curie.212-227-153-4.plesk.page\/hr\/wp-json\/wp\/v2\/media?parent=742024"}],"wp:term":[{"taxonomy":"product_brand","embeddable":true,"href":"https:\/\/stoic-curie.212-227-153-4.plesk.page\/hr\/wp-json\/wp\/v2\/product_brand?post=742024"},{"taxonomy":"product_cat","embeddable":true,"href":"https:\/\/stoic-curie.212-227-153-4.plesk.page\/hr\/wp-json\/wp\/v2\/product_cat?post=742024"},{"taxonomy":"product_tag","embeddable":true,"href":"https:\/\/stoic-curie.212-227-153-4.plesk.page\/hr\/wp-json\/wp\/v2\/product_tag?post=742024"}],"curies":[{"name":"wp","href":"https:\/\/api.w.org\/{rel}","templated":true}]}}