{"id":742032,"date":"2025-03-03T18:18:31","date_gmt":"2025-03-03T17:18:31","guid":{"rendered":"https:\/\/stoic-curie.212-227-153-4.plesk.page\/producto\/polu-fleksibilna-solarna-ploca-100w-12-24v-515-x-1225-mm\/"},"modified":"2026-02-25T00:00:57","modified_gmt":"2026-02-25T00:00:57","slug":"polu-fleksibilna-solarna-ploca-100w-12-24v-515-x-1225-mm","status":"publish","type":"product","link":"https:\/\/stoic-curie.212-227-153-4.plesk.page\/hr\/product\/polu-fleksibilna-solarna-ploca-100w-12-24v-515-x-1225-mm\/","title":{"rendered":"Polu-fleksibilna solarna plo\u010da 100w 12-24V 515 x 1225 mm"},"content":{"rendered":"<p>Polu-fleksibilna solarna plo\u010da 100w 12-24V 515 x 1225 mm &#8211; <\/p>\n<p>Lagani i otporni polu-fleksibilni solarni paneli s visokou\u010dinkovitim monokristalnim silikon\u0107elijama. ETFE polimerni pokrov i TPT laminatna kompozitna osnova s ukupnom debljinom od 2,5 mm osiguravaju superiornu fleksibilnost i snagu. Uklju\u010duje metalne okove od nehr\u0111aju\u0107eg \u010delika za pri\u010dvr\u0161\u0107ivanje, dva kabela od 90 cm i MC4 konektore. Dioda i kutija za povezivanje uronjene su u IP68 silikonsku pastu. Treba ih dopuniti regulatorom punjenja na temelju broja potrebnih izlaza i zbroja ampera (Imp) svake pojedine plo\u010de. Wp = Procjena snage (W) Imp = Maksimalna snaga (A) Voc = Napon otvorenog kruga (V)<\/p>\n","protected":false},"excerpt":{"rendered":"<p>Polu-fleksibilna solarna plo\u010da 100w 12-24V 515 x 1225 mm &#8211; Lagani i otporni polu-fleksibilni solarni paneli s visokou\u010dinkovitim monokristalnim silikon\u0107elijama.<\/p>\n","protected":false},"featured_media":5943387,"comment_status":"open","ping_status":"closed","template":"","meta":[],"product_brand":[2831],"product_cat":[1749],"product_tag":[],"class_list":{"0":"post-742032","1":"product","2":"type-product","3":"status-publish","4":"has-post-thumbnail","6":"product_brand-blue-sea-systems-hr","7":"product_cat-solarni-paneli","9":"first","10":"instock","11":"shipping-taxable","12":"purchasable","13":"product-type-simple"},"_links":{"self":[{"href":"https:\/\/stoic-curie.212-227-153-4.plesk.page\/hr\/wp-json\/wp\/v2\/product\/742032","targetHints":{"allow":["GET"]}}],"collection":[{"href":"https:\/\/stoic-curie.212-227-153-4.plesk.page\/hr\/wp-json\/wp\/v2\/product"}],"about":[{"href":"https:\/\/stoic-curie.212-227-153-4.plesk.page\/hr\/wp-json\/wp\/v2\/types\/product"}],"replies":[{"embeddable":true,"href":"https:\/\/stoic-curie.212-227-153-4.plesk.page\/hr\/wp-json\/wp\/v2\/comments?post=742032"}],"version-history":[{"count":0,"href":"https:\/\/stoic-curie.212-227-153-4.plesk.page\/hr\/wp-json\/wp\/v2\/product\/742032\/revisions"}],"wp:featuredmedia":[{"embeddable":true,"href":"https:\/\/stoic-curie.212-227-153-4.plesk.page\/hr\/wp-json\/wp\/v2\/media\/5943387"}],"wp:attachment":[{"href":"https:\/\/stoic-curie.212-227-153-4.plesk.page\/hr\/wp-json\/wp\/v2\/media?parent=742032"}],"wp:term":[{"taxonomy":"product_brand","embeddable":true,"href":"https:\/\/stoic-curie.212-227-153-4.plesk.page\/hr\/wp-json\/wp\/v2\/product_brand?post=742032"},{"taxonomy":"product_cat","embeddable":true,"href":"https:\/\/stoic-curie.212-227-153-4.plesk.page\/hr\/wp-json\/wp\/v2\/product_cat?post=742032"},{"taxonomy":"product_tag","embeddable":true,"href":"https:\/\/stoic-curie.212-227-153-4.plesk.page\/hr\/wp-json\/wp\/v2\/product_tag?post=742032"}],"curies":[{"name":"wp","href":"https:\/\/api.w.org\/{rel}","templated":true}]}}