{"id":742033,"date":"2025-03-03T18:18:31","date_gmt":"2025-03-03T17:18:31","guid":{"rendered":"https:\/\/stoic-curie.212-227-153-4.plesk.page\/producto\/selektor-sklopke-za-bateriju-heavy-duty-350a\/"},"modified":"2026-02-25T00:00:58","modified_gmt":"2026-02-25T00:00:58","slug":"selektor-sklopke-za-bateriju-heavy-duty-350a","status":"publish","type":"product","link":"https:\/\/stoic-curie.212-227-153-4.plesk.page\/hr\/product\/selektor-sklopke-za-bateriju-heavy-duty-350a\/","title":{"rendered":"Selektor sklopke za bateriju Heavy Duty 350a"},"content":{"rendered":"<p>Selektor sklopke za bateriju Heavy Duty 350a &#8211; <\/p>\n<p>Prekida\u010d za odabir baterija s \u010detiri pozicije za neprekidnu upotrebu. Omogu\u0107uje izolaciju baterije, odabir jedne od dvije baterije ili simultano odabir obje.<\/p>\n","protected":false},"excerpt":{"rendered":"<p>Selektor sklopke za bateriju Heavy Duty 350a &#8211; Prekida\u010d za odabir baterija s \u010detiri pozicije za neprekidnu upotrebu. Omogu\u0107uje izolaciju<\/p>\n","protected":false},"featured_media":5943393,"comment_status":"open","ping_status":"closed","template":"","meta":[],"product_brand":[2831],"product_cat":[1745],"product_tag":[],"class_list":{"0":"post-742033","1":"product","2":"type-product","3":"status-publish","4":"has-post-thumbnail","6":"product_brand-blue-sea-systems-hr","7":"product_cat-prekidaci-baterija","9":"first","10":"instock","11":"shipping-taxable","12":"purchasable","13":"product-type-simple"},"_links":{"self":[{"href":"https:\/\/stoic-curie.212-227-153-4.plesk.page\/hr\/wp-json\/wp\/v2\/product\/742033","targetHints":{"allow":["GET"]}}],"collection":[{"href":"https:\/\/stoic-curie.212-227-153-4.plesk.page\/hr\/wp-json\/wp\/v2\/product"}],"about":[{"href":"https:\/\/stoic-curie.212-227-153-4.plesk.page\/hr\/wp-json\/wp\/v2\/types\/product"}],"replies":[{"embeddable":true,"href":"https:\/\/stoic-curie.212-227-153-4.plesk.page\/hr\/wp-json\/wp\/v2\/comments?post=742033"}],"version-history":[{"count":0,"href":"https:\/\/stoic-curie.212-227-153-4.plesk.page\/hr\/wp-json\/wp\/v2\/product\/742033\/revisions"}],"wp:featuredmedia":[{"embeddable":true,"href":"https:\/\/stoic-curie.212-227-153-4.plesk.page\/hr\/wp-json\/wp\/v2\/media\/5943393"}],"wp:attachment":[{"href":"https:\/\/stoic-curie.212-227-153-4.plesk.page\/hr\/wp-json\/wp\/v2\/media?parent=742033"}],"wp:term":[{"taxonomy":"product_brand","embeddable":true,"href":"https:\/\/stoic-curie.212-227-153-4.plesk.page\/hr\/wp-json\/wp\/v2\/product_brand?post=742033"},{"taxonomy":"product_cat","embeddable":true,"href":"https:\/\/stoic-curie.212-227-153-4.plesk.page\/hr\/wp-json\/wp\/v2\/product_cat?post=742033"},{"taxonomy":"product_tag","embeddable":true,"href":"https:\/\/stoic-curie.212-227-153-4.plesk.page\/hr\/wp-json\/wp\/v2\/product_tag?post=742033"}],"curies":[{"name":"wp","href":"https:\/\/api.w.org\/{rel}","templated":true}]}}