{"id":742036,"date":"2025-03-03T18:18:32","date_gmt":"2025-03-03T17:18:32","guid":{"rendered":"https:\/\/stoic-curie.212-227-153-4.plesk.page\/producto\/rezervna-ploca-za-reflektor-matromarine-xenon-12v\/"},"modified":"2026-02-25T00:00:58","modified_gmt":"2026-02-25T00:00:58","slug":"rezervna-ploca-za-reflektor-matromarine-xenon-12v","status":"publish","type":"product","link":"https:\/\/stoic-curie.212-227-153-4.plesk.page\/hr\/product\/rezervna-ploca-za-reflektor-matromarine-xenon-12v\/","title":{"rendered":"Rezervna plo\u010da za reflektor Matromarine Xenon 12v"},"content":{"rendered":"<p>Rezervna plo\u010da za reflektor Matromarine Xenon 12v &#8211; <\/p>\n<p>Pode\u0161ivi reflektor s vodootpornim upravlja\u010dkim panelom koji omogu\u0107uje okretanje od 360\u00b0 x 70\u00b0 gore\/dolje. XENON zatvoren lampion je 7 puta svjetliji od standardnog svjetla za pretra\u017eivanje. Dimenzije: 350 mm du\u017eine &#8211; 260 mm \u0161irine &#8211; 320 mm visine. Opcionalna be\u017ei\u010dna kontrola s &#8216;plug and play&#8217; prijemnikom i oda\u0161ilja\u010dem do 35 m. Ako je instalirano, zamjenjuje \u017ei\u010dni upravlja\u010dki panel. Za kori\u0161tenje oboje, treba kupiti dvostranu stanicu.<\/p>\n","protected":false},"excerpt":{"rendered":"<p>Rezervna plo\u010da za reflektor Matromarine Xenon 12v &#8211; Pode\u0161ivi reflektor s vodootpornim upravlja\u010dkim panelom koji omogu\u0107uje okretanje od 360\u00b0 x<\/p>\n","protected":false},"featured_media":5939393,"comment_status":"open","ping_status":"closed","template":"","meta":[],"product_brand":[3141],"product_cat":[1734],"product_tag":[],"class_list":{"0":"post-742036","1":"product","2":"type-product","3":"status-publish","4":"has-post-thumbnail","6":"product_brand-matromarine-hr","7":"product_cat-brodski-reflektori","9":"first","10":"instock","11":"shipping-taxable","12":"purchasable","13":"product-type-simple"},"_links":{"self":[{"href":"https:\/\/stoic-curie.212-227-153-4.plesk.page\/hr\/wp-json\/wp\/v2\/product\/742036","targetHints":{"allow":["GET"]}}],"collection":[{"href":"https:\/\/stoic-curie.212-227-153-4.plesk.page\/hr\/wp-json\/wp\/v2\/product"}],"about":[{"href":"https:\/\/stoic-curie.212-227-153-4.plesk.page\/hr\/wp-json\/wp\/v2\/types\/product"}],"replies":[{"embeddable":true,"href":"https:\/\/stoic-curie.212-227-153-4.plesk.page\/hr\/wp-json\/wp\/v2\/comments?post=742036"}],"version-history":[{"count":0,"href":"https:\/\/stoic-curie.212-227-153-4.plesk.page\/hr\/wp-json\/wp\/v2\/product\/742036\/revisions"}],"wp:featuredmedia":[{"embeddable":true,"href":"https:\/\/stoic-curie.212-227-153-4.plesk.page\/hr\/wp-json\/wp\/v2\/media\/5939393"}],"wp:attachment":[{"href":"https:\/\/stoic-curie.212-227-153-4.plesk.page\/hr\/wp-json\/wp\/v2\/media?parent=742036"}],"wp:term":[{"taxonomy":"product_brand","embeddable":true,"href":"https:\/\/stoic-curie.212-227-153-4.plesk.page\/hr\/wp-json\/wp\/v2\/product_brand?post=742036"},{"taxonomy":"product_cat","embeddable":true,"href":"https:\/\/stoic-curie.212-227-153-4.plesk.page\/hr\/wp-json\/wp\/v2\/product_cat?post=742036"},{"taxonomy":"product_tag","embeddable":true,"href":"https:\/\/stoic-curie.212-227-153-4.plesk.page\/hr\/wp-json\/wp\/v2\/product_tag?post=742036"}],"curies":[{"name":"wp","href":"https:\/\/api.w.org\/{rel}","templated":true}]}}