{"id":742039,"date":"2025-03-03T18:18:33","date_gmt":"2025-03-03T17:18:33","guid":{"rendered":"https:\/\/stoic-curie.212-227-153-4.plesk.page\/producto\/rezervna-zarulja-od-12-v-za-reflektur-guest\/"},"modified":"2026-02-25T00:00:58","modified_gmt":"2026-02-25T00:00:58","slug":"rezervna-zarulja-od-12-v-za-reflektur-guest","status":"publish","type":"product","link":"https:\/\/stoic-curie.212-227-153-4.plesk.page\/hr\/product\/rezervna-zarulja-od-12-v-za-reflektur-guest\/","title":{"rendered":"Rezervna \u017earulja od 12 V za reflektur Guest"},"content":{"rendered":"<p>Rezervna \u017earulja od 12 V za reflektur Guest &#8211; <\/p>\n<p>Pretra\u017eiva\u010d s daljinskim upravlja\u010dem od nehr\u0111aju\u0107eg \u010delika.<br \/>Dimenzije baze: 140 x 89 mm.<\/p>\n","protected":false},"excerpt":{"rendered":"<p>Rezervna \u017earulja od 12 V za reflektur Guest &#8211; Pretra\u017eiva\u010d s daljinskim upravlja\u010dem od nehr\u0111aju\u0107eg \u010delika.Dimenzije baze: 140 x 89<\/p>\n","protected":false},"featured_media":5943398,"comment_status":"open","ping_status":"closed","template":"","meta":[],"product_brand":[3106],"product_cat":[1734],"product_tag":[],"class_list":{"0":"post-742039","1":"product","2":"type-product","3":"status-publish","4":"has-post-thumbnail","6":"product_brand-marinco-hr","7":"product_cat-brodski-reflektori","9":"first","10":"instock","11":"shipping-taxable","12":"purchasable","13":"product-type-simple"},"_links":{"self":[{"href":"https:\/\/stoic-curie.212-227-153-4.plesk.page\/hr\/wp-json\/wp\/v2\/product\/742039","targetHints":{"allow":["GET"]}}],"collection":[{"href":"https:\/\/stoic-curie.212-227-153-4.plesk.page\/hr\/wp-json\/wp\/v2\/product"}],"about":[{"href":"https:\/\/stoic-curie.212-227-153-4.plesk.page\/hr\/wp-json\/wp\/v2\/types\/product"}],"replies":[{"embeddable":true,"href":"https:\/\/stoic-curie.212-227-153-4.plesk.page\/hr\/wp-json\/wp\/v2\/comments?post=742039"}],"version-history":[{"count":0,"href":"https:\/\/stoic-curie.212-227-153-4.plesk.page\/hr\/wp-json\/wp\/v2\/product\/742039\/revisions"}],"wp:featuredmedia":[{"embeddable":true,"href":"https:\/\/stoic-curie.212-227-153-4.plesk.page\/hr\/wp-json\/wp\/v2\/media\/5943398"}],"wp:attachment":[{"href":"https:\/\/stoic-curie.212-227-153-4.plesk.page\/hr\/wp-json\/wp\/v2\/media?parent=742039"}],"wp:term":[{"taxonomy":"product_brand","embeddable":true,"href":"https:\/\/stoic-curie.212-227-153-4.plesk.page\/hr\/wp-json\/wp\/v2\/product_brand?post=742039"},{"taxonomy":"product_cat","embeddable":true,"href":"https:\/\/stoic-curie.212-227-153-4.plesk.page\/hr\/wp-json\/wp\/v2\/product_cat?post=742039"},{"taxonomy":"product_tag","embeddable":true,"href":"https:\/\/stoic-curie.212-227-153-4.plesk.page\/hr\/wp-json\/wp\/v2\/product_tag?post=742039"}],"curies":[{"name":"wp","href":"https:\/\/api.w.org\/{rel}","templated":true}]}}