{"id":742041,"date":"2025-03-03T18:18:33","date_gmt":"2025-03-03T17:18:33","guid":{"rendered":"https:\/\/stoic-curie.212-227-153-4.plesk.page\/producto\/brzinomjer-s-brojacem-sati-vdo-view-line-12-u-6000-okr-min-85-mm-crno\/"},"modified":"2026-02-25T00:00:58","modified_gmt":"2026-02-25T00:00:58","slug":"brzinomjer-s-brojacem-sati-vdo-view-line-12-u-6000-okr-min-85-mm-crno","status":"publish","type":"product","link":"https:\/\/stoic-curie.212-227-153-4.plesk.page\/hr\/product\/brzinomjer-s-brojacem-sati-vdo-view-line-12-u-6000-okr-min-85-mm-crno\/","title":{"rendered":"Brzinomjer s broja\u010dem sati VDO View-Line 12 u 6000 okr \/ min 85 mm crno"},"content":{"rendered":"<p>Brzinomjer s broja\u010dem sati VDO View-Line 12 u 6000 okr \/ min 85 mm crno &#8211; <\/p>\n<p>View-Line 8-32V VDO instrumenti s priklju\u010dnim kablovima, okvirom i uputama. Dvostrana le\u0107a protiv magljenja s IP67 za\u0161titnim razredom. Integrirana LED svjetlost.<\/p>\n","protected":false},"excerpt":{"rendered":"<p>Brzinomjer s broja\u010dem sati VDO View-Line 12 u 6000 okr \/ min 85 mm crno &#8211; View-Line 8-32V VDO instrumenti<\/p>\n","protected":false},"featured_media":5939453,"comment_status":"open","ping_status":"closed","template":"","meta":[],"product_brand":[3511],"product_cat":[1788,1785],"product_tag":[],"class_list":{"0":"post-742041","1":"product","2":"type-product","3":"status-publish","4":"has-post-thumbnail","6":"product_brand-vdo-veratron-hr","7":"product_cat-instrumenti-brojaca-okretaja","8":"product_cat-vdo-instrumenti","10":"first","11":"instock","12":"shipping-taxable","13":"purchasable","14":"product-type-simple"},"_links":{"self":[{"href":"https:\/\/stoic-curie.212-227-153-4.plesk.page\/hr\/wp-json\/wp\/v2\/product\/742041","targetHints":{"allow":["GET"]}}],"collection":[{"href":"https:\/\/stoic-curie.212-227-153-4.plesk.page\/hr\/wp-json\/wp\/v2\/product"}],"about":[{"href":"https:\/\/stoic-curie.212-227-153-4.plesk.page\/hr\/wp-json\/wp\/v2\/types\/product"}],"replies":[{"embeddable":true,"href":"https:\/\/stoic-curie.212-227-153-4.plesk.page\/hr\/wp-json\/wp\/v2\/comments?post=742041"}],"version-history":[{"count":0,"href":"https:\/\/stoic-curie.212-227-153-4.plesk.page\/hr\/wp-json\/wp\/v2\/product\/742041\/revisions"}],"wp:featuredmedia":[{"embeddable":true,"href":"https:\/\/stoic-curie.212-227-153-4.plesk.page\/hr\/wp-json\/wp\/v2\/media\/5939453"}],"wp:attachment":[{"href":"https:\/\/stoic-curie.212-227-153-4.plesk.page\/hr\/wp-json\/wp\/v2\/media?parent=742041"}],"wp:term":[{"taxonomy":"product_brand","embeddable":true,"href":"https:\/\/stoic-curie.212-227-153-4.plesk.page\/hr\/wp-json\/wp\/v2\/product_brand?post=742041"},{"taxonomy":"product_cat","embeddable":true,"href":"https:\/\/stoic-curie.212-227-153-4.plesk.page\/hr\/wp-json\/wp\/v2\/product_cat?post=742041"},{"taxonomy":"product_tag","embeddable":true,"href":"https:\/\/stoic-curie.212-227-153-4.plesk.page\/hr\/wp-json\/wp\/v2\/product_tag?post=742041"}],"curies":[{"name":"wp","href":"https:\/\/api.w.org\/{rel}","templated":true}]}}