{"id":742045,"date":"2025-03-03T18:18:34","date_gmt":"2025-03-03T17:18:34","guid":{"rendered":"https:\/\/stoic-curie.212-227-153-4.plesk.page\/producto\/cijevni-senzor-od-nehrdajuceg-celika-vdo-600mm\/"},"modified":"2026-02-25T00:00:58","modified_gmt":"2026-02-25T00:00:58","slug":"cijevni-senzor-od-nehrdajuceg-celika-vdo-600mm","status":"publish","type":"product","link":"https:\/\/stoic-curie.212-227-153-4.plesk.page\/hr\/product\/cijevni-senzor-od-nehrdajuceg-celika-vdo-600mm\/","title":{"rendered":"Cijevni senzor od nehr\u0111aju\u0107eg \u010delika VDO 600mm"},"content":{"rendered":"<p>Cijevni senzor od nehr\u0111aju\u0107eg \u010delika VDO 600mm &#8211; <\/p>\n<p>VDO senzori od nehr\u0111aju\u0107eg \u010delika za pra\u0107enje razine bilo koje teku\u0107ine, od vode do goriva. Flan\u0161a s 5 rupa, s promjerom rupa osovine od 54 mm. Univerzalno napajanje 12\/24V. Kompatibilan s bilo kojim instrumentom s otporno\u0161\u0107u od 0-180 Ohm.<\/p>\n","protected":false},"excerpt":{"rendered":"<p>Cijevni senzor od nehr\u0111aju\u0107eg \u010delika VDO 600mm &#8211; VDO senzori od nehr\u0111aju\u0107eg \u010delika za pra\u0107enje razine bilo koje teku\u0107ine, od<\/p>\n","protected":false},"featured_media":5939495,"comment_status":"open","ping_status":"closed","template":"","meta":[],"product_brand":[3511],"product_cat":[1782,1658],"product_tag":[],"class_list":{"0":"post-742045","1":"product","2":"type-product","3":"status-publish","4":"has-post-thumbnail","6":"product_brand-vdo-veratron-hr","7":"product_cat-mjeraci-razine-goriva-i-davaci","8":"product_cat-mjeraci-razine-vode-i-davaci-razine","10":"first","11":"instock","12":"shipping-taxable","13":"purchasable","14":"product-type-simple"},"_links":{"self":[{"href":"https:\/\/stoic-curie.212-227-153-4.plesk.page\/hr\/wp-json\/wp\/v2\/product\/742045","targetHints":{"allow":["GET"]}}],"collection":[{"href":"https:\/\/stoic-curie.212-227-153-4.plesk.page\/hr\/wp-json\/wp\/v2\/product"}],"about":[{"href":"https:\/\/stoic-curie.212-227-153-4.plesk.page\/hr\/wp-json\/wp\/v2\/types\/product"}],"replies":[{"embeddable":true,"href":"https:\/\/stoic-curie.212-227-153-4.plesk.page\/hr\/wp-json\/wp\/v2\/comments?post=742045"}],"version-history":[{"count":0,"href":"https:\/\/stoic-curie.212-227-153-4.plesk.page\/hr\/wp-json\/wp\/v2\/product\/742045\/revisions"}],"wp:featuredmedia":[{"embeddable":true,"href":"https:\/\/stoic-curie.212-227-153-4.plesk.page\/hr\/wp-json\/wp\/v2\/media\/5939495"}],"wp:attachment":[{"href":"https:\/\/stoic-curie.212-227-153-4.plesk.page\/hr\/wp-json\/wp\/v2\/media?parent=742045"}],"wp:term":[{"taxonomy":"product_brand","embeddable":true,"href":"https:\/\/stoic-curie.212-227-153-4.plesk.page\/hr\/wp-json\/wp\/v2\/product_brand?post=742045"},{"taxonomy":"product_cat","embeddable":true,"href":"https:\/\/stoic-curie.212-227-153-4.plesk.page\/hr\/wp-json\/wp\/v2\/product_cat?post=742045"},{"taxonomy":"product_tag","embeddable":true,"href":"https:\/\/stoic-curie.212-227-153-4.plesk.page\/hr\/wp-json\/wp\/v2\/product_tag?post=742045"}],"curies":[{"name":"wp","href":"https:\/\/api.w.org\/{rel}","templated":true}]}}