{"id":742050,"date":"2025-03-03T18:18:35","date_gmt":"2025-03-03T17:18:35","guid":{"rendered":"https:\/\/stoic-curie.212-227-153-4.plesk.page\/producto\/gps-brzinomjer-35-cvorova-uflex-ultra-black-85mm\/"},"modified":"2026-02-25T00:00:58","modified_gmt":"2026-02-25T00:00:58","slug":"gps-brzinomjer-35-cvorova-uflex-ultra-black-85mm","status":"publish","type":"product","link":"https:\/\/stoic-curie.212-227-153-4.plesk.page\/hr\/product\/gps-brzinomjer-35-cvorova-uflex-ultra-black-85mm\/","title":{"rendered":"GPS brzinomjer 35 \u010dvorova Uflex Ultra Black 85mm"},"content":{"rendered":"<p>GPS brzinomjer 35 \u010dvorova Uflex Ultra Black 85mm &#8211; <\/p>\n<p>Uflex IP67 vodootporni instrumenti s dvostrukom oja\u010danom le\u0107om koja sprje\u010dava kondenzaciju. Crni plasti\u010dni okvir i crni broj\u010danik. Univerzalni napon 12\/24V s prilagodljivim crvenim ili \u017eutim pozadinskim osvjetljenjem. Ugradnja sa mogu\u0107no\u0161\u0107u plug-and-play, uklju\u010duju\u0107i povezani Molex konektor. Svi indikatori tlaka, temperature, razine i kuta moraju biti opremljeni senzorima. GPS indikator brzine isporu\u010duje se s prijemnikom i antenom.<\/p>\n","protected":false},"excerpt":{"rendered":"<p>GPS brzinomjer 35 \u010dvorova Uflex Ultra Black 85mm &#8211; Uflex IP67 vodootporni instrumenti s dvostrukom oja\u010danom le\u0107om koja sprje\u010dava kondenzaciju.<\/p>\n","protected":false},"featured_media":5939498,"comment_status":"open","ping_status":"closed","template":"","meta":[],"product_brand":[3501],"product_cat":[1807],"product_tag":[],"class_list":{"0":"post-742050","1":"product","2":"type-product","3":"status-publish","4":"has-post-thumbnail","6":"product_brand-ultraflex-uflex-hr","7":"product_cat-uflex-instrumenti","9":"first","10":"instock","11":"shipping-taxable","12":"purchasable","13":"product-type-simple"},"_links":{"self":[{"href":"https:\/\/stoic-curie.212-227-153-4.plesk.page\/hr\/wp-json\/wp\/v2\/product\/742050","targetHints":{"allow":["GET"]}}],"collection":[{"href":"https:\/\/stoic-curie.212-227-153-4.plesk.page\/hr\/wp-json\/wp\/v2\/product"}],"about":[{"href":"https:\/\/stoic-curie.212-227-153-4.plesk.page\/hr\/wp-json\/wp\/v2\/types\/product"}],"replies":[{"embeddable":true,"href":"https:\/\/stoic-curie.212-227-153-4.plesk.page\/hr\/wp-json\/wp\/v2\/comments?post=742050"}],"version-history":[{"count":0,"href":"https:\/\/stoic-curie.212-227-153-4.plesk.page\/hr\/wp-json\/wp\/v2\/product\/742050\/revisions"}],"wp:featuredmedia":[{"embeddable":true,"href":"https:\/\/stoic-curie.212-227-153-4.plesk.page\/hr\/wp-json\/wp\/v2\/media\/5939498"}],"wp:attachment":[{"href":"https:\/\/stoic-curie.212-227-153-4.plesk.page\/hr\/wp-json\/wp\/v2\/media?parent=742050"}],"wp:term":[{"taxonomy":"product_brand","embeddable":true,"href":"https:\/\/stoic-curie.212-227-153-4.plesk.page\/hr\/wp-json\/wp\/v2\/product_brand?post=742050"},{"taxonomy":"product_cat","embeddable":true,"href":"https:\/\/stoic-curie.212-227-153-4.plesk.page\/hr\/wp-json\/wp\/v2\/product_cat?post=742050"},{"taxonomy":"product_tag","embeddable":true,"href":"https:\/\/stoic-curie.212-227-153-4.plesk.page\/hr\/wp-json\/wp\/v2\/product_tag?post=742050"}],"curies":[{"name":"wp","href":"https:\/\/api.w.org\/{rel}","templated":true}]}}