{"id":742051,"date":"2025-03-03T18:18:36","date_gmt":"2025-03-03T17:18:36","guid":{"rendered":"https:\/\/stoic-curie.212-227-153-4.plesk.page\/producto\/uflex-ultra-white-12-24v-brzinomjer-85mm-35kn\/"},"modified":"2026-02-25T00:00:58","modified_gmt":"2026-02-25T00:00:58","slug":"uflex-ultra-white-12-24v-brzinomjer-85mm-35kn","status":"publish","type":"product","link":"https:\/\/stoic-curie.212-227-153-4.plesk.page\/hr\/product\/uflex-ultra-white-12-24v-brzinomjer-85mm-35kn\/","title":{"rendered":"Uflex Ultra White 12\/24V brzinomjer 85mm &#8211; 35kn"},"content":{"rendered":"<p>Uflex Ultra White 12\/24V brzinomjer 85mm &#8211; 35kn &#8211; <\/p>\n<p>Uflex IP67 vodootporni instrumenti s dvostrukim oja\u010danim anti-kondenzacijskim staklom. Crni plasti\u010dni okvir i bijela broj\u010dana plo\u010da. Univerzalni napon 12\/24V s prilagodljivim crvenim ili \u017eutim pozadinskim osvjetljenjem. Uklju\u010duje jednostavnu instalaciju Plug and Play s povezanim Molex konektorom. Svi indikatori pritiska, temperature, razine i kuta moraju biti opremljeni senzorima. Indikator brzine GPS dolazi s prijemnikom i antenom.<\/p>\n","protected":false},"excerpt":{"rendered":"<p>Uflex Ultra White 12\/24V brzinomjer 85mm &#8211; 35kn &#8211; Uflex IP67 vodootporni instrumenti s dvostrukim oja\u010danim anti-kondenzacijskim staklom. Crni plasti\u010dni<\/p>\n","protected":false},"featured_media":5939511,"comment_status":"open","ping_status":"closed","template":"","meta":[],"product_brand":[3501],"product_cat":[1807],"product_tag":[],"class_list":{"0":"post-742051","1":"product","2":"type-product","3":"status-publish","4":"has-post-thumbnail","6":"product_brand-ultraflex-uflex-hr","7":"product_cat-uflex-instrumenti","9":"first","10":"instock","11":"shipping-taxable","12":"purchasable","13":"product-type-simple"},"_links":{"self":[{"href":"https:\/\/stoic-curie.212-227-153-4.plesk.page\/hr\/wp-json\/wp\/v2\/product\/742051","targetHints":{"allow":["GET"]}}],"collection":[{"href":"https:\/\/stoic-curie.212-227-153-4.plesk.page\/hr\/wp-json\/wp\/v2\/product"}],"about":[{"href":"https:\/\/stoic-curie.212-227-153-4.plesk.page\/hr\/wp-json\/wp\/v2\/types\/product"}],"replies":[{"embeddable":true,"href":"https:\/\/stoic-curie.212-227-153-4.plesk.page\/hr\/wp-json\/wp\/v2\/comments?post=742051"}],"version-history":[{"count":0,"href":"https:\/\/stoic-curie.212-227-153-4.plesk.page\/hr\/wp-json\/wp\/v2\/product\/742051\/revisions"}],"wp:featuredmedia":[{"embeddable":true,"href":"https:\/\/stoic-curie.212-227-153-4.plesk.page\/hr\/wp-json\/wp\/v2\/media\/5939511"}],"wp:attachment":[{"href":"https:\/\/stoic-curie.212-227-153-4.plesk.page\/hr\/wp-json\/wp\/v2\/media?parent=742051"}],"wp:term":[{"taxonomy":"product_brand","embeddable":true,"href":"https:\/\/stoic-curie.212-227-153-4.plesk.page\/hr\/wp-json\/wp\/v2\/product_brand?post=742051"},{"taxonomy":"product_cat","embeddable":true,"href":"https:\/\/stoic-curie.212-227-153-4.plesk.page\/hr\/wp-json\/wp\/v2\/product_cat?post=742051"},{"taxonomy":"product_tag","embeddable":true,"href":"https:\/\/stoic-curie.212-227-153-4.plesk.page\/hr\/wp-json\/wp\/v2\/product_tag?post=742051"}],"curies":[{"name":"wp","href":"https:\/\/api.w.org\/{rel}","templated":true}]}}