{"id":742052,"date":"2025-03-03T18:18:36","date_gmt":"2025-03-03T17:18:36","guid":{"rendered":"https:\/\/stoic-curie.212-227-153-4.plesk.page\/producto\/brojac-sati-uflex-ultra-white-u-rasponu-0-99999h-52mm\/"},"modified":"2026-02-25T00:00:58","modified_gmt":"2026-02-25T00:00:58","slug":"brojac-sati-uflex-ultra-white-u-rasponu-0-99999h-52mm","status":"publish","type":"product","link":"https:\/\/stoic-curie.212-227-153-4.plesk.page\/hr\/product\/brojac-sati-uflex-ultra-white-u-rasponu-0-99999h-52mm\/","title":{"rendered":"Broja\u010d sati Uflex Ultra White u rasponu 0-99999h 52mm"},"content":{"rendered":"<p>Broja\u010d sati Uflex Ultra White u rasponu 0-99999h 52mm &#8211; <\/p>\n<p>Uflex IP67 vodootporni instrumenti s dvojnom oja\u010danom anti-kondenzacijskom le\u0107om. Plasti\u010dni crni okvir i bijela broj\u010danik. Univerzalni napon 12\/24V s mogu\u0107no\u0161\u0107u prilagodbe crvenog ili \u017eutog pozadinskog osvjetljenja. Plug and play instalacija s uklju\u010denim Molex priklju\u010dkom. Svi pokaziva\u010di pritiska, temperature, razine i kuta moraju biti opremljeni senzorima. GPS indikator brzine dolazi s prijemnikom i antenom.<\/p>\n","protected":false},"excerpt":{"rendered":"<p>Broja\u010d sati Uflex Ultra White u rasponu 0-99999h 52mm &#8211; Uflex IP67 vodootporni instrumenti s dvojnom oja\u010danom anti-kondenzacijskom le\u0107om. Plasti\u010dni<\/p>\n","protected":false},"featured_media":5936072,"comment_status":"open","ping_status":"closed","template":"","meta":[],"product_brand":[3501],"product_cat":[1788,1807],"product_tag":[],"class_list":{"0":"post-742052","1":"product","2":"type-product","3":"status-publish","4":"has-post-thumbnail","6":"product_brand-ultraflex-uflex-hr","7":"product_cat-instrumenti-brojaca-okretaja","8":"product_cat-uflex-instrumenti","10":"first","11":"instock","12":"shipping-taxable","13":"purchasable","14":"product-type-simple"},"_links":{"self":[{"href":"https:\/\/stoic-curie.212-227-153-4.plesk.page\/hr\/wp-json\/wp\/v2\/product\/742052","targetHints":{"allow":["GET"]}}],"collection":[{"href":"https:\/\/stoic-curie.212-227-153-4.plesk.page\/hr\/wp-json\/wp\/v2\/product"}],"about":[{"href":"https:\/\/stoic-curie.212-227-153-4.plesk.page\/hr\/wp-json\/wp\/v2\/types\/product"}],"replies":[{"embeddable":true,"href":"https:\/\/stoic-curie.212-227-153-4.plesk.page\/hr\/wp-json\/wp\/v2\/comments?post=742052"}],"version-history":[{"count":0,"href":"https:\/\/stoic-curie.212-227-153-4.plesk.page\/hr\/wp-json\/wp\/v2\/product\/742052\/revisions"}],"wp:featuredmedia":[{"embeddable":true,"href":"https:\/\/stoic-curie.212-227-153-4.plesk.page\/hr\/wp-json\/wp\/v2\/media\/5936072"}],"wp:attachment":[{"href":"https:\/\/stoic-curie.212-227-153-4.plesk.page\/hr\/wp-json\/wp\/v2\/media?parent=742052"}],"wp:term":[{"taxonomy":"product_brand","embeddable":true,"href":"https:\/\/stoic-curie.212-227-153-4.plesk.page\/hr\/wp-json\/wp\/v2\/product_brand?post=742052"},{"taxonomy":"product_cat","embeddable":true,"href":"https:\/\/stoic-curie.212-227-153-4.plesk.page\/hr\/wp-json\/wp\/v2\/product_cat?post=742052"},{"taxonomy":"product_tag","embeddable":true,"href":"https:\/\/stoic-curie.212-227-153-4.plesk.page\/hr\/wp-json\/wp\/v2\/product_tag?post=742052"}],"curies":[{"name":"wp","href":"https:\/\/api.w.org\/{rel}","templated":true}]}}