{"id":742055,"date":"2025-03-03T18:18:37","date_gmt":"2025-03-03T17:18:37","guid":{"rendered":"https:\/\/stoic-curie.212-227-153-4.plesk.page\/producto\/crni-uflex-tahometar-i-brojac-sati-4000-rom-85-mm\/"},"modified":"2026-02-25T00:00:58","modified_gmt":"2026-02-25T00:00:58","slug":"crni-uflex-tahometar-i-brojac-sati-4000-rom-85-mm","status":"publish","type":"product","link":"https:\/\/stoic-curie.212-227-153-4.plesk.page\/hr\/product\/crni-uflex-tahometar-i-brojac-sati-4000-rom-85-mm\/","title":{"rendered":"Crni uflex tahometar i broja\u010d sati, 4000 rom, 85 mm"},"content":{"rendered":"<p>Crni uflex tahometar i broja\u010d sati, 4000 rom, 85 mm &#8211; <\/p>\n<p>Uflex IP67 vodootporni instrumenti s dvostrukim slojem poja\u010danom anti-kondenzacijskom le\u0107om. Crni plasti\u010dni okvir i crna broj\u010danik. Univerzalni napon 12\/24V s prilagodljivim crvenim ili \u017eutim pozadinskim osvjetljenjem. Instalacija &#8216;plug-and-play&#8217; sa sve\u017enjom Molex konektorom. Svi pokaziva\u010di pritiska, temperature, razine i kuta moraju biti dovr\u0161eni sa senzorima. Pokaziva\u010d GPS brzine dolazi s prijemnikom i antenom.<\/p>\n","protected":false},"excerpt":{"rendered":"<p>Crni uflex tahometar i broja\u010d sati, 4000 rom, 85 mm &#8211; Uflex IP67 vodootporni instrumenti s dvostrukim slojem poja\u010danom anti-kondenzacijskom<\/p>\n","protected":false},"featured_media":5943400,"comment_status":"open","ping_status":"closed","template":"","meta":[],"product_brand":[3501],"product_cat":[1788,1807],"product_tag":[],"class_list":{"0":"post-742055","1":"product","2":"type-product","3":"status-publish","4":"has-post-thumbnail","6":"product_brand-ultraflex-uflex-hr","7":"product_cat-instrumenti-brojaca-okretaja","8":"product_cat-uflex-instrumenti","10":"first","11":"instock","12":"shipping-taxable","13":"purchasable","14":"product-type-simple"},"_links":{"self":[{"href":"https:\/\/stoic-curie.212-227-153-4.plesk.page\/hr\/wp-json\/wp\/v2\/product\/742055","targetHints":{"allow":["GET"]}}],"collection":[{"href":"https:\/\/stoic-curie.212-227-153-4.plesk.page\/hr\/wp-json\/wp\/v2\/product"}],"about":[{"href":"https:\/\/stoic-curie.212-227-153-4.plesk.page\/hr\/wp-json\/wp\/v2\/types\/product"}],"replies":[{"embeddable":true,"href":"https:\/\/stoic-curie.212-227-153-4.plesk.page\/hr\/wp-json\/wp\/v2\/comments?post=742055"}],"version-history":[{"count":0,"href":"https:\/\/stoic-curie.212-227-153-4.plesk.page\/hr\/wp-json\/wp\/v2\/product\/742055\/revisions"}],"wp:featuredmedia":[{"embeddable":true,"href":"https:\/\/stoic-curie.212-227-153-4.plesk.page\/hr\/wp-json\/wp\/v2\/media\/5943400"}],"wp:attachment":[{"href":"https:\/\/stoic-curie.212-227-153-4.plesk.page\/hr\/wp-json\/wp\/v2\/media?parent=742055"}],"wp:term":[{"taxonomy":"product_brand","embeddable":true,"href":"https:\/\/stoic-curie.212-227-153-4.plesk.page\/hr\/wp-json\/wp\/v2\/product_brand?post=742055"},{"taxonomy":"product_cat","embeddable":true,"href":"https:\/\/stoic-curie.212-227-153-4.plesk.page\/hr\/wp-json\/wp\/v2\/product_cat?post=742055"},{"taxonomy":"product_tag","embeddable":true,"href":"https:\/\/stoic-curie.212-227-153-4.plesk.page\/hr\/wp-json\/wp\/v2\/product_tag?post=742055"}],"curies":[{"name":"wp","href":"https:\/\/api.w.org\/{rel}","templated":true}]}}