{"id":742058,"date":"2025-03-03T18:18:37","date_gmt":"2025-03-03T17:18:37","guid":{"rendered":"https:\/\/stoic-curie.212-227-153-4.plesk.page\/producto\/kit-instrumenata-za-navigaciju\/"},"modified":"2026-02-25T00:00:58","modified_gmt":"2026-02-25T00:00:58","slug":"kit-instrumenata-za-navigaciju","status":"publish","type":"product","link":"https:\/\/stoic-curie.212-227-153-4.plesk.page\/hr\/product\/kit-instrumenata-za-navigaciju\/","title":{"rendered":"Kit instrumenata za navigaciju"},"content":{"rendered":"<p>Kit instrumenata za navigaciju &#8211; <\/p>\n<p>Kompletna navigacijska oprema za voza\u010dku dozvolu za \u010damac. Sadr\u017ei: <br \/>2 Trostrana trokuta 2430025 <br \/>1 Ru\u010dni delitelj <br \/>1 Olovku i gumicu.<\/p>\n","protected":false},"excerpt":{"rendered":"<p>Kit instrumenata za navigaciju &#8211; Kompletna navigacijska oprema za voza\u010dku dozvolu za \u010damac. Sadr\u017ei: 2 Trostrana trokuta 2430025 1 Ru\u010dni<\/p>\n","protected":false},"featured_media":5943403,"comment_status":"open","ping_status":"closed","template":"","meta":[],"product_brand":[2876],"product_cat":[1774],"product_tag":[],"class_list":{"0":"post-742058","1":"product","2":"type-product","3":"status-publish","4":"has-post-thumbnail","6":"product_brand-davis-hr","7":"product_cat-alati-i-instrumenti-za-navigacijske-karte","9":"first","10":"instock","11":"shipping-taxable","12":"purchasable","13":"product-type-simple"},"_links":{"self":[{"href":"https:\/\/stoic-curie.212-227-153-4.plesk.page\/hr\/wp-json\/wp\/v2\/product\/742058","targetHints":{"allow":["GET"]}}],"collection":[{"href":"https:\/\/stoic-curie.212-227-153-4.plesk.page\/hr\/wp-json\/wp\/v2\/product"}],"about":[{"href":"https:\/\/stoic-curie.212-227-153-4.plesk.page\/hr\/wp-json\/wp\/v2\/types\/product"}],"replies":[{"embeddable":true,"href":"https:\/\/stoic-curie.212-227-153-4.plesk.page\/hr\/wp-json\/wp\/v2\/comments?post=742058"}],"version-history":[{"count":0,"href":"https:\/\/stoic-curie.212-227-153-4.plesk.page\/hr\/wp-json\/wp\/v2\/product\/742058\/revisions"}],"wp:featuredmedia":[{"embeddable":true,"href":"https:\/\/stoic-curie.212-227-153-4.plesk.page\/hr\/wp-json\/wp\/v2\/media\/5943403"}],"wp:attachment":[{"href":"https:\/\/stoic-curie.212-227-153-4.plesk.page\/hr\/wp-json\/wp\/v2\/media?parent=742058"}],"wp:term":[{"taxonomy":"product_brand","embeddable":true,"href":"https:\/\/stoic-curie.212-227-153-4.plesk.page\/hr\/wp-json\/wp\/v2\/product_brand?post=742058"},{"taxonomy":"product_cat","embeddable":true,"href":"https:\/\/stoic-curie.212-227-153-4.plesk.page\/hr\/wp-json\/wp\/v2\/product_cat?post=742058"},{"taxonomy":"product_tag","embeddable":true,"href":"https:\/\/stoic-curie.212-227-153-4.plesk.page\/hr\/wp-json\/wp\/v2\/product_tag?post=742058"}],"curies":[{"name":"wp","href":"https:\/\/api.w.org\/{rel}","templated":true}]}}