{"id":742077,"date":"2025-03-03T18:18:42","date_gmt":"2025-03-03T17:18:42","guid":{"rendered":"https:\/\/stoic-curie.212-227-153-4.plesk.page\/producto\/brodski-konop-crni-classic-28mm-x-100mt\/"},"modified":"2026-02-25T00:00:58","modified_gmt":"2026-02-25T00:00:58","slug":"brodski-konop-crni-classic-28mm-x-100mt","status":"publish","type":"product","link":"https:\/\/stoic-curie.212-227-153-4.plesk.page\/hr\/product\/brodski-konop-crni-classic-28mm-x-100mt\/","title":{"rendered":"Brodski konop crni 28mm x 100mt"},"content":{"rendered":"<p>Brodski konop crni 28mm x 100mt &#8211; <\/p>\n<p>Ova srednja jakost, trostrana poliester u\u017ead je odli\u010dan izbor za sve va\u0161e potrebe vezivanja i sidrenja. Napravljena je od recikliranih plasti\u010dnih PET boca, \u0161to je zaista cool jer je ekolo\u0161ki prihvatljiva! Ova rPET u\u017ead \u0107e raditi jednako dobro kao i obi\u010dna poliester u\u017ead.<\/p>\n<p>U svijetu plovidbe, poliester u\u017ead je vrlo svestran. Mo\u017eete je koristiti za sidrene konopce, vezne konopce, fendere, \u017eivote i \u010dak za podizanje ili vla\u010denje.<\/p>\n<p>Pogledajte neke od sjajnih zna\u010dajki ove u\u017eadi:<\/p>\n<ul>\n<li>Upletena trostrana konstrukcija<\/li>\n<li>Napravljena od sinteti\u010dkih materijala<\/li>\n<li>Zadr\u017eava \u010dvrsto\u0107u \u010dak i kada je vla\u017ena<\/li>\n<li>Otporna na vodu, UV zrake, truljenje i tro\u0161enje<\/li>\n<li>Ne pluta i postaje malo mek\u0161a kada je vla\u017ena<\/li>\n<li>Napravljeno u Europi<\/li>\n<\/ul>\n","protected":false},"excerpt":{"rendered":"<p>Brodski konop crni 28mm x 100mt &#8211; Ova srednja jakost, trostrana poliester u\u017ead je odli\u010dan izbor za sve va\u0161e potrebe<\/p>\n","protected":false},"featured_media":5939641,"comment_status":"open","ping_status":"closed","template":"","meta":[],"product_brand":[3101],"product_cat":[1622,1862],"product_tag":[],"class_list":{"0":"post-742077","1":"product","2":"type-product","3":"status-publish","4":"has-post-thumbnail","6":"product_brand-marco-benvenuti-hr","7":"product_cat-konopi-za-pristajanje-i-privez","8":"product_cat-sidreno-uze","10":"first","11":"instock","12":"shipping-taxable","13":"purchasable","14":"product-type-simple"},"_links":{"self":[{"href":"https:\/\/stoic-curie.212-227-153-4.plesk.page\/hr\/wp-json\/wp\/v2\/product\/742077","targetHints":{"allow":["GET"]}}],"collection":[{"href":"https:\/\/stoic-curie.212-227-153-4.plesk.page\/hr\/wp-json\/wp\/v2\/product"}],"about":[{"href":"https:\/\/stoic-curie.212-227-153-4.plesk.page\/hr\/wp-json\/wp\/v2\/types\/product"}],"replies":[{"embeddable":true,"href":"https:\/\/stoic-curie.212-227-153-4.plesk.page\/hr\/wp-json\/wp\/v2\/comments?post=742077"}],"version-history":[{"count":0,"href":"https:\/\/stoic-curie.212-227-153-4.plesk.page\/hr\/wp-json\/wp\/v2\/product\/742077\/revisions"}],"wp:featuredmedia":[{"embeddable":true,"href":"https:\/\/stoic-curie.212-227-153-4.plesk.page\/hr\/wp-json\/wp\/v2\/media\/5939641"}],"wp:attachment":[{"href":"https:\/\/stoic-curie.212-227-153-4.plesk.page\/hr\/wp-json\/wp\/v2\/media?parent=742077"}],"wp:term":[{"taxonomy":"product_brand","embeddable":true,"href":"https:\/\/stoic-curie.212-227-153-4.plesk.page\/hr\/wp-json\/wp\/v2\/product_brand?post=742077"},{"taxonomy":"product_cat","embeddable":true,"href":"https:\/\/stoic-curie.212-227-153-4.plesk.page\/hr\/wp-json\/wp\/v2\/product_cat?post=742077"},{"taxonomy":"product_tag","embeddable":true,"href":"https:\/\/stoic-curie.212-227-153-4.plesk.page\/hr\/wp-json\/wp\/v2\/product_tag?post=742077"}],"curies":[{"name":"wp","href":"https:\/\/api.w.org\/{rel}","templated":true}]}}