{"id":742082,"date":"2025-03-03T18:18:43","date_gmt":"2025-03-03T17:18:43","guid":{"rendered":"https:\/\/stoic-curie.212-227-153-4.plesk.page\/producto\/tessilmare-bimini-bijeli-4-luka-aluminij-225-x-240-x-h140cm\/"},"modified":"2026-02-25T00:00:58","modified_gmt":"2026-02-25T00:00:58","slug":"tessilmare-bimini-bijeli-4-luka-aluminij-225-x-240-x-h140cm","status":"publish","type":"product","link":"https:\/\/stoic-curie.212-227-153-4.plesk.page\/hr\/product\/tessilmare-bimini-bijeli-4-luka-aluminij-225-x-240-x-h140cm\/","title":{"rendered":"Tessilmare Bimini bijeli 4 luka Aluminij 225 x 240 x H140cm"},"content":{"rendered":"<p>Tessilmare Bimini bijeli 4 luka Aluminij 225 x 240 x H140cm &#8211; <\/p>\n<p style=\"color: rgb(34, 34, 34); font-family: Arial, Helvetica, sans-serif; font-size: small;\">Sa zadovoljstvom predstavljamo Bimini Top Sixty 4 Arches, izra\u0111en od bijelog lakiranog aluminija &#8211; spoj elegancije i izdr\u017eljivosti za va\u0161e plovilo. Ovaj bimini krov sadr\u017ei aluminijsku konstrukciju prekrivenu bijelim slojem koja pobolj\u0161ava njegov vizualni privla\u010dnost, dok osigurava dugotrajnu \u010dvrsto\u0107u. Platno je izra\u0111eno od visokokvalitetnog 100% poliestera, tretiranog s PVC-om za izvanrednu otpornost na habanje, dok odr\u017eava svoj besprijekoran izgled.<\/p>\n<p style=\"color: rgb(34, 34, 34); font-family: Arial, Helvetica, sans-serif; font-size: small;\">Klju\u010dne zna\u010dajke:<\/p>\n<ul style=\"color: rgb(34, 34, 34); font-family: Arial, Helvetica, sans-serif; font-size: small;\">\n<li>Tubusi od aluminija imaju promjer od 25 mm, osiguravaju\u0107i \u010dvrstu i pouzdanu strukturu.<\/li>\n<li>Platno je izra\u0111eno od vodootpornog i UV-otpornog materijala, pru\u017eaju\u0107i za\u0161titu od \u0161tetnih sun\u010devih zraka i neo\u010dekivane ki\u0161e.<\/li>\n<li>Tolerancija okvira postavljena je na +\/- 5%, omogu\u0107uju\u0107i prilagodljivu fit; na primjer, luk \u0161irok 200 cm mo\u017ee varirati od 190 do 210 cm.<\/li>\n<li>Njegov sklopivi dizajn omogu\u0107uje jednostavno skladi\u0161tenje kada se ne koristi, \u0161to ga \u010dini pogodnim izborom za nauti\u010dare koji cijene prakti\u010dnost.<\/li>\n<li>Ovaj bimini krov mo\u017ee podnijeti maksimalnu operativnu brzinu od 60 km\/h (33 \u010dvora), ispunjavaju\u0107i zahtjeve raznih nauti\u010dkih aktivnosti.<\/li>\n<li>Svaka kupnja uklju\u010duje za\u0161titnu navlaku, pri\u010dvr\u0161\u0107enja i napinja\u010de, pru\u017eaju\u0107i sve potrebne komponente za instalaciju i odr\u017eavanje.<\/li>\n<li>Materijal koji se koristi je premium aluminij, osiguravaju\u0107i istovremeno laganu i robustnu izvedbu.<\/li>\n<li>Te\u017ee samo 12 kg, lako je rukovati i instalirati.<\/li>\n<li>Elegantna bijela zavr\u0161na obrada dodaje sofisticiranost va\u0161em plovilu.<\/li>\n<\/ul>\n<p style=\"color: rgb(34, 34, 34); font-family: Arial, Helvetica, sans-serif; font-size: small;\">Ovaj visokokvalitetni bimini krov ne samo da nudi izvanrednu za\u0161titu od elemenata, ve\u0107 tako\u0111er pobolj\u0161ava vizualnu privla\u010dnost i ukupnu eleganciju va\u0161eg plovila, \u010dine\u0107i ga neophodnim dodatkom za svakog ljubitelja plovidbe.<\/p>\n","protected":false},"excerpt":{"rendered":"<p>Tessilmare Bimini bijeli 4 luka Aluminij 225 x 240 x H140cm &#8211; Sa zadovoljstvom predstavljamo Bimini Top Sixty 4 Arches,<\/p>\n","protected":false},"featured_media":5939766,"comment_status":"open","ping_status":"closed","template":"","meta":[],"product_brand":[3481],"product_cat":[1689],"product_tag":[],"class_list":{"0":"post-742082","1":"product","2":"type-product","3":"status-publish","4":"has-post-thumbnail","6":"product_brand-tessilmare-hr","7":"product_cat-bimini-tende","9":"first","10":"outofstock","11":"shipping-taxable","12":"purchasable","13":"product-type-simple"},"_links":{"self":[{"href":"https:\/\/stoic-curie.212-227-153-4.plesk.page\/hr\/wp-json\/wp\/v2\/product\/742082","targetHints":{"allow":["GET"]}}],"collection":[{"href":"https:\/\/stoic-curie.212-227-153-4.plesk.page\/hr\/wp-json\/wp\/v2\/product"}],"about":[{"href":"https:\/\/stoic-curie.212-227-153-4.plesk.page\/hr\/wp-json\/wp\/v2\/types\/product"}],"replies":[{"embeddable":true,"href":"https:\/\/stoic-curie.212-227-153-4.plesk.page\/hr\/wp-json\/wp\/v2\/comments?post=742082"}],"version-history":[{"count":0,"href":"https:\/\/stoic-curie.212-227-153-4.plesk.page\/hr\/wp-json\/wp\/v2\/product\/742082\/revisions"}],"wp:featuredmedia":[{"embeddable":true,"href":"https:\/\/stoic-curie.212-227-153-4.plesk.page\/hr\/wp-json\/wp\/v2\/media\/5939766"}],"wp:attachment":[{"href":"https:\/\/stoic-curie.212-227-153-4.plesk.page\/hr\/wp-json\/wp\/v2\/media?parent=742082"}],"wp:term":[{"taxonomy":"product_brand","embeddable":true,"href":"https:\/\/stoic-curie.212-227-153-4.plesk.page\/hr\/wp-json\/wp\/v2\/product_brand?post=742082"},{"taxonomy":"product_cat","embeddable":true,"href":"https:\/\/stoic-curie.212-227-153-4.plesk.page\/hr\/wp-json\/wp\/v2\/product_cat?post=742082"},{"taxonomy":"product_tag","embeddable":true,"href":"https:\/\/stoic-curie.212-227-153-4.plesk.page\/hr\/wp-json\/wp\/v2\/product_tag?post=742082"}],"curies":[{"name":"wp","href":"https:\/\/api.w.org\/{rel}","templated":true}]}}