{"id":742087,"date":"2025-03-03T18:18:44","date_gmt":"2025-03-03T17:18:44","guid":{"rendered":"https:\/\/stoic-curie.212-227-153-4.plesk.page\/producto\/antal-jednostruk-koloturnik-s-nosacem-70mm-za-konope-od-12-mm\/"},"modified":"2026-02-25T00:00:58","modified_gmt":"2026-02-25T00:00:58","slug":"antal-jednostruk-koloturnik-s-nosacem-70mm-za-konope-od-12-mm","status":"publish","type":"product","link":"https:\/\/stoic-curie.212-227-153-4.plesk.page\/hr\/product\/antal-jednostruk-koloturnik-s-nosacem-70mm-za-konope-od-12-mm\/","title":{"rendered":"Antal jednostruk koloturnik s nosacem 70mm za konope od 12 mm"},"content":{"rendered":"<p>Antal jednostruk koloturnik s nosacem 70mm za konope od 12 mm &#8211; <\/p>\n<p>Jednokomponentni \u010drni aluminijski okvir s teflonom, vrlo robusna blokada bez vijaka i klinova. Kompozitne vlaknaste pulle i dvostruko samosustavnu kugli\u010dnu le\u017eaj koja ne zahtijeva podmazivanje. U kompletu s gornjim dijelom od visokokvalitetnog nehr\u0111aju\u0107eg \u010delika i preklopnikom. Visokokvalitetni materijali jam\u010de visoka optere\u0107enja i izuzetnu lako\u0107u.<\/p>\n","protected":false},"excerpt":{"rendered":"<p>Antal jednostruk koloturnik s nosacem 70mm za konope od 12 mm &#8211; Jednokomponentni \u010drni aluminijski okvir s teflonom, vrlo robusna<\/p>\n","protected":false},"featured_media":5936716,"comment_status":"open","ping_status":"closed","template":"","meta":[],"product_brand":[2786],"product_cat":[1762],"product_tag":[],"class_list":{"0":"post-742087","1":"product","2":"type-product","3":"status-publish","4":"has-post-thumbnail","6":"product_brand-antal-hr","7":"product_cat-antal-koloture-za-jedrilice","9":"first","10":"instock","11":"shipping-taxable","12":"purchasable","13":"product-type-simple"},"_links":{"self":[{"href":"https:\/\/stoic-curie.212-227-153-4.plesk.page\/hr\/wp-json\/wp\/v2\/product\/742087","targetHints":{"allow":["GET"]}}],"collection":[{"href":"https:\/\/stoic-curie.212-227-153-4.plesk.page\/hr\/wp-json\/wp\/v2\/product"}],"about":[{"href":"https:\/\/stoic-curie.212-227-153-4.plesk.page\/hr\/wp-json\/wp\/v2\/types\/product"}],"replies":[{"embeddable":true,"href":"https:\/\/stoic-curie.212-227-153-4.plesk.page\/hr\/wp-json\/wp\/v2\/comments?post=742087"}],"version-history":[{"count":0,"href":"https:\/\/stoic-curie.212-227-153-4.plesk.page\/hr\/wp-json\/wp\/v2\/product\/742087\/revisions"}],"wp:featuredmedia":[{"embeddable":true,"href":"https:\/\/stoic-curie.212-227-153-4.plesk.page\/hr\/wp-json\/wp\/v2\/media\/5936716"}],"wp:attachment":[{"href":"https:\/\/stoic-curie.212-227-153-4.plesk.page\/hr\/wp-json\/wp\/v2\/media?parent=742087"}],"wp:term":[{"taxonomy":"product_brand","embeddable":true,"href":"https:\/\/stoic-curie.212-227-153-4.plesk.page\/hr\/wp-json\/wp\/v2\/product_brand?post=742087"},{"taxonomy":"product_cat","embeddable":true,"href":"https:\/\/stoic-curie.212-227-153-4.plesk.page\/hr\/wp-json\/wp\/v2\/product_cat?post=742087"},{"taxonomy":"product_tag","embeddable":true,"href":"https:\/\/stoic-curie.212-227-153-4.plesk.page\/hr\/wp-json\/wp\/v2\/product_tag?post=742087"}],"curies":[{"name":"wp","href":"https:\/\/api.w.org\/{rel}","templated":true}]}}