{"id":742094,"date":"2025-03-03T18:18:46","date_gmt":"2025-03-03T17:18:46","guid":{"rendered":"https:\/\/stoic-curie.212-227-153-4.plesk.page\/producto\/antal-koloturnik-web-block-70-mm-za-konop-do-12-mm\/"},"modified":"2026-02-25T00:00:58","modified_gmt":"2026-02-25T00:00:58","slug":"antal-koloturnik-web-block-70-mm-za-konop-do-12-mm","status":"publish","type":"product","link":"https:\/\/stoic-curie.212-227-153-4.plesk.page\/hr\/product\/antal-koloturnik-web-block-70-mm-za-konop-do-12-mm\/","title":{"rendered":"Antal koloturnik (web block) 70 mm za konop do 12 mm"},"content":{"rendered":"<p>Antal koloturnik (web block) 70 mm za konop do 12 mm &#8211; <\/p>\n<p>Jednodijelni okvir od crnog oksidiranog aluminija s teflonskom oblogom, vrlo robusna blokada bez vijaka i iglica. Kompozitne vlaknaste pulke i dvostruki samo-zadr\u017eavaju\u0107i kugli\u010dni le\u017eajevi koji ne zahtijevaju podmazivanje. Materijali visoke kvalitete garantiraju visoke radne optere\u0107enja i dodatnu lako\u0107u.<\/p>\n","protected":false},"excerpt":{"rendered":"<p>Antal koloturnik (web block) 70 mm za konop do 12 mm &#8211; Jednodijelni okvir od crnog oksidiranog aluminija s teflonskom<\/p>\n","protected":false},"featured_media":5936744,"comment_status":"open","ping_status":"closed","template":"","meta":[],"product_brand":[2786],"product_cat":[1762],"product_tag":[],"class_list":{"0":"post-742094","1":"product","2":"type-product","3":"status-publish","4":"has-post-thumbnail","6":"product_brand-antal-hr","7":"product_cat-antal-koloture-za-jedrilice","9":"first","10":"outofstock","11":"shipping-taxable","12":"purchasable","13":"product-type-simple"},"_links":{"self":[{"href":"https:\/\/stoic-curie.212-227-153-4.plesk.page\/hr\/wp-json\/wp\/v2\/product\/742094","targetHints":{"allow":["GET"]}}],"collection":[{"href":"https:\/\/stoic-curie.212-227-153-4.plesk.page\/hr\/wp-json\/wp\/v2\/product"}],"about":[{"href":"https:\/\/stoic-curie.212-227-153-4.plesk.page\/hr\/wp-json\/wp\/v2\/types\/product"}],"replies":[{"embeddable":true,"href":"https:\/\/stoic-curie.212-227-153-4.plesk.page\/hr\/wp-json\/wp\/v2\/comments?post=742094"}],"version-history":[{"count":0,"href":"https:\/\/stoic-curie.212-227-153-4.plesk.page\/hr\/wp-json\/wp\/v2\/product\/742094\/revisions"}],"wp:featuredmedia":[{"embeddable":true,"href":"https:\/\/stoic-curie.212-227-153-4.plesk.page\/hr\/wp-json\/wp\/v2\/media\/5936744"}],"wp:attachment":[{"href":"https:\/\/stoic-curie.212-227-153-4.plesk.page\/hr\/wp-json\/wp\/v2\/media?parent=742094"}],"wp:term":[{"taxonomy":"product_brand","embeddable":true,"href":"https:\/\/stoic-curie.212-227-153-4.plesk.page\/hr\/wp-json\/wp\/v2\/product_brand?post=742094"},{"taxonomy":"product_cat","embeddable":true,"href":"https:\/\/stoic-curie.212-227-153-4.plesk.page\/hr\/wp-json\/wp\/v2\/product_cat?post=742094"},{"taxonomy":"product_tag","embeddable":true,"href":"https:\/\/stoic-curie.212-227-153-4.plesk.page\/hr\/wp-json\/wp\/v2\/product_tag?post=742094"}],"curies":[{"name":"wp","href":"https:\/\/api.w.org\/{rel}","templated":true}]}}