{"id":742095,"date":"2025-03-03T18:18:46","date_gmt":"2025-03-03T17:18:46","guid":{"rendered":"https:\/\/stoic-curie.212-227-153-4.plesk.page\/producto\/antal-koloturnik-vertikalni-70-mm-za-konop-12-mm\/"},"modified":"2026-02-25T00:00:58","modified_gmt":"2026-02-25T00:00:58","slug":"antal-koloturnik-vertikalni-70-mm-za-konop-12-mm","status":"publish","type":"product","link":"https:\/\/stoic-curie.212-227-153-4.plesk.page\/hr\/product\/antal-koloturnik-vertikalni-70-mm-za-konop-12-mm\/","title":{"rendered":"Antal koloturnik vertikalni 70 mm za konop 12 mm"},"content":{"rendered":"<p>Antal koloturnik vertikalni 70 mm za konop 12 mm &#8211; <\/p>\n<p>Jednodijelni okvir od crnog oksidiranog aluminija s teflonskom oblogom, vrlo robusna blokada bez vijaka i klinova. Kompozitna vlakna i dvostruki samo-samostalni kugli\u010dni le\u017eajevi koji ne zahtijevaju podmazivanje. Dolazi s vrlo otpornim okretnim dijelom od nehr\u0111aju\u0107eg \u010delika i U-vijkom. Kvalitetni materijali osiguravaju visoke radne optere\u0107enja i dodatnu laganost.<\/p>\n","protected":false},"excerpt":{"rendered":"<p>Antal koloturnik vertikalni 70 mm za konop 12 mm &#8211; Jednodijelni okvir od crnog oksidiranog aluminija s teflonskom oblogom, vrlo<\/p>\n","protected":false},"featured_media":5936761,"comment_status":"open","ping_status":"closed","template":"","meta":[],"product_brand":[2786],"product_cat":[1762],"product_tag":[],"class_list":{"0":"post-742095","1":"product","2":"type-product","3":"status-publish","4":"has-post-thumbnail","6":"product_brand-antal-hr","7":"product_cat-antal-koloture-za-jedrilice","9":"first","10":"outofstock","11":"shipping-taxable","12":"purchasable","13":"product-type-simple"},"_links":{"self":[{"href":"https:\/\/stoic-curie.212-227-153-4.plesk.page\/hr\/wp-json\/wp\/v2\/product\/742095","targetHints":{"allow":["GET"]}}],"collection":[{"href":"https:\/\/stoic-curie.212-227-153-4.plesk.page\/hr\/wp-json\/wp\/v2\/product"}],"about":[{"href":"https:\/\/stoic-curie.212-227-153-4.plesk.page\/hr\/wp-json\/wp\/v2\/types\/product"}],"replies":[{"embeddable":true,"href":"https:\/\/stoic-curie.212-227-153-4.plesk.page\/hr\/wp-json\/wp\/v2\/comments?post=742095"}],"version-history":[{"count":0,"href":"https:\/\/stoic-curie.212-227-153-4.plesk.page\/hr\/wp-json\/wp\/v2\/product\/742095\/revisions"}],"wp:featuredmedia":[{"embeddable":true,"href":"https:\/\/stoic-curie.212-227-153-4.plesk.page\/hr\/wp-json\/wp\/v2\/media\/5936761"}],"wp:attachment":[{"href":"https:\/\/stoic-curie.212-227-153-4.plesk.page\/hr\/wp-json\/wp\/v2\/media?parent=742095"}],"wp:term":[{"taxonomy":"product_brand","embeddable":true,"href":"https:\/\/stoic-curie.212-227-153-4.plesk.page\/hr\/wp-json\/wp\/v2\/product_brand?post=742095"},{"taxonomy":"product_cat","embeddable":true,"href":"https:\/\/stoic-curie.212-227-153-4.plesk.page\/hr\/wp-json\/wp\/v2\/product_cat?post=742095"},{"taxonomy":"product_tag","embeddable":true,"href":"https:\/\/stoic-curie.212-227-153-4.plesk.page\/hr\/wp-json\/wp\/v2\/product_tag?post=742095"}],"curies":[{"name":"wp","href":"https:\/\/api.w.org\/{rel}","templated":true}]}}