{"id":742097,"date":"2025-03-03T18:18:47","date_gmt":"2025-03-03T17:18:47","guid":{"rendered":"https:\/\/stoic-curie.212-227-153-4.plesk.page\/producto\/antal-jednostruki-koloturnik-s-s-nosacem-stoper-60-mm-konop-12-mm\/"},"modified":"2026-02-25T00:00:58","modified_gmt":"2026-02-25T00:00:58","slug":"antal-jednostruki-koloturnik-s-s-nosacem-stoper-60-mm-konop-12-mm","status":"publish","type":"product","link":"https:\/\/stoic-curie.212-227-153-4.plesk.page\/hr\/product\/antal-jednostruki-koloturnik-s-s-nosacem-stoper-60-mm-konop-12-mm\/","title":{"rendered":"Antal jednostruki koloturnik s s nosacem + stoper 60 mm (konop 12 mm)"},"content":{"rendered":"<p>Antal jednostruki koloturnik s s nosacem + stoper 60 mm (konop 12 mm) &#8211; <\/p>\n<p>Jedan komad teflonirane crne oksidirane aluminijske konstrukcije, vrlo robusna blokada bez vijaka i igala. Kompozitna vlakna i dvostruka samodr\u017eiva kugli\u010dna le\u017eajeva koja ne trebaju podmazivanje. Uklju\u010duje visokokvalitetnu rotiraju\u0107u gornju stranu i u\u010dvr\u0161\u0107enje od nehr\u0111aju\u0107eg \u010delika. Materijali visoke kvalitete jam\u010de visoke radne optere\u0107enja i dodatnu lako\u0107u.<\/p>\n","protected":false},"excerpt":{"rendered":"<p>Antal jednostruki koloturnik s s nosacem + stoper 60 mm (konop 12 mm) &#8211; Jedan komad teflonirane crne oksidirane aluminijske<\/p>\n","protected":false},"featured_media":5936716,"comment_status":"open","ping_status":"closed","template":"","meta":[],"product_brand":[2786],"product_cat":[1762],"product_tag":[],"class_list":{"0":"post-742097","1":"product","2":"type-product","3":"status-publish","4":"has-post-thumbnail","6":"product_brand-antal-hr","7":"product_cat-antal-koloture-za-jedrilice","9":"first","10":"outofstock","11":"shipping-taxable","12":"purchasable","13":"product-type-simple"},"_links":{"self":[{"href":"https:\/\/stoic-curie.212-227-153-4.plesk.page\/hr\/wp-json\/wp\/v2\/product\/742097","targetHints":{"allow":["GET"]}}],"collection":[{"href":"https:\/\/stoic-curie.212-227-153-4.plesk.page\/hr\/wp-json\/wp\/v2\/product"}],"about":[{"href":"https:\/\/stoic-curie.212-227-153-4.plesk.page\/hr\/wp-json\/wp\/v2\/types\/product"}],"replies":[{"embeddable":true,"href":"https:\/\/stoic-curie.212-227-153-4.plesk.page\/hr\/wp-json\/wp\/v2\/comments?post=742097"}],"version-history":[{"count":0,"href":"https:\/\/stoic-curie.212-227-153-4.plesk.page\/hr\/wp-json\/wp\/v2\/product\/742097\/revisions"}],"wp:featuredmedia":[{"embeddable":true,"href":"https:\/\/stoic-curie.212-227-153-4.plesk.page\/hr\/wp-json\/wp\/v2\/media\/5936716"}],"wp:attachment":[{"href":"https:\/\/stoic-curie.212-227-153-4.plesk.page\/hr\/wp-json\/wp\/v2\/media?parent=742097"}],"wp:term":[{"taxonomy":"product_brand","embeddable":true,"href":"https:\/\/stoic-curie.212-227-153-4.plesk.page\/hr\/wp-json\/wp\/v2\/product_brand?post=742097"},{"taxonomy":"product_cat","embeddable":true,"href":"https:\/\/stoic-curie.212-227-153-4.plesk.page\/hr\/wp-json\/wp\/v2\/product_cat?post=742097"},{"taxonomy":"product_tag","embeddable":true,"href":"https:\/\/stoic-curie.212-227-153-4.plesk.page\/hr\/wp-json\/wp\/v2\/product_tag?post=742097"}],"curies":[{"name":"wp","href":"https:\/\/api.w.org\/{rel}","templated":true}]}}