{"id":742099,"date":"2025-03-03T18:18:47","date_gmt":"2025-03-03T17:18:47","guid":{"rendered":"https:\/\/stoic-curie.212-227-153-4.plesk.page\/producto\/antal-kolotura-violinski-tip-sa-nosacem-stoper-70mm-za-12mm-strune\/"},"modified":"2026-02-25T00:00:58","modified_gmt":"2026-02-25T00:00:58","slug":"antal-kolotura-violinski-tip-sa-nosacem-stoper-70mm-za-12mm-strune","status":"publish","type":"product","link":"https:\/\/stoic-curie.212-227-153-4.plesk.page\/hr\/product\/antal-kolotura-violinski-tip-sa-nosacem-stoper-70mm-za-12mm-strune\/","title":{"rendered":"Antal kolotura violinski tip sa nosa\u010dem + \u0161toper 70mm za 12mm strune"},"content":{"rendered":"<p>Antal kolotura violinski tip sa nosa\u010dem + \u0161toper 70mm za 12mm strune &#8211; <\/p>\n<p>Jedinstveni okvir od crnog oksidiranog aluminija s teflonskom oblogom, vrlo robusna blokada bez vijaka i klinova. Kompozitne vlaknaste pulleys i dvostruka samodovoljna kugli\u010dna le\u017eaja koja ne zahtijeva podmazivanje. Potpuno opremljen s rotiraju\u0107im dijelom od nehr\u0111aju\u0107eg \u010delika visoke otpornosti i kuku. Visokokvalitetni materijali jam\u010de visoka optere\u0107enja i dodatnu lako\u0107u.<\/p>\n","protected":false},"excerpt":{"rendered":"<p>Antal kolotura violinski tip sa nosa\u010dem + \u0161toper 70mm za 12mm strune &#8211; Jedinstveni okvir od crnog oksidiranog aluminija s<\/p>\n","protected":false},"featured_media":5936751,"comment_status":"open","ping_status":"closed","template":"","meta":[],"product_brand":[2786],"product_cat":[1762],"product_tag":[],"class_list":{"0":"post-742099","1":"product","2":"type-product","3":"status-publish","4":"has-post-thumbnail","6":"product_brand-antal-hr","7":"product_cat-antal-koloture-za-jedrilice","9":"first","10":"outofstock","11":"shipping-taxable","12":"purchasable","13":"product-type-simple"},"_links":{"self":[{"href":"https:\/\/stoic-curie.212-227-153-4.plesk.page\/hr\/wp-json\/wp\/v2\/product\/742099","targetHints":{"allow":["GET"]}}],"collection":[{"href":"https:\/\/stoic-curie.212-227-153-4.plesk.page\/hr\/wp-json\/wp\/v2\/product"}],"about":[{"href":"https:\/\/stoic-curie.212-227-153-4.plesk.page\/hr\/wp-json\/wp\/v2\/types\/product"}],"replies":[{"embeddable":true,"href":"https:\/\/stoic-curie.212-227-153-4.plesk.page\/hr\/wp-json\/wp\/v2\/comments?post=742099"}],"version-history":[{"count":0,"href":"https:\/\/stoic-curie.212-227-153-4.plesk.page\/hr\/wp-json\/wp\/v2\/product\/742099\/revisions"}],"wp:featuredmedia":[{"embeddable":true,"href":"https:\/\/stoic-curie.212-227-153-4.plesk.page\/hr\/wp-json\/wp\/v2\/media\/5936751"}],"wp:attachment":[{"href":"https:\/\/stoic-curie.212-227-153-4.plesk.page\/hr\/wp-json\/wp\/v2\/media?parent=742099"}],"wp:term":[{"taxonomy":"product_brand","embeddable":true,"href":"https:\/\/stoic-curie.212-227-153-4.plesk.page\/hr\/wp-json\/wp\/v2\/product_brand?post=742099"},{"taxonomy":"product_cat","embeddable":true,"href":"https:\/\/stoic-curie.212-227-153-4.plesk.page\/hr\/wp-json\/wp\/v2\/product_cat?post=742099"},{"taxonomy":"product_tag","embeddable":true,"href":"https:\/\/stoic-curie.212-227-153-4.plesk.page\/hr\/wp-json\/wp\/v2\/product_tag?post=742099"}],"curies":[{"name":"wp","href":"https:\/\/api.w.org\/{rel}","templated":true}]}}