{"id":742104,"date":"2025-03-03T18:18:48","date_gmt":"2025-03-03T17:18:48","guid":{"rendered":"https:\/\/stoic-curie.212-227-153-4.plesk.page\/producto\/uvucena-kolotura-dvostruka-vrpca-micro-19mm-za-linije-do-6mm\/"},"modified":"2026-02-25T00:00:58","modified_gmt":"2026-02-25T00:00:58","slug":"uvucena-kolotura-dvostruka-vrpca-micro-19mm-za-linije-do-6mm","status":"publish","type":"product","link":"https:\/\/stoic-curie.212-227-153-4.plesk.page\/hr\/product\/uvucena-kolotura-dvostruka-vrpca-micro-19mm-za-linije-do-6mm\/","title":{"rendered":"Uvu\u010dena kolotura Dvostruka vrpca Micro 19mm za linije do 6mm"},"content":{"rendered":"<p>Uvu\u010dena kolotura Dvostruka vrpca Micro 19mm za linije do 6mm &#8211; <\/p>\n<p>Kugli\u010dni le\u017eajevi HS blokovi za u\u017ee do 6 mm. Kugli\u010dni le\u017eajevi: Nehr\u0111aju\u0107i \u010delik. Promjer \u0161pulne 19 mm: UV-otporna Hi-Q plastika. Bo\u010dne strane: Nehr\u0111aju\u0107i \u010delik. Prekidna otpornost: 450 kg.<\/p>\n","protected":false},"excerpt":{"rendered":"<p>Uvu\u010dena kolotura Dvostruka vrpca Micro 19mm za linije do 6mm &#8211; Kugli\u010dni le\u017eajevi HS blokovi za u\u017ee do 6 mm.<\/p>\n","protected":false},"featured_media":5939843,"comment_status":"open","ping_status":"closed","template":"","meta":[],"product_brand":[3431,2218],"product_cat":[1769],"product_tag":[],"class_list":{"0":"post-742104","1":"product","2":"type-product","3":"status-publish","4":"has-post-thumbnail","6":"product_brand-sprenger-hs-hr","7":"product_brand-sprenger-hs","8":"product_cat-koloture-za-jedrilice-sprenger","10":"first","11":"instock","12":"shipping-taxable","13":"purchasable","14":"product-type-simple"},"_links":{"self":[{"href":"https:\/\/stoic-curie.212-227-153-4.plesk.page\/hr\/wp-json\/wp\/v2\/product\/742104","targetHints":{"allow":["GET"]}}],"collection":[{"href":"https:\/\/stoic-curie.212-227-153-4.plesk.page\/hr\/wp-json\/wp\/v2\/product"}],"about":[{"href":"https:\/\/stoic-curie.212-227-153-4.plesk.page\/hr\/wp-json\/wp\/v2\/types\/product"}],"replies":[{"embeddable":true,"href":"https:\/\/stoic-curie.212-227-153-4.plesk.page\/hr\/wp-json\/wp\/v2\/comments?post=742104"}],"version-history":[{"count":0,"href":"https:\/\/stoic-curie.212-227-153-4.plesk.page\/hr\/wp-json\/wp\/v2\/product\/742104\/revisions"}],"wp:featuredmedia":[{"embeddable":true,"href":"https:\/\/stoic-curie.212-227-153-4.plesk.page\/hr\/wp-json\/wp\/v2\/media\/5939843"}],"wp:attachment":[{"href":"https:\/\/stoic-curie.212-227-153-4.plesk.page\/hr\/wp-json\/wp\/v2\/media?parent=742104"}],"wp:term":[{"taxonomy":"product_brand","embeddable":true,"href":"https:\/\/stoic-curie.212-227-153-4.plesk.page\/hr\/wp-json\/wp\/v2\/product_brand?post=742104"},{"taxonomy":"product_cat","embeddable":true,"href":"https:\/\/stoic-curie.212-227-153-4.plesk.page\/hr\/wp-json\/wp\/v2\/product_cat?post=742104"},{"taxonomy":"product_tag","embeddable":true,"href":"https:\/\/stoic-curie.212-227-153-4.plesk.page\/hr\/wp-json\/wp\/v2\/product_tag?post=742104"}],"curies":[{"name":"wp","href":"https:\/\/api.w.org\/{rel}","templated":true}]}}